{"id":89,"date":"2016-11-30T17:15:30","date_gmt":"2016-11-30T16:15:30","guid":{"rendered":"http:\/\/aedmus.com\/?page_id=89"},"modified":"2025-12-13T10:56:31","modified_gmt":"2025-12-13T09:56:31","slug":"comment-la-voix-peut-etre-utilisee-comme-un-instrument-de-musique","status":"publish","type":"page","link":"https:\/\/aedmus.com\/index.php\/6eme\/comment-la-voix-peut-etre-utilisee-comme-un-instrument-de-musique\/","title":{"rendered":"La voix est-elle un instrument de musique comme les autres ?"},"content":{"rendered":"\n<p>O\u00f9 sont mes cordes vocales, comment fonctionnent elles ? Peut-on classer les voix selon leurs hauteurs ?<\/p>\n\n\n\n<p>La voix est un instrument \u00e0 part, il est \u00e0 l&rsquo;int\u00e9rieur de nous et est sans conteste l&rsquo;instrument qui dispose de la palette cr\u00e9ative la plus large et la plus diverse.<\/p>\n\n\n<div class=\"wp-block-image\">\n<figure class=\"alignright\"><a href=\"http:\/\/bobbymcferrin.com\/sing-and-play-with-bobby\/\" rel=\"noopener\"><img loading=\"lazy\" decoding=\"async\" width=\"300\" height=\"214\" src=\"https:\/\/aedmus.com\/wp-content\/uploads\/2016\/11\/Bobby-AP-300x214.jpg\" alt=\"FILE - In this Jan. 27, 2010 file photo, Bobby McFerrin performs at the jazz festival in Kiev, Ukraine. Paul Simon probably never had a vocal partner quite like Bobby McFerrin, who coaxed him onstage for an impromptu performance of a Simon and Garfunkel hit _ the highlight of opening night of Jazz at Lincoln Center's 25th anniversary season, Friday, Sept. 14, 2012 in New York. (AP Photo\/Efrem Lukatsky, File)\" class=\"wp-image-90\" srcset=\"https:\/\/aedmus.com\/wp-content\/uploads\/2016\/11\/Bobby-AP-300x214.jpg 300w, https:\/\/aedmus.com\/wp-content\/uploads\/2016\/11\/Bobby-AP-768x549.jpg 768w, https:\/\/aedmus.com\/wp-content\/uploads\/2016\/11\/Bobby-AP-1024x731.jpg 1024w, https:\/\/aedmus.com\/wp-content\/uploads\/2016\/11\/Bobby-AP-370x264.jpg 370w, https:\/\/aedmus.com\/wp-content\/uploads\/2016\/11\/Bobby-AP-1040x743.jpg 1040w, https:\/\/aedmus.com\/wp-content\/uploads\/2016\/11\/Bobby-AP.jpg 1050w\" sizes=\"auto, (max-width: 300px) 100vw, 300px\" \/><\/a><figcaption class=\"wp-element-caption\">Bobby McFerrin en 2010, Surprise en cliquant sur la photo<\/figcaption><\/figure>\n<\/div>\n\n\n<p>Nous verrons diff\u00e9rentes utilisations de la voix, tant dans le r\u00e9pertoire savant que dans le r\u00e9pertoire populaire ou traditionnel.<\/p>\n\n\n\n<p>Mais au fait comment fonctionne-t-elle ? Combien a-t-on de cordes vocales ?<\/p>\n\n\n\n<p>Patience, vous saurez tout tout tout sur le&#8230; Larynx !<\/p>\n\n\n\n<hr class=\"wp-block-separator has-css-opacity\"\/>\n\n\n\n<p>Le coin des curieux :<\/p>\n\n\n\n<p>Et vous, qu&rsquo;elle est votre voix pr\u00e9f\u00e9r\u00e9e, quelle voix vous a surpris(e) ? Proposez vos id\u00e9es et vos choix, dites nous pourquoi cette voix vous a touch\u00e9&#8230;<\/p>\n\n\n\n<figure><iframe loading=\"lazy\" src=\"https:\/\/www.youtube.com\/embed\/h-d4PlcAGb4\" width=\"420\" height=\"315\" frameborder=\"0\" allowfullscreen=\"allowfullscreen\"><\/iframe><\/figure>\n\n\n\n<p><strong><span style=\"font-size: 25px; color: #210b61;\"><strong>Les Mills Brothers<\/strong><\/span><\/strong> : une contrebasse, des cuivres, une trompette&#8230; Et tout \u00e7a avec seulement deux cordes vocales !<br><\/p>\n\n\n\n<hr class=\"wp-block-separator has-css-opacity\"\/>\n\n\n\n<p>Par ici les fiches de cours<\/p>\n\n\n\n<figure class=\"wp-block-table\"><table><tbody><tr><td>&nbsp;<strong>Fiche 6eme<\/strong><figure><a href=\"https:\/\/aedmus.com\/wp-content\/uploads\/2016\/11\/voix-bobby-fiche-eleve-6eme.pdf\"><img loading=\"lazy\" decoding=\"async\" class=\"alignnone wp-image-93\" src=\"https:\/\/aedmus.com\/wp-content\/uploads\/2016\/11\/voix-bobby-fiche-eleve-6eme-212x300.jpg\" alt=\"voix-bobby-fiche-eleve-6eme\" width=\"198\" height=\"280\" srcset=\"https:\/\/aedmus.com\/wp-content\/uploads\/2016\/11\/voix-bobby-fiche-eleve-6eme-212x300.jpg 212w, https:\/\/aedmus.com\/wp-content\/uploads\/2016\/11\/voix-bobby-fiche-eleve-6eme-768x1086.jpg 768w, https:\/\/aedmus.com\/wp-content\/uploads\/2016\/11\/voix-bobby-fiche-eleve-6eme-724x1024.jpg 724w, https:\/\/aedmus.com\/wp-content\/uploads\/2016\/11\/voix-bobby-fiche-eleve-6eme-370x523.jpg 370w, https:\/\/aedmus.com\/wp-content\/uploads\/2016\/11\/voix-bobby-fiche-eleve-6eme-1040x1471.jpg 1040w, https:\/\/aedmus.com\/wp-content\/uploads\/2016\/11\/voix-bobby-fiche-eleve-6eme.jpg 1240w\" sizes=\"auto, (max-width: 198px) 100vw, 198px\" \/><\/a><\/figure><\/td><td>&nbsp;&nbsp;<figure><a href=\"https:\/\/aedmus.com\/wp-content\/uploads\/2016\/11\/la-voix-physiologie.pdf\"><img loading=\"lazy\" decoding=\"async\" class=\"wp-image-95 aligncenter\" src=\"https:\/\/aedmus.com\/wp-content\/uploads\/2016\/11\/la-voix-physiologie-212x300.jpg\" alt=\"la-voix-physiologie\" width=\"231\" height=\"326\" srcset=\"https:\/\/aedmus.com\/wp-content\/uploads\/2016\/11\/la-voix-physiologie-212x300.jpg 212w, https:\/\/aedmus.com\/wp-content\/uploads\/2016\/11\/la-voix-physiologie-768x1086.jpg 768w, https:\/\/aedmus.com\/wp-content\/uploads\/2016\/11\/la-voix-physiologie-724x1024.jpg 724w, https:\/\/aedmus.com\/wp-content\/uploads\/2016\/11\/la-voix-physiologie-370x523.jpg 370w, https:\/\/aedmus.com\/wp-content\/uploads\/2016\/11\/la-voix-physiologie-1040x1471.jpg 1040w, https:\/\/aedmus.com\/wp-content\/uploads\/2016\/11\/la-voix-physiologie.jpg 1240w\" sizes=\"auto, (max-width: 231px) 100vw, 231px\" \/><\/a><\/figure><\/td><td><strong>Fiche 4eme<\/strong><figure><a href=\"https:\/\/aedmus.com\/wp-content\/uploads\/2018\/01\/COURS_prof_la_voix_plans_bobby_4e.pdf\"><img loading=\"lazy\" decoding=\"async\" class=\"aligncenter wp-image-511\" src=\"https:\/\/aedmus.com\/wp-content\/uploads\/2018\/01\/COURS_prof_la_voix_plans_bobby_4e-212x300.jpg\" alt=\"\" width=\"234\" height=\"331\" srcset=\"https:\/\/aedmus.com\/wp-content\/uploads\/2018\/01\/COURS_prof_la_voix_plans_bobby_4e-212x300.jpg 212w, https:\/\/aedmus.com\/wp-content\/uploads\/2018\/01\/COURS_prof_la_voix_plans_bobby_4e-768x1086.jpg 768w, https:\/\/aedmus.com\/wp-content\/uploads\/2018\/01\/COURS_prof_la_voix_plans_bobby_4e-724x1024.jpg 724w, https:\/\/aedmus.com\/wp-content\/uploads\/2018\/01\/COURS_prof_la_voix_plans_bobby_4e-370x523.jpg 370w, https:\/\/aedmus.com\/wp-content\/uploads\/2018\/01\/COURS_prof_la_voix_plans_bobby_4e-1040x1471.jpg 1040w, https:\/\/aedmus.com\/wp-content\/uploads\/2018\/01\/COURS_prof_la_voix_plans_bobby_4e.jpg 1240w\" sizes=\"auto, (max-width: 234px) 100vw, 234px\" \/><\/a><\/figure><\/td><\/tr><\/tbody><\/table><\/figure>\n\n\n\n<div class=\"wp-block-buttons is-layout-flex wp-block-buttons-is-layout-flex\">\n<div class=\"wp-block-button\"><a class=\"wp-block-button__link wp-element-button\" href=\"https:\/\/drive.google.com\/file\/d\/1E754zgBwpuuWFumzPxrjBhqs2STh4q0_\/view?usp=sharing\">Fiche bobby 3e &amp; tessitures \u00e9l\u00e8ves<\/a><\/div>\n\n\n\n<div class=\"wp-block-button\"><a class=\"wp-block-button__link wp-element-button\" href=\"https:\/\/drive.google.com\/file\/d\/11btlv5YNiVqnazJshkBQ70R_PF_2dI8-\/view?usp=sharing\">Fiche physiologie de la voix Eleves<\/a><\/div>\n\n\n<\/div>\n\n\n\n<hr class=\"wp-block-separator has-css-opacity\"\/>\n\n\n\n<hr class=\"wp-block-separator has-css-opacity\"\/>\n\n\n\n<h2 class=\"wp-block-heading\">Un point sur les tessitures : Classer la voix !<\/h2>\n\n\n\n<figure class=\"wp-block-embed is-type-video is-provider-youtube wp-block-embed-youtube wp-embed-aspect-16-9 wp-has-aspect-ratio\"><div class=\"wp-block-embed__wrapper\">\n<iframe loading=\"lazy\" title=\"Les myst\u00e8res de la voix\u200b \ud83d\udce2 | Va Savoir #12\" width=\"676\" height=\"380\" src=\"https:\/\/www.youtube.com\/embed\/Wdet_J5RdhY?feature=oembed\" frameborder=\"0\" allow=\"accelerometer; autoplay; clipboard-write; encrypted-media; gyroscope; picture-in-picture; web-share\" referrerpolicy=\"strict-origin-when-cross-origin\" allowfullscreen><\/iframe>\n<\/div><\/figure>\n\n\n\n<hr class=\"wp-block-separator has-alpha-channel-opacity\"\/>\n\n\n\n<figure class=\"wp-block-image size-large\"><a href=\"https:\/\/aedmus.com\/wp-content\/uploads\/2025\/12\/tessitures-martelo-IA.jpg\"><img loading=\"lazy\" decoding=\"async\" width=\"1024\" height=\"558\" src=\"https:\/\/aedmus.com\/wp-content\/uploads\/2025\/12\/tessitures-martelo-IA-1024x558.jpg\" alt=\"\" class=\"wp-image-1734\" srcset=\"https:\/\/aedmus.com\/wp-content\/uploads\/2025\/12\/tessitures-martelo-IA-1024x558.jpg 1024w, https:\/\/aedmus.com\/wp-content\/uploads\/2025\/12\/tessitures-martelo-IA-300x164.jpg 300w, https:\/\/aedmus.com\/wp-content\/uploads\/2025\/12\/tessitures-martelo-IA-768x419.jpg 768w, https:\/\/aedmus.com\/wp-content\/uploads\/2025\/12\/tessitures-martelo-IA-1536x838.jpg 1536w, https:\/\/aedmus.com\/wp-content\/uploads\/2025\/12\/tessitures-martelo-IA-2048x1117.jpg 2048w, https:\/\/aedmus.com\/wp-content\/uploads\/2025\/12\/tessitures-martelo-IA-600x327.jpg 600w, https:\/\/aedmus.com\/wp-content\/uploads\/2025\/12\/tessitures-martelo-IA-945x515.jpg 945w\" sizes=\"auto, (max-width: 1024px) 100vw, 1024px\" \/><\/a><figcaption class=\"wp-element-caption\">Illustration IA Nicolas Martello<\/figcaption><\/figure>\n\n\n\n<p>Tout est <a href=\"https:\/\/www.cite-sciences.fr\/fr\/au-programme\/lieux-ressources\/bibliotheque\/chercher-trouver\/ressources-en-ligne\/dossiers\/les-mysteres-de-la-voix\/zooms-sur-les-tessitures\" target=\"_blank\" rel=\"noreferrer noopener\">l\u00e0<\/a>, organisation \u00e0 venir<\/p>\n\n\n\n<hr class=\"wp-block-separator has-alpha-channel-opacity\"\/>\n\n\n\n<p><span style=\"font-size: 25px; color: #210b61;\">Pr\u00e9sentation du cours<\/span><\/p>\n\n\n\n<p>Attention, cette pr\u00e9sentation est en cours de r\u00e9alisation pour des raisons techniques (crash du logs, pr\u00e9sentation \u00e0 refaire&#8230;)<\/p>\n\n\n\n<iframe loading=\"lazy\" src=\"https:\/\/docs.google.com\/presentation\/d\/e\/2PACX-1vSMIrprpiBEvaIWTXCdsJGB0NTaz2Pnrhc7FoZXXhpm9qds0LBUUI8QgVI1v8g6NUe9uj6Lr_NArSmG\/embed?start=false&amp;loop=false&amp;delayms=60000\" frameborder=\"0\" width=\"960\" height=\"569\" allowfullscreen=\"true\" mozallowfullscreen=\"true\" webkitallowfullscreen=\"true\"><\/iframe>\n\n\n\n<hr class=\"wp-block-separator has-css-opacity\"\/>\n\n\n\n<p>OPTION du moment<\/p>\n\n\n\n<p>voici trois pi\u00e8ces musicales que vous pouvez comparer avec quelques mots de vocabulaire par la suite<\/p>\n\n\n\n<iframe loading=\"lazy\" width=\"1131\" height=\"636\" src=\"https:\/\/www.youtube.com\/embed\/nlCPOCwo3FY?list=PLaeNAYMxwIyoTCdvTEtgpAsfT84GYKBMI\" frameborder=\"0\" allow=\"accelerometer; autoplay; encrypted-media; gyroscope; picture-in-picture\" allowfullscreen=\"\"><\/iframe>\n\n\n\n<hr class=\"wp-block-separator has-css-opacity\"\/>\n\n\n\n<iframe loading=\"lazy\" width=\"1131\" height=\"636\" src=\"https:\/\/www.youtube.com\/embed\/0SJIgTLe0hc\" frameborder=\"0\" allow=\"accelerometer; autoplay; encrypted-media; gyroscope; picture-in-picture\" allowfullscreen=\"\"><\/iframe>\n\n\n\n<hr class=\"wp-block-separator has-css-opacity\"\/>\n\n\n\n<iframe loading=\"lazy\" width=\"1131\" height=\"636\" src=\"https:\/\/www.youtube.com\/embed\/DaeJu6E78Uk\" frameborder=\"0\" allow=\"accelerometer; autoplay; encrypted-media; gyroscope; picture-in-picture\" allowfullscreen=\"\"><\/iframe>\n\n\n\n<p>Aide au commentaire compar\u00e9 : vocabulaire, m\u00e9thodologie, organisation.<\/p>\n\n\n\n<figure><iframe loading=\"lazy\" src=\"https:\/\/docs.google.com\/document\/d\/e\/2PACX-1vRRUO6v9nQGX0k0P3kIY7ug56L0UJKBkfrwoVrB0FLKD7myiGY6jcHmxgwQjkXo914fR8lkDZce9Sli\/pub?embedded=true\" width=\"900\" height=\"450\"><span data-mce-type=\"bookmark\" style=\"display: inline-block; width: 0px; overflow: hidden; line-height: 0;\" class=\"mce_SELRES_start\">\ufeff<\/span><\/iframe><\/figure>\n\n\n\n<hr class=\"wp-block-separator has-css-opacity\"\/>\n\n\n\n<p>Avec la voix, n pourrait ne jamais s&rsquo;arr\u00eater&#8230; Voici Phillippe Jarousky, sa tessiture est contretenor, un homme qui chante avec son \u00ab\u00a0registre de t\u00eate\u00a0\u00bb. Il peut chanter aussi haut qu&rsquo;une voix de femme alto ! amusez vous \u00e0 comparer les deux \ud83d\ude09<\/p>\n\n\n\n<p><strong>Voix de contretenor, r\u00e9pertoire baroque<\/strong><\/p>\n\n\n<p><iframe loading=\"lazy\" title=\"Philippe Jaroussky records Handel&#039;s Partenope &#039;Furibondo spira il vento&#039;\" width=\"676\" height=\"380\" src=\"https:\/\/www.youtube.com\/embed\/cLR8Y5AsiHg?feature=oembed\" frameborder=\"0\" allow=\"accelerometer; autoplay; clipboard-write; encrypted-media; gyroscope; picture-in-picture; web-share\" referrerpolicy=\"strict-origin-when-cross-origin\" allowfullscreen><\/iframe><\/p>\n\n\n<p><iframe loading=\"lazy\" src=\"https:\/\/embed.radiofrance.fr\/francemusique\/diffusion\/6f5f4d4d-8ec5-4d74-b9b3-d8d8ecf978a9\" frameborder=\"0\" width=\"100%\" height=\"auto\"><\/iframe><\/p>\n\n\n\n<p><strong>Voix d&rsquo;alto, repertoire Baroque<\/strong><\/p>\n\n\n<p><iframe loading=\"lazy\" title=\"Agitata infidu flatu, Delphine Galou \/ Accademia Bizantina, Ottavio Dantone \/ A. Vivaldi\" width=\"676\" height=\"380\" src=\"https:\/\/www.youtube.com\/embed\/Fear-MriD9M?feature=oembed\" frameborder=\"0\" allow=\"accelerometer; autoplay; clipboard-write; encrypted-media; gyroscope; picture-in-picture; web-share\" referrerpolicy=\"strict-origin-when-cross-origin\" allowfullscreen><\/iframe><\/p>\n\n\n\n<hr class=\"wp-block-separator has-alpha-channel-opacity\"\/>\n\n\n\n<p>Un exemple d&rsquo;une oeuvre instrumetale interpr\u00e9t\u00e9e \u00e0 la voix, la suite N\u00b01 pour violoncel Bwv 1007, Menuet 1 et 2. L&rsquo;une par Gretchen Parlato, l&rsquo;autre par Luciana Swart<\/p>\n\n\n<p><iframe loading=\"lazy\"\n        src=\"https:\/\/widget.qobuz.com\/track\/104632940?zone=FR-fr\"\n        width=\"150\"\n        height=\"150\"\n      ><\/p>\n<p>Your browser does not support iframes.<\/p>\n<p>      <\/iframe><\/p>\n\n\n\n<figure class=\"wp-block-embed is-type-video is-provider-youtube wp-block-embed-youtube wp-embed-aspect-16-9 wp-has-aspect-ratio\"><div class=\"wp-block-embed__wrapper\">\n<iframe loading=\"lazy\" title=\"Bach - Cello Suite no. 1 in G major BWV 1007 - Swarts | Netherlands Bach Society\" width=\"676\" height=\"380\" src=\"https:\/\/www.youtube.com\/embed\/cGnZHIY_hoQ?start=726&#038;feature=oembed\" frameborder=\"0\" allow=\"accelerometer; autoplay; clipboard-write; encrypted-media; gyroscope; picture-in-picture; web-share\" referrerpolicy=\"strict-origin-when-cross-origin\" allowfullscreen><\/iframe>\n<\/div><\/figure>\n\n\n\n<hr class=\"wp-block-separator has-alpha-channel-opacity\"\/>\n\n\n\n<p>Encore des registres de voix incroyables. Ne faites pas \u00e7a sans y avoir \u00e9t\u00e9 invit\u00e9 ! <\/p>\n\n\n\n<p>Et surtout il faut faire bien attention \u00e0 ses cordes vocales. Chanter ainsi sans \u00e9chauffement, entrainement, guide, c&rsquo;est se mettre en danger. Cette technique vocale s&rsquo;apprend, au m\u00eame titre que la technique lyrique.. (d&rsquo;utre exemples <a href=\"https:\/\/www.youtube.com\/watch?v=SQNtGoM3FVU&amp;ab_channel=NapalmRecords\">ici<\/a>)<\/p>\n\n\n\n<figure class=\"wp-block-embed is-type-video is-provider-youtube wp-block-embed-youtube wp-embed-aspect-16-9 wp-has-aspect-ratio\"><div class=\"wp-block-embed__wrapper\">\n<iframe loading=\"lazy\" title=\"JINJER - Judgement (&amp; Punishment) - Tatiana Shmayluk - One Take Vocal Performance\" width=\"676\" height=\"380\" src=\"https:\/\/www.youtube.com\/embed\/Q5rg_63Shqg?feature=oembed\" frameborder=\"0\" allow=\"accelerometer; autoplay; clipboard-write; encrypted-media; gyroscope; picture-in-picture; web-share\" referrerpolicy=\"strict-origin-when-cross-origin\" allowfullscreen><\/iframe>\n<\/div><\/figure>\n\n\n\n<hr class=\"wp-block-separator has-alpha-channel-opacity\"\/>\n\n\n\n<p>Sympathique<\/p>\n\n\n\n<figure class=\"wp-block-image size-large is-resized\"><a href=\"https:\/\/docs.google.com\/drawings\/d\/1Xtd4xqH3yijQl6XhgK9Kx6Qy4K9l5BmxMX09GTe7C3U\/edit?usp=drive_link\"><img loading=\"lazy\" decoding=\"async\" width=\"724\" height=\"1024\" src=\"https:\/\/aedmus.com\/wp-content\/uploads\/2025\/09\/Sympathique-724x1024.png\" alt=\"\" class=\"wp-image-1717\" style=\"width:291px;height:auto\" srcset=\"https:\/\/aedmus.com\/wp-content\/uploads\/2025\/09\/Sympathique-724x1024.png 724w, https:\/\/aedmus.com\/wp-content\/uploads\/2025\/09\/Sympathique-212x300.png 212w, https:\/\/aedmus.com\/wp-content\/uploads\/2025\/09\/Sympathique-768x1086.png 768w, https:\/\/aedmus.com\/wp-content\/uploads\/2025\/09\/Sympathique-600x848.png 600w, https:\/\/aedmus.com\/wp-content\/uploads\/2025\/09\/Sympathique.png 793w\" sizes=\"auto, (max-width: 724px) 100vw, 724px\" \/><\/a><\/figure>\n\n\n\n<div class=\"wp-block-buttons is-layout-flex wp-block-buttons-is-layout-flex\">\n<div class=\"wp-block-button\"><a class=\"wp-block-button__link wp-element-button\" href=\"https:\/\/docs.google.com\/drawings\/d\/1Xtd4xqH3yijQl6XhgK9Kx6Qy4K9l5BmxMX09GTe7C3U\/edit?usp=drive_link\">Sympathique, PINK MARTINI fiche chant<\/a><\/div>\n\n\n\n<div class=\"wp-block-button\"><a class=\"wp-block-button__link wp-element-button\" href=\"https:\/\/www.youtube.com\/watch?v=satMi-rws1A\">Le clip<\/a><\/div>\n<\/div>\n\n\n\n<figure class=\"wp-block-audio\"><audio controls src=\"https:\/\/aedmus.com\/wp-content\/uploads\/2025\/09\/Sympathique-accomp_Bb-7.mp3\"><\/audio><figcaption class=\"wp-element-caption\">Accompagnement Sympathique Pink martini en Bb (-7)<\/figcaption><\/figure>\n\n\n\n<figure class=\"wp-block-audio\"><audio controls src=\"https:\/\/aedmus.com\/wp-content\/uploads\/2025\/09\/Sympathique-accomp_Bb-5.mp3\"><\/audio><figcaption class=\"wp-element-caption\">Accompagnement Sympathique Pink martini en Bb (+5)<\/figcaption><\/figure>\n\n\n\n<figure class=\"wp-block-audio\"><audio controls src=\"https:\/\/aedmus.com\/wp-content\/uploads\/2025\/09\/Sympathique-accomp_enC-5.mp3\"><\/audio><figcaption class=\"wp-element-caption\">Accompagnement Sympathique Pink martini en C (-5)<\/figcaption><\/figure>\n\n\n\n<figure class=\"wp-block-audio\"><audio controls src=\"https:\/\/aedmus.com\/wp-content\/uploads\/2025\/09\/Sympathique-accomp_en-F.mp3\"><\/audio><figcaption class=\"wp-element-caption\">Accompagnement Sympathique Pink martini en F, tonalit\u00e9 originale<\/figcaption><\/figure>\n\n\n\n<hr class=\"wp-block-separator has-alpha-channel-opacity\"\/>\n\n\n\n<div class=\"wp-block-group\"><div class=\"wp-block-group__inner-container is-layout-constrained wp-block-group-is-layout-constrained\">\n<p>Par ici les fiches de chant<\/p>\n\n\n\n<figure class=\"wp-block-table\"><table><tbody><tr><td><div class=\"wp-block-image\"><figure class=\"aligncenter\"><a href=\"https:\/\/aedmus.com\/wp-content\/uploads\/2016\/11\/Chanson-des-b\u00eatises.pdf\"><img loading=\"lazy\" decoding=\"async\" width=\"212\" height=\"300\" src=\"https:\/\/aedmus.com\/wp-content\/uploads\/2016\/11\/Chanson-des-b\u00eatises-212x300.jpg\" alt=\"La chanson des b\u00eatises Olivier Caillard, Les p'tits loups du Jazz - Fiesta\" class=\"wp-image-101\" srcset=\"https:\/\/aedmus.com\/wp-content\/uploads\/2016\/11\/Chanson-des-b\u00eatises-212x300.jpg 212w, https:\/\/aedmus.com\/wp-content\/uploads\/2016\/11\/Chanson-des-b\u00eatises-768x1086.jpg 768w, https:\/\/aedmus.com\/wp-content\/uploads\/2016\/11\/Chanson-des-b\u00eatises-724x1024.jpg 724w, https:\/\/aedmus.com\/wp-content\/uploads\/2016\/11\/Chanson-des-b\u00eatises-370x523.jpg 370w, https:\/\/aedmus.com\/wp-content\/uploads\/2016\/11\/Chanson-des-b\u00eatises-1040x1471.jpg 1040w, https:\/\/aedmus.com\/wp-content\/uploads\/2016\/11\/Chanson-des-b\u00eatises.jpg 1240w\" sizes=\"auto, (max-width: 212px) 100vw, 212px\" \/><\/a><figcaption>La chanson des b\u00eatises<br>Olivier Caillard, Les p&rsquo;tits loups du Jazz &#8211; Fiesta<\/figcaption><\/figure><\/div><\/td><td><div class=\"wp-block-image\"><figure class=\"aligncenter\"><a href=\"https:\/\/aedmus.com\/wp-content\/uploads\/2016\/11\/autour_de_moi_frero_eleves.pdf\"><img loading=\"lazy\" decoding=\"async\" width=\"212\" height=\"300\" src=\"https:\/\/aedmus.com\/wp-content\/uploads\/2016\/11\/autour_de_moi_frero_eleves-212x300.jpg\" alt=\"autour_de_moi_frero_eleves\" class=\"wp-image-103\" srcset=\"https:\/\/aedmus.com\/wp-content\/uploads\/2016\/11\/autour_de_moi_frero_eleves-212x300.jpg 212w, https:\/\/aedmus.com\/wp-content\/uploads\/2016\/11\/autour_de_moi_frero_eleves-768x1086.jpg 768w, https:\/\/aedmus.com\/wp-content\/uploads\/2016\/11\/autour_de_moi_frero_eleves-724x1024.jpg 724w, https:\/\/aedmus.com\/wp-content\/uploads\/2016\/11\/autour_de_moi_frero_eleves-370x523.jpg 370w, https:\/\/aedmus.com\/wp-content\/uploads\/2016\/11\/autour_de_moi_frero_eleves-1040x1471.jpg 1040w, https:\/\/aedmus.com\/wp-content\/uploads\/2016\/11\/autour_de_moi_frero_eleves.jpg 1240w\" sizes=\"auto, (max-width: 212px) 100vw, 212px\" \/><\/a><figcaption><em>Autour de moi<\/em> Frero Delavega &#8211; Des ombres et des lumi\u00e8res 2015 <a href=\"https:\/\/www.youtube.com\/watch?v=tqPPYPcBwTY&amp;ab_channel=FreroDelavegaVEVO\">ici<\/a><\/figcaption><\/figure><\/div><\/td><td><div class=\"wp-block-image\"><figure class=\"aligncenter\"><a href=\"https:\/\/aedmus.com\/wp-content\/uploads\/2016\/11\/Etre-quelquun-comme-vous.pdf\"><img loading=\"lazy\" decoding=\"async\" width=\"212\" height=\"300\" src=\"https:\/\/aedmus.com\/wp-content\/uploads\/2016\/11\/Etre-quelquun-comme-vous-212x300.jpg\" alt=\"etre-quelquun-comme-vous\" class=\"wp-image-104\" srcset=\"https:\/\/aedmus.com\/wp-content\/uploads\/2016\/11\/Etre-quelquun-comme-vous-212x300.jpg 212w, https:\/\/aedmus.com\/wp-content\/uploads\/2016\/11\/Etre-quelquun-comme-vous-768x1086.jpg 768w, https:\/\/aedmus.com\/wp-content\/uploads\/2016\/11\/Etre-quelquun-comme-vous-724x1024.jpg 724w, https:\/\/aedmus.com\/wp-content\/uploads\/2016\/11\/Etre-quelquun-comme-vous-370x523.jpg 370w, https:\/\/aedmus.com\/wp-content\/uploads\/2016\/11\/Etre-quelquun-comme-vous-1040x1471.jpg 1040w, https:\/\/aedmus.com\/wp-content\/uploads\/2016\/11\/Etre-quelquun-comme-vous.jpg 1240w\" sizes=\"auto, (max-width: 212px) 100vw, 212px\" \/><\/a><figcaption>Inspir\u00e9 par le livre de Rudyard Kipling Musique et paroles : George Bruns, Terry Gilkyson et les fr\u00e8res Sherman Version r\u00e9cente par Ben Oncle Soul<\/figcaption><\/figure><\/div><\/td><\/tr><\/tbody><\/table><\/figure>\n\n\n\n<p>Une grille <a href=\"https:\/\/aedmus.com\/wp-content\/uploads\/2016\/11\/grille_Fm_roi_jungle.pdf\">ici<\/a>&nbsp;et un clip <a href=\"https:\/\/www.youtube.com\/watch?v=ckC0Gz73h2s\">l\u00e0<\/a><\/p>\n\n\n\n<p><span style=\"font-size: 25px; color: #210b61;\">Bonne \u00e9coute<\/span><\/p>\n<\/div><\/div>\n","protected":false},"excerpt":{"rendered":"<p>O\u00f9 sont mes cordes vocales, comment fonctionnent elles ? Peut-on classer les voix selon leurs hauteurs ? La voix est un instrument \u00e0 part, il est \u00e0 l&rsquo;int\u00e9rieur de nous et est sans conteste l&rsquo;instrument qui dispose de la palette&#8230; <a class=\"more-link\" href=\"https:\/\/aedmus.com\/index.php\/6eme\/comment-la-voix-peut-etre-utilisee-comme-un-instrument-de-musique\/\">Continue Reading &rarr;<\/a><\/p>\n","protected":false},"author":1,"featured_media":0,"parent":110,"menu_order":0,"comment_status":"closed","ping_status":"closed","template":"template-fullwidth.php","meta":{"footnotes":""},"class_list":["post-89","page","type-page","status-publish","hentry"],"_links":{"self":[{"href":"https:\/\/aedmus.com\/index.php\/wp-json\/wp\/v2\/pages\/89","targetHints":{"allow":["GET"]}}],"collection":[{"href":"https:\/\/aedmus.com\/index.php\/wp-json\/wp\/v2\/pages"}],"about":[{"href":"https:\/\/aedmus.com\/index.php\/wp-json\/wp\/v2\/types\/page"}],"author":[{"embeddable":true,"href":"https:\/\/aedmus.com\/index.php\/wp-json\/wp\/v2\/users\/1"}],"replies":[{"embeddable":true,"href":"https:\/\/aedmus.com\/index.php\/wp-json\/wp\/v2\/comments?post=89"}],"version-history":[{"count":31,"href":"https:\/\/aedmus.com\/index.php\/wp-json\/wp\/v2\/pages\/89\/revisions"}],"predecessor-version":[{"id":1736,"href":"https:\/\/aedmus.com\/index.php\/wp-json\/wp\/v2\/pages\/89\/revisions\/1736"}],"up":[{"embeddable":true,"href":"https:\/\/aedmus.com\/index.php\/wp-json\/wp\/v2\/pages\/110"}],"wp:attachment":[{"href":"https:\/\/aedmus.com\/index.php\/wp-json\/wp\/v2\/media?parent=89"}],"curies":[{"name":"wp","href":"https:\/\/api.w.org\/{rel}","templated":true}]}}