{"id":854,"date":"2019-11-19T22:36:09","date_gmt":"2019-11-19T21:36:09","guid":{"rendered":"http:\/\/aedmus.com\/?page_id=854"},"modified":"2019-11-19T22:52:06","modified_gmt":"2019-11-19T21:52:06","slug":"oreilles-2","status":"publish","type":"page","link":"https:\/\/aedmus.com\/index.php\/atelier\/oreilles-2\/","title":{"rendered":"Oreilles"},"content":{"rendered":"\n<p>La meilleure pr\u00e9vention c&rsquo;est la connaissance, par exemple savais tu que les oreilles de criquet se trouvent&#8230; Sur leurs pattes ! Et bien si tu pr\u00e9f\u00e8re en savoir plus sur tes oreilles \u00e0 toi et comment les prot\u00e9ger et les garder en bon \u00e9tat le plus longtemps possible&#8230;<\/p>\n\n\n<p><iframe loading=\"lazy\" title=\"Prot\u00e9geons nos oreilles | Tout en \u00e9coutant du bon son !\" width=\"676\" height=\"380\" src=\"https:\/\/www.youtube.com\/embed\/95k9aoeoec4?feature=oembed\" frameborder=\"0\" allow=\"accelerometer; autoplay; encrypted-media; gyroscope; picture-in-picture\" allowfullscreen><\/iframe><\/p>\n\n\n\n<p style=\"font-size:12px\"><em> Vid\u00e9o r\u00e9alis\u00e9e par \u00c9douard Guise, avec la complicit\u00e9 de Gorgone Productions. <\/em><\/p>\n\n\n\n<div class=\"wp-block-image\"><figure class=\"aligncenter size-large\"><a href=\"https:\/\/www.ara-asso.fr\/La-selection-de-casques-audio-de-notre-regisseur.html\"><img loading=\"lazy\" decoding=\"async\" width=\"275\" height=\"183\" src=\"https:\/\/aedmus.com\/wp-content\/uploads\/2019\/11\/casque-audio.jpg\" alt=\"\" class=\"wp-image-858\"\/><\/a><figcaption>Le guide pour trouver un bon casque<\/figcaption><\/figure><\/div>\n\n\n\n<p>Et ici la playlist de l&rsquo;ARA (autour des rythmes actuels) pour tout savoir sur tes oreilles en moins de 20 minutes<\/p>\n\n\n\n<div class=\"wp-block-image\"><figure class=\"aligncenter size-large is-resized\"><a href=\"https:\/\/www.youtube.com\/playlist?list=PLetdKyrJJ2NhYWrG3KImUmC4lsCCvUsMV\"><img loading=\"lazy\" decoding=\"async\" src=\"https:\/\/aedmus.com\/wp-content\/uploads\/2019\/11\/ara-1.jpg\" alt=\"\" class=\"wp-image-860\" width=\"111\" height=\"111\" srcset=\"https:\/\/aedmus.com\/wp-content\/uploads\/2019\/11\/ara-1.jpg 320w, https:\/\/aedmus.com\/wp-content\/uploads\/2019\/11\/ara-1-300x300.jpg 300w, https:\/\/aedmus.com\/wp-content\/uploads\/2019\/11\/ara-1-150x150.jpg 150w\" sizes=\"auto, (max-width: 111px) 100vw, 111px\" \/><\/a><\/figure><\/div>\n","protected":false},"excerpt":{"rendered":"<p>La meilleure pr\u00e9vention c&rsquo;est la connaissance, par exemple savais tu que les oreilles de criquet se trouvent&#8230; Sur leurs pattes ! Et bien si tu pr\u00e9f\u00e8re en savoir plus sur tes oreilles \u00e0 toi et comment les prot\u00e9ger et les&#8230; <a class=\"more-link\" href=\"https:\/\/aedmus.com\/index.php\/atelier\/oreilles-2\/\">Continue Reading &rarr;<\/a><\/p>\n","protected":false},"author":1,"featured_media":0,"parent":160,"menu_order":0,"comment_status":"closed","ping_status":"closed","template":"template-nosidebar.php","meta":{"footnotes":""},"class_list":["post-854","page","type-page","status-publish","hentry"],"_links":{"self":[{"href":"https:\/\/aedmus.com\/index.php\/wp-json\/wp\/v2\/pages\/854","targetHints":{"allow":["GET"]}}],"collection":[{"href":"https:\/\/aedmus.com\/index.php\/wp-json\/wp\/v2\/pages"}],"about":[{"href":"https:\/\/aedmus.com\/index.php\/wp-json\/wp\/v2\/types\/page"}],"author":[{"embeddable":true,"href":"https:\/\/aedmus.com\/index.php\/wp-json\/wp\/v2\/users\/1"}],"replies":[{"embeddable":true,"href":"https:\/\/aedmus.com\/index.php\/wp-json\/wp\/v2\/comments?post=854"}],"version-history":[{"count":5,"href":"https:\/\/aedmus.com\/index.php\/wp-json\/wp\/v2\/pages\/854\/revisions"}],"predecessor-version":[{"id":862,"href":"https:\/\/aedmus.com\/index.php\/wp-json\/wp\/v2\/pages\/854\/revisions\/862"}],"up":[{"embeddable":true,"href":"https:\/\/aedmus.com\/index.php\/wp-json\/wp\/v2\/pages\/160"}],"wp:attachment":[{"href":"https:\/\/aedmus.com\/index.php\/wp-json\/wp\/v2\/media?parent=854"}],"curies":[{"name":"wp","href":"https:\/\/api.w.org\/{rel}","templated":true}]}}