{"id":610,"date":"2018-05-01T21:47:00","date_gmt":"2018-05-01T19:47:00","guid":{"rendered":"http:\/\/aedmus.com\/?page_id=610"},"modified":"2025-09-19T08:26:32","modified_gmt":"2025-09-19T06:26:32","slug":"les-accompagnements-des-chants","status":"publish","type":"page","link":"https:\/\/aedmus.com\/index.php\/accueil1\/les-accompagnements-des-chants\/","title":{"rendered":"Les accompagnements des chants"},"content":{"rendered":"\n<p>Voici les accompagnements des chants que vous travaillez en ce moment&#8230;<\/p>\n\n\n<div class=\"wp-playlist wp-audio-playlist wp-playlist-light\">\n\t\t\t<div class=\"wp-playlist-current-item\"><\/div>\n\t\t<audio controls=\"controls\" preload=\"none\" width=\"654\"\n\t\t\t><\/audio>\n\t<div class=\"wp-playlist-next\"><\/div>\n\t<div class=\"wp-playlist-prev\"><\/div>\n\t<noscript>\n\t<ol>\n\t\t<li><a href='https:\/\/aedmus.com\/wp-content\/uploads\/2018\/03\/somewhere_only-kean-C-mix.mp3'>somewhere_only-kean-C-mix<\/a><\/li><li><a href='https:\/\/aedmus.com\/wp-content\/uploads\/2018\/02\/playback_ben_oncle_soul_Soulman_avec_choeurs_enD.mp3'>playback_ben_oncle_soul_Soulman_avec_choeurs_enD<\/a><\/li><li><a href='https:\/\/aedmus.com\/wp-content\/uploads\/2016\/11\/Accomp_le_cinema_nougaro.mp3'>Accomp_le_cinema_nougaro<\/a><\/li><li><a href='https:\/\/aedmus.com\/wp-content\/uploads\/2016\/12\/saint_louis_blues_sans_melodie_C.mp3'>saint_louis_blues_sans_melodie_C<\/a><\/li><li><a href='https:\/\/aedmus.com\/wp-content\/uploads\/2016\/12\/saint_louis_blues_sans_melodie.mp3'>Saint Louis Blues sans guide m\u00e9lodique en G<\/a><\/li><li><a href='https:\/\/aedmus.com\/wp-content\/uploads\/2016\/12\/saint-louis-blues_bells.mp3'>saint louis blues avec guide m\u00e9lodique (bell) en G<\/a><\/li><li><a href='https:\/\/aedmus.com\/wp-content\/uploads\/2017\/11\/Accomp_demain_je_dors__nappescuivres.mp3'>Accompagnement demain je dors<\/a><\/li><li><a href='https:\/\/aedmus.com\/wp-content\/uploads\/2016\/11\/playback_ben_oncle_soul_Soulman_avec_choeurs_enG.mp3'>playback_ben_oncle_soul_Soulman_avec_choeurs_enG<\/a><\/li><li><a href='https:\/\/aedmus.com\/wp-content\/uploads\/2017\/01\/Ensemble_jjg_accomp_F.mp3'>Ensemble_jjg_accomp_F<\/a><\/li><li><a href='https:\/\/aedmus.com\/wp-content\/uploads\/2018\/05\/chanson-des-jumelles.mp3'>chanson des jumelles<\/a><\/li><li><a href='https:\/\/aedmus.com\/wp-content\/uploads\/2018\/09\/Pour-les-enfants-dELA-accompagnement.mp3'>Pour les enfants d'ELA - accompagnement<\/a><\/li><li><a href='https:\/\/aedmus.com\/wp-content\/uploads\/2016\/12\/saint_louis_blues_avec_melodie_C.mp3'>saint louis blues avec melodie en C<\/a><\/li><li><a href='https:\/\/aedmus.com\/wp-content\/uploads\/2018\/10\/506_Batucalavoix-instru_en_D.mp3'>Batucalavoix - Instru (+Voix Soliste)<\/a><\/li><li><a href='https:\/\/aedmus.com\/wp-content\/uploads\/2018\/12\/Joga2.mp3'>Joga2<\/a><\/li>\t<\/ol>\n\t<\/noscript>\n\t<script type=\"application\/json\" class=\"wp-playlist-script\">{\"type\":\"audio\",\"tracklist\":true,\"tracknumbers\":true,\"images\":true,\"artists\":true,\"tracks\":[{\"src\":\"https:\/\/aedmus.com\/wp-content\/uploads\/2018\/03\/somewhere_only-kean-C-mix.mp3\",\"type\":\"audio\/mpeg\",\"title\":\"somewhere_only-kean-C-mix\",\"caption\":\"\",\"description\":\"\\u003Ci\\u003Esomewhere_only-kean-C-mix\\u003C\/i\\u003E.\",\"meta\":{\"length_formatted\":\"4:00\"},\"image\":{\"src\":\"https:\/\/aedmus.com\/wp-includes\/images\/media\/audio.svg\",\"width\":48,\"height\":64},\"thumb\":{\"src\":\"https:\/\/aedmus.com\/wp-includes\/images\/media\/audio.svg\",\"width\":48,\"height\":64}},{\"src\":\"https:\/\/aedmus.com\/wp-content\/uploads\/2018\/02\/playback_ben_oncle_soul_Soulman_avec_choeurs_enD.mp3\",\"type\":\"audio\/mpeg\",\"title\":\"playback_ben_oncle_soul_Soulman_avec_choeurs_enD\",\"caption\":\"\",\"description\":\"\\u003Ci\\u003Eplayback_ben_oncle_soul_Soulman_avec_choeurs_enD\\u003C\/i\\u003E.\",\"meta\":{\"length_formatted\":\"3:54\"},\"image\":{\"src\":\"https:\/\/aedmus.com\/wp-includes\/images\/media\/audio.svg\",\"width\":48,\"height\":64},\"thumb\":{\"src\":\"https:\/\/aedmus.com\/wp-includes\/images\/media\/audio.svg\",\"width\":48,\"height\":64}},{\"src\":\"https:\/\/aedmus.com\/wp-content\/uploads\/2016\/11\/Accomp_le_cinema_nougaro.mp3\",\"type\":\"audio\/mpeg\",\"title\":\"Accomp_le_cinema_nougaro\",\"caption\":\"\",\"description\":\"\\u003Ci\\u003EAccomp_le_cinema_nougaro\\u003C\/i\\u003E.\",\"meta\":{\"length_formatted\":\"2:26\"},\"image\":{\"src\":\"https:\/\/aedmus.com\/wp-includes\/images\/media\/audio.svg\",\"width\":48,\"height\":64},\"thumb\":{\"src\":\"https:\/\/aedmus.com\/wp-includes\/images\/media\/audio.svg\",\"width\":48,\"height\":64}},{\"src\":\"https:\/\/aedmus.com\/wp-content\/uploads\/2016\/12\/saint_louis_blues_sans_melodie_C.mp3\",\"type\":\"audio\/mpeg\",\"title\":\"saint_louis_blues_sans_melodie_C\",\"caption\":\"\",\"description\":\"\\u003Ci\\u003Esaint_louis_blues_sans_melodie_C\\u003C\/i\\u003E.\",\"meta\":{\"length_formatted\":\"1:59\"},\"image\":{\"src\":\"https:\/\/aedmus.com\/wp-includes\/images\/media\/audio.svg\",\"width\":48,\"height\":64},\"thumb\":{\"src\":\"https:\/\/aedmus.com\/wp-includes\/images\/media\/audio.svg\",\"width\":48,\"height\":64}},{\"src\":\"https:\/\/aedmus.com\/wp-content\/uploads\/2016\/12\/saint_louis_blues_sans_melodie.mp3\",\"type\":\"audio\/mpeg\",\"title\":\"Saint Louis Blues sans guide m\\u00e9lodique en G\",\"caption\":\"\",\"description\":\"\\u003Ci\\u003Esaint_louis_blues_sans_melodie\\u003C\/i\\u003E.\",\"meta\":{\"length_formatted\":\"1:59\"},\"image\":{\"src\":\"https:\/\/aedmus.com\/wp-includes\/images\/media\/audio.svg\",\"width\":48,\"height\":64},\"thumb\":{\"src\":\"https:\/\/aedmus.com\/wp-includes\/images\/media\/audio.svg\",\"width\":48,\"height\":64}},{\"src\":\"https:\/\/aedmus.com\/wp-content\/uploads\/2016\/12\/saint-louis-blues_bells.mp3\",\"type\":\"audio\/mpeg\",\"title\":\"saint louis blues avec guide m\\u00e9lodique (bell) en G\",\"caption\":\"\",\"description\":\"\\u003Ci\\u003Esaint louis blues_bells\\u003C\/i\\u003E.\",\"meta\":{\"length_formatted\":\"1:59\"},\"image\":{\"src\":\"https:\/\/aedmus.com\/wp-includes\/images\/media\/audio.svg\",\"width\":48,\"height\":64},\"thumb\":{\"src\":\"https:\/\/aedmus.com\/wp-includes\/images\/media\/audio.svg\",\"width\":48,\"height\":64}},{\"src\":\"https:\/\/aedmus.com\/wp-content\/uploads\/2017\/11\/Accomp_demain_je_dors__nappescuivres.mp3\",\"type\":\"audio\/mpeg\",\"title\":\"Accompagnement demain je dors\",\"caption\":\"\",\"description\":\"\\u003Ci\\u003EAccomp_demain_je_dors__nappescuivres\\u003C\/i\\u003E.\",\"meta\":{\"length_formatted\":\"1:27\"},\"image\":{\"src\":\"https:\/\/aedmus.com\/wp-includes\/images\/media\/audio.svg\",\"width\":48,\"height\":64},\"thumb\":{\"src\":\"https:\/\/aedmus.com\/wp-includes\/images\/media\/audio.svg\",\"width\":48,\"height\":64}},{\"src\":\"https:\/\/aedmus.com\/wp-content\/uploads\/2016\/11\/playback_ben_oncle_soul_Soulman_avec_choeurs_enG.mp3\",\"type\":\"audio\/mpeg\",\"title\":\"playback_ben_oncle_soul_Soulman_avec_choeurs_enG\",\"caption\":\"\",\"description\":\"\\u003Ci\\u003Eplayback_ben_oncle_soul_Soulman_avec_choeurs_enG\\u003C\/i\\u003E.\",\"meta\":{\"length_formatted\":\"3:54\"},\"image\":{\"src\":\"https:\/\/aedmus.com\/wp-includes\/images\/media\/audio.svg\",\"width\":48,\"height\":64},\"thumb\":{\"src\":\"https:\/\/aedmus.com\/wp-includes\/images\/media\/audio.svg\",\"width\":48,\"height\":64}},{\"src\":\"https:\/\/aedmus.com\/wp-content\/uploads\/2017\/01\/Ensemble_jjg_accomp_F.mp3\",\"type\":\"audio\/mpeg\",\"title\":\"Ensemble_jjg_accomp_F\",\"caption\":\"\",\"description\":\"\\\"Ensemble_jjg_accomp_F\\\".\",\"meta\":{\"length_formatted\":\"3:55\"},\"image\":{\"src\":\"https:\/\/aedmus.com\/wp-includes\/images\/media\/audio.svg\",\"width\":48,\"height\":64},\"thumb\":{\"src\":\"https:\/\/aedmus.com\/wp-includes\/images\/media\/audio.svg\",\"width\":48,\"height\":64}},{\"src\":\"https:\/\/aedmus.com\/wp-content\/uploads\/2018\/05\/chanson-des-jumelles.mp3\",\"type\":\"audio\/mpeg\",\"title\":\"chanson des jumelles\",\"caption\":\"\",\"description\":\"\\u003Ci\\u003Echanson des jumelles\\u003C\/i\\u003E.\",\"meta\":{\"length_formatted\":\"2:08\"},\"image\":{\"src\":\"https:\/\/aedmus.com\/wp-includes\/images\/media\/audio.svg\",\"width\":48,\"height\":64},\"thumb\":{\"src\":\"https:\/\/aedmus.com\/wp-includes\/images\/media\/audio.svg\",\"width\":48,\"height\":64}},{\"src\":\"https:\/\/aedmus.com\/wp-content\/uploads\/2018\/09\/Pour-les-enfants-dELA-accompagnement.mp3\",\"type\":\"audio\/mpeg\",\"title\":\"Pour les enfants d'ELA - accompagnement\",\"caption\":\"\",\"description\":\"\\u003Ci\\u003EPour les enfants d'ELA - accompagnement\\u003C\/i\\u003E.\",\"meta\":{\"length_formatted\":\"3:24\"},\"image\":{\"src\":\"https:\/\/aedmus.com\/wp-includes\/images\/media\/audio.svg\",\"width\":48,\"height\":64},\"thumb\":{\"src\":\"https:\/\/aedmus.com\/wp-includes\/images\/media\/audio.svg\",\"width\":48,\"height\":64}},{\"src\":\"https:\/\/aedmus.com\/wp-content\/uploads\/2016\/12\/saint_louis_blues_avec_melodie_C.mp3\",\"type\":\"audio\/mpeg\",\"title\":\"saint louis blues avec melodie en C\",\"caption\":\"\",\"description\":\"\\u003Ci\\u003Esaint_louis_blues_avec_melodie_C\\u003C\/i\\u003E.\",\"meta\":{\"length_formatted\":\"1:59\"},\"image\":{\"src\":\"https:\/\/aedmus.com\/wp-includes\/images\/media\/audio.svg\",\"width\":48,\"height\":64},\"thumb\":{\"src\":\"https:\/\/aedmus.com\/wp-includes\/images\/media\/audio.svg\",\"width\":48,\"height\":64}},{\"src\":\"https:\/\/aedmus.com\/wp-content\/uploads\/2018\/10\/506_Batucalavoix-instru_en_D.mp3\",\"type\":\"audio\/mpeg\",\"title\":\"Batucalavoix - Instru (+Voix Soliste)\",\"caption\":\"\",\"description\":\"\\u003Ci\\u003EBatucalavoix - Instru (+Voix Soliste)\\u003C\/i\\u003E tir\\u00e9 de \\u003Ci\\u003E\\u00c7a C'est Bossa !\\u003C\/i\\u003E par Olivier Caillard Et Les P'tits Loups Du Jazz. Date de sortie\\u00a0: 2013. Piste 4 sur 12. Genre\\u00a0: ENFANCE.\",\"meta\":{\"artist\":\"Olivier Caillard Et Les P'tits Loups Du Jazz\",\"album\":\"\\u00c7a C'est Bossa !\",\"genre\":\"ENFANCE\",\"year\":\"2013\",\"length_formatted\":\"2:59\"},\"image\":{\"src\":\"https:\/\/aedmus.com\/wp-content\/uploads\/2018\/10\/image_bossa_audio.jpg\",\"width\":327,\"height\":154},\"thumb\":{\"src\":\"https:\/\/aedmus.com\/wp-content\/uploads\/2018\/10\/image_bossa_audio-150x150.jpg\",\"width\":150,\"height\":150}},{\"src\":\"https:\/\/aedmus.com\/wp-content\/uploads\/2018\/12\/Joga2.mp3\",\"type\":\"audio\/mpeg\",\"title\":\"Joga2\",\"caption\":\"\",\"description\":\"\\u003Ci\\u003EJoga2\\u003C\/i\\u003E.\",\"meta\":{\"length_formatted\":\"4:48\"},\"image\":{\"src\":\"https:\/\/aedmus.com\/wp-includes\/images\/media\/audio.svg\",\"width\":48,\"height\":64},\"thumb\":{\"src\":\"https:\/\/aedmus.com\/wp-includes\/images\/media\/audio.svg\",\"width\":48,\"height\":64}}]}<\/script>\n<\/div>\n\t\n\n\n\n<p>J&rsquo;ai volontairement modifi\u00e9, d\u00e9form\u00e9 et franchement abim\u00e9 l&rsquo;accompagnement musical des p&rsquo;tits loup du jazz afin de l&rsquo;adapter aux voix d&rsquo;adolescents d\u00e9butants&#8230; c&rsquo;est juste un outil de travail.<\/p>\n\n\n\n<hr class=\"wp-block-separator has-css-opacity\"\/>\n\n\n<div class=\"wp-block-image\">\n<figure class=\"aligncenter size-full\"><img loading=\"lazy\" decoding=\"async\" width=\"242\" height=\"209\" src=\"https:\/\/aedmus.com\/wp-content\/uploads\/2024\/09\/kean-album-image.jpeg\" alt=\"\" class=\"wp-image-1525\"\/><\/figure>\n<\/div>\n\n\n<p>La partie d&rsquo;accompagnement du chant<em> Somewhere only we know<\/em> de  KEANE (2004 &#8211; Island Records)<\/p>\n\n\n\n<figure class=\"wp-block-audio\"><audio controls src=\"https:\/\/aedmus.com\/wp-content\/uploads\/2018\/03\/somewhere_only-kean-C-mix.mp3\"><\/audio><\/figure>\n\n\n\n<div class=\"wp-block-buttons is-layout-flex wp-block-buttons-is-layout-flex\">\n<div class=\"wp-block-button\"><a class=\"wp-block-button__link wp-element-button\" href=\"https:\/\/drive.google.com\/file\/d\/17rm-7wx50zSrDvaRTxd2NVkd2tWblqA_\/view?usp=drive_link\">Paroles<\/a><\/div>\n\n\n\n<div class=\"wp-block-button\"><a class=\"wp-block-button__link wp-element-button\" href=\"https:\/\/drive.google.com\/file\/d\/11UV_vq2kWDe9lIF6VMs4WyhRA3LOjh85\/view?usp=drive_link\">Grille guitare<\/a><\/div>\n\n\n\n<div class=\"wp-block-button\"><a class=\"wp-block-button__link wp-element-button\" href=\"https:\/\/drive.google.com\/file\/d\/1RHj8FxXJ2p-sTorKdyo9d4B0HgtFzIGZ\/view?usp=drive_link\">\u00ab\u00a0Grille\u00a0\u00bb piano\/xylo<\/a><\/div>\n<\/div>\n\n\n\n<hr class=\"wp-block-separator has-css-opacity\"\/>\n\n\n<div style=\"width: 50%;\">\n<div style=\"position: relative; padding-bottom: 141.40%; padding-top: 0; height: 0;\"><iframe loading=\"lazy\" frameborder=\"0\" width=\"1000\" height=\"1414\" style=\"position: absolute; top: 0; left: 0; width: 100%; height: 100%;\" src=\"https:\/\/view.genial.ly\/61dd46522a1fa30dddfc5969\" type=\"text\/html\" allowscriptaccess=\"always\" allowfullscreen=\"true\" scrolling=\"yes\" allownetworking=\"all\"><\/iframe> <\/div>\n<\/p><\/div>\n\n\n\n<hr class=\"wp-block-separator has-css-opacity\"\/>\n\n\n<div style=\"width: 50%;\"><img decoding=\"async\" src=\"https:\/\/docs.google.com\/drawings\/d\/e\/2PACX-1vRYdn5pHAFib6lmX81sQI1l-lpbpHRVl4_PVPn0VG1ATKNBhoCE2pv6CC6ZILhHIvET1szPC34ovTN4\/pub?w=794&amp;h=1123\"><\/p>\n\n\n\n<figure class=\"wp-block-audio\"><audio controls src=\"https:\/\/aedmus.com\/wp-content\/uploads\/2022\/01\/acompagnement-riverside-obel.mp3\"><\/audio><figcaption class=\"wp-element-caption\">Accompagnement Riverside, Obel Agnes<\/figcaption><\/figure>\n\n\n\n<figure class=\"wp-block-audio\"><audio controls src=\"https:\/\/aedmus.com\/wp-content\/uploads\/2022\/01\/chant-riverside-obel.mp3\"><\/audio><figcaption class=\"wp-element-caption\">Juste pour le plaisir, vous pouvez \u00e9couter la voix de Agnes Obel toute seule \ud83d\ude09<\/figcaption><\/figure>\n\n\n\n<div class=\"wp-block-buttons is-layout-flex wp-block-buttons-is-layout-flex\">\n<div class=\"wp-block-button\"><a class=\"wp-block-button__link wp-element-button\" href=\"https:\/\/docs.google.com\/drawings\/d\/1V1R8hlBum9y1XspjAM9WuVY5fVCMddrrQL8V1GAKdjc\/edit?usp=sharing\" target=\"_blank\" rel=\"noreferrer noopener\">Parole et grille riverside<\/a><\/div>\n<\/div>\n\n\n\n<hr class=\"wp-block-separator has-css-opacity\"\/>\n\n\n<div style=\"width: 50%;\">\n<div style=\"position: relative; padding-bottom: 141.40%; padding-top: 0; height: 0;\"><iframe loading=\"lazy\" frameborder=\"0\" width=\"1000\" height=\"1414\" style=\"position: absolute; top: 0; left: 0; width: 100%; height: 100%;\" src=\"https:\/\/view.genial.ly\/6086a26fdb85f10de1f5ded7\" type=\"text\/html\" allowscriptaccess=\"always\" allowfullscreen=\"true\" scrolling=\"yes\" allownetworking=\"all\"><\/iframe> <\/div>\n<\/p><\/div>\n\n\n\n<hr class=\"wp-block-separator has-css-opacity\"\/>\n\n\n<div style=\"width: 50%;\">\n<div style=\"position: relative; padding-bottom: 141.40%; padding-top: 0; height: 0;\"><iframe loading=\"lazy\" frameborder=\"0\" width=\"1000\" height=\"1414\" style=\"position: absolute; top: 0; left: 0; width: 100%; height: 100%;\" src=\"https:\/\/view.genial.ly\/6086782360b6e60da79c5582\" type=\"text\/html\" allowscriptaccess=\"always\" allowfullscreen=\"true\" scrolling=\"yes\" allownetworking=\"all\"><\/iframe> <\/div>\n<\/p><\/div>\n\n\n\n<hr class=\"wp-block-separator has-css-opacity\"\/>\n\n\n<div style=\"width: 50%;\">\n<div style=\"position: relative; padding-bottom: 141.40%; padding-top: 0; height: 0;\"><iframe loading=\"lazy\" frameborder=\"0\" width=\"1000\" height=\"1414\" style=\"position: absolute; top: 0; left: 0; width: 100%; height: 100%;\" src=\"https:\/\/view.genial.ly\/6086857260b6e60da79c5822\" type=\"text\/html\" allowscriptaccess=\"always\" allowfullscreen=\"true\" scrolling=\"yes\" allownetworking=\"all\"><\/iframe> <\/div>\n<\/p><\/div>\n\n\n\n<hr class=\"wp-block-separator has-css-opacity\"\/>\n\n\n<div style=\"width: 50%;\">\n<div style=\"position: relative; padding-bottom: 141.40%; padding-top: 0; height: 0;\"><iframe loading=\"lazy\" frameborder=\"0\" width=\"1000\" height=\"1414\" style=\"position: absolute; top: 0; left: 0; width: 100%; height: 100%;\" src=\"https:\/\/view.genial.ly\/5eb815c57199c50d8c419c07\" type=\"text\/html\" allowscriptaccess=\"always\" allowfullscreen=\"true\" scrolling=\"yes\" allownetworking=\"all\"><\/iframe> <\/div>\n<\/p><\/div>\n\n\n\n<hr class=\"wp-block-separator has-css-opacity\"\/>\n\n\n<div style=\"width: 50%;\">\n<div style=\"position: relative; padding-bottom: 141.40%; padding-top: 0; height: 0;\"><iframe loading=\"lazy\" frameborder=\"0\" width=\"1000\" height=\"1414\" style=\"position: absolute; top: 0; left: 0; width: 100%; height: 100%;\" src=\"https:\/\/view.genial.ly\/5eb9909f3b952f0d022f1c5d\" type=\"text\/html\" allowscriptaccess=\"always\" allowfullscreen=\"true\" scrolling=\"yes\" allownetworking=\"all\"><\/iframe> <\/div>\n<\/p><\/div>\n\n\n\n<hr class=\"wp-block-separator has-css-opacity\"\/>\n\n\n<div style=\"width: 50%;\">\n<div style=\"position: relative; padding-bottom: 141.40%; padding-top: 0; height: 0;\"><iframe loading=\"lazy\" frameborder=\"0\" width=\"1000\" height=\"1414\" style=\"position: absolute; top: 0; left: 0; width: 100%; height: 100%;\" src=\"https:\/\/view.genial.ly\/5eb9ab1ed236a10cfac68eb4\" type=\"text\/html\" allowscriptaccess=\"always\" allowfullscreen=\"true\" scrolling=\"yes\" allownetworking=\"all\"><\/iframe> <\/div>\n<\/p><\/div>\n\n\n\n<hr class=\"wp-block-separator has-css-opacity\"\/>\n\n\n<div style=\"width: 100%;\">\n<div style=\"position: relative; padding-bottom: 141.40%; padding-top: 0; height: 0;\"><iframe loading=\"lazy\" frameborder=\"0\" width=\"1000\" height=\"1414\" style=\"position: absolute; top: 0; left: 0; width: 100%; height: 100%;\" src=\"https:\/\/view.genial.ly\/624307a817ac64001885c114\" type=\"text\/html\" allowscriptaccess=\"always\" allowfullscreen=\"true\" scrolling=\"yes\" allownetworking=\"all\"><\/iframe> <\/div>\n<\/p><\/div>\n\n\n\n<div class=\"wp-block-buttons is-layout-flex wp-block-buttons-is-layout-flex\">\n<div class=\"wp-block-button\"><a class=\"wp-block-button__link wp-element-button\" href=\"https:\/\/drive.google.com\/file\/d\/1C5EOcxt1wuhn_T6lYqlrkPDeJae_LGOn\/view?usp=sharing\" target=\"_blank\" rel=\"noreferrer noopener\"><em>Fragile<\/em>, Soprano (pdf)<\/a><\/div>\n\n\n<\/div>\n\n\n\n<hr class=\"wp-block-separator has-alpha-channel-opacity\"\/>\n\n\n\n<figure class=\"wp-block-audio\"><audio controls src=\"https:\/\/aedmus.com\/wp-content\/uploads\/2023\/12\/Xmas-Three-jAZZY.mp3\"><\/audio><figcaption class=\"wp-element-caption\">Xmas Three avec pont Jazzy<\/figcaption><\/figure>\n\n\n\n<hr class=\"wp-block-separator has-alpha-channel-opacity\"\/>\n\n\n\n<figure class=\"wp-block-audio\"><audio controls src=\"https:\/\/aedmus.com\/wp-content\/uploads\/2023\/12\/We-Wish-you-a-merry-christmas-sans-guide-en-F.mp3\"><\/audio><figcaption class=\"wp-element-caption\">We wish you en F# sans guide<\/figcaption><\/figure>\n\n\n\n<figure class=\"wp-block-audio\"><audio controls src=\"https:\/\/aedmus.com\/wp-content\/uploads\/2023\/12\/We-Wish-you-a-merry-christmas-avec-guide-en-F.mp3\"><\/audio><figcaption class=\"wp-element-caption\">We Wish you en F# avec guide<\/figcaption><\/figure>\n\n\n\n<figure class=\"wp-block-audio\"><audio controls src=\"https:\/\/aedmus.com\/wp-content\/uploads\/2023\/12\/We-Wish-you-a-merry-christmas-avec-guide-en-G.mp3\"><\/audio><figcaption class=\"wp-element-caption\">We Wish you a merry christmas avec guide en G<\/figcaption><\/figure>\n\n\n\n<figure class=\"wp-block-audio\"><audio controls src=\"https:\/\/aedmus.com\/wp-content\/uploads\/2023\/12\/We-Wish-you-a-merry-christmas-avec-guide-en-G-1.mp3\"><\/audio><figcaption class=\"wp-element-caption\">We Wish you a merry christmas avec guide en G#<\/figcaption><\/figure>\n\n\n\n<figure class=\"wp-block-audio\"><audio controls src=\"https:\/\/aedmus.com\/wp-content\/uploads\/2023\/12\/We-Wish-you-a-merry-christmas-sans-guide-en-A.mp3\"><\/audio><figcaption class=\"wp-element-caption\">We Wish you a merry christmas sans guide en A<\/figcaption><\/figure>\n\n\n\n<figure class=\"wp-block-audio\"><audio controls src=\"https:\/\/aedmus.com\/wp-content\/uploads\/2023\/12\/We-Wish-you-a-merry-christmas-avec-guide-en-A.mp3\"><\/audio><figcaption class=\"wp-element-caption\">We Wish you a merry christmas avec guide en A<\/figcaption><\/figure>\n\n\n\n<div class=\"wp-block-pdf-viewer-block-standard\" style=\"text-align:left\"><div class=\"uploaded-pdf\"><a href=\"https:\/\/aedmus.com\/wp-content\/uploads\/2023\/12\/We-Wish-You-a-Merry-Christmas-paroles-a-imprimer.pdf\" data-width=\"\" data-height=\"\"><\/a><\/div><\/div>\n\n\n\n<hr class=\"wp-block-separator has-alpha-channel-opacity\"\/>\n\n\n\n<h2 class=\"wp-block-heading\">Sympathique, Pink Martini<\/h2>\n\n\n<p><img decoding=\"async\" src=\"https:\/\/docs.google.com\/drawings\/d\/e\/2PACX-1vTXfCAgNGs_b0e39UhTifpFiydJLlfvyh4gF42wzT3uHeXn8DJWBQg_XxGkD93v15Ey1NlTIHUa618C\/pub?w=794&amp;h=1123\"><\/p>\n\n\n\n<div class=\"wp-block-buttons is-layout-flex wp-block-buttons-is-layout-flex\">\n<div class=\"wp-block-button\"><a class=\"wp-block-button__link wp-element-button\" href=\"https:\/\/drive.google.com\/file\/d\/1acXZbc8D_GUyr_EdHC3d2pMkMZ2GxAT7\/view?usp=sharing\">Grille Sympathique en C<\/a><\/div>\n\n\n\n<div class=\"wp-block-button\"><a class=\"wp-block-button__link wp-element-button\" href=\"https:\/\/docs.google.com\/drawings\/d\/1Xtd4xqH3yijQl6XhgK9Kx6Qy4K9l5BmxMX09GTe7C3U\/edit?usp=sharing\">Paroles<\/a><\/div>\n\n\n<\/div>\n","protected":false},"excerpt":{"rendered":"<p>Voici les accompagnements des chants que vous travaillez en ce moment&#8230; J&rsquo;ai volontairement modifi\u00e9, d\u00e9form\u00e9 et franchement abim\u00e9 l&rsquo;accompagnement musical des p&rsquo;tits loup du jazz afin de l&rsquo;adapter aux voix d&rsquo;adolescents d\u00e9butants&#8230; c&rsquo;est juste un outil de travail. La partie&#8230; <a class=\"more-link\" href=\"https:\/\/aedmus.com\/index.php\/accueil1\/les-accompagnements-des-chants\/\">Continue Reading &rarr;<\/a><\/p>\n","protected":false},"author":1,"featured_media":0,"parent":21,"menu_order":0,"comment_status":"closed","ping_status":"closed","template":"template-fullwidth.php","meta":{"footnotes":""},"class_list":["post-610","page","type-page","status-publish","hentry"],"_links":{"self":[{"href":"https:\/\/aedmus.com\/index.php\/wp-json\/wp\/v2\/pages\/610","targetHints":{"allow":["GET"]}}],"collection":[{"href":"https:\/\/aedmus.com\/index.php\/wp-json\/wp\/v2\/pages"}],"about":[{"href":"https:\/\/aedmus.com\/index.php\/wp-json\/wp\/v2\/types\/page"}],"author":[{"embeddable":true,"href":"https:\/\/aedmus.com\/index.php\/wp-json\/wp\/v2\/users\/1"}],"replies":[{"embeddable":true,"href":"https:\/\/aedmus.com\/index.php\/wp-json\/wp\/v2\/comments?post=610"}],"version-history":[{"count":26,"href":"https:\/\/aedmus.com\/index.php\/wp-json\/wp\/v2\/pages\/610\/revisions"}],"predecessor-version":[{"id":1694,"href":"https:\/\/aedmus.com\/index.php\/wp-json\/wp\/v2\/pages\/610\/revisions\/1694"}],"up":[{"embeddable":true,"href":"https:\/\/aedmus.com\/index.php\/wp-json\/wp\/v2\/pages\/21"}],"wp:attachment":[{"href":"https:\/\/aedmus.com\/index.php\/wp-json\/wp\/v2\/media?parent=610"}],"curies":[{"name":"wp","href":"https:\/\/api.w.org\/{rel}","templated":true}]}}