{"id":562,"date":"2018-03-08T12:08:30","date_gmt":"2018-03-08T11:08:30","guid":{"rendered":"http:\/\/aedmus.com\/?page_id=562"},"modified":"2018-08-30T12:19:12","modified_gmt":"2018-08-30T10:19:12","slug":"arts-du-son-enseignement-dexploration-seconde","status":"publish","type":"page","link":"https:\/\/aedmus.com\/index.php\/lycee\/arts-du-son-enseignement-dexploration-seconde\/","title":{"rendered":"ARTS DU SON &#8211; Enseignement d&rsquo;exploration Seconde"},"content":{"rendered":"<p>En premier lieu, un jets de vid\u00e9os s\u00e9lectionn\u00e9es pour se faire une id\u00e9e de quelques m\u00e9tiers li\u00e9 au son :<\/p>\n<p>Un directeur artistique, qu&rsquo;est-ce que c&rsquo;est ? Rencontre avec Xavier Tribolet qui travail avec Bernard Lavilliers depuis plus de 15 ans<\/p>\n<p><iframe loading=\"lazy\" width=\"676\" height=\"380\" src=\"https:\/\/www.youtube.com\/embed\/9WtBRlfzep8?feature=oembed\" frameborder=\"0\" allow=\"autoplay; encrypted-media\" allowfullscreen><\/iframe><\/p>\n<p>Vers le cin\u00e9ma : interview d&rsquo;un ing\u00e9nieur son cin\u00e9ma par Laurent, 15ans<\/p>\n<p><iframe loading=\"lazy\" width=\"676\" height=\"380\" src=\"https:\/\/www.youtube.com\/embed\/BR7e1w6lSCs?feature=oembed\" frameborder=\"0\" allow=\"autoplay; encrypted-media\" allowfullscreen><\/iframe><\/p>\n<p>Mais oui, Fred et Jamy sot toujours hyper p\u00e9dago et&#8230; On ne s&rsquo;en lasse pas <a href=\"https:\/\/www.youtube.com\/watch?v=5QM7HEPQ5uY&amp;t=2s&amp;ab_channel=C%27estpassorcier\">ici <\/a> pour l&rsquo;ing\u00e9nieur du son et <a href=\"https:\/\/www.youtube.com\/watch?v=kf9j4iWnixc&amp;t=1s&amp;ab_channel=C%27estpassorcier\">l\u00e0<\/a> pour l&rsquo;op\u00e9ra (tous droits r\u00e9serv\u00e9s)<\/p>\n<p>Une fiche technique pour un concert, un festival :<\/p>\n<p>Votre mission, remplir cette fiche pour pr\u00e9parer les concerts \u00e0 venir du groupe des pr\u00e9pa bac musique 2018&#8230; ET \u00e7a UUUURGE !<\/p>\n<p><a href=\"https:\/\/docs.google.com\/document\/d\/1JKSLl14MfOX6eaWbJNDFsnULI4I75arb-PE8RSxuLmw\/edit?usp=sharing\">https:\/\/docs.google.com\/document\/d\/1JKSLl14MfOX6eaWbJNDFsnULI4I75arb-PE8RSxuLmw\/edit?usp=sharing<\/a><\/p>\n<p>Ensuite voici <a href=\"https:\/\/docs.google.com\/document\/d\/1QjNDypxqtgQVxJXi2xFfMxP-g-6E4J3NZS2LC08ZQ_c\/edit?usp=sharing\">votre planning<\/a> pour les s\u00e9ances \u00e0 venir<\/p>\n<p><iframe loading=\"lazy\" src=\"https:\/\/docs.google.com\/document\/d\/e\/2PACX-1vRLrrrHHvGwv_7psGHSMLmB9ca8lTfX4vBWZAEYcsFN46wtGQnjzhbpUR4HR2MsDaoQdTYBp5x1ca2y\/pub?embedded=true\" width=\"900\" height=\"450\"><span data-mce-type=\"bookmark\" style=\"display: inline-block; width: 0px; overflow: hidden; line-height: 0;\" class=\"mce_SELRES_start\">\ufeff<\/span><span data-mce-type=\"bookmark\" style=\"display: inline-block; width: 0px; overflow: hidden; line-height: 0;\" class=\"mce_SELRES_start\">\ufeff<\/span><\/iframe><\/p>\n<p>&nbsp;<\/p>\n","protected":false},"excerpt":{"rendered":"<p>En premier lieu, un jets de vid\u00e9os s\u00e9lectionn\u00e9es pour se faire une id\u00e9e de quelques m\u00e9tiers li\u00e9 au son : Un directeur artistique, qu&rsquo;est-ce que c&rsquo;est ? Rencontre avec Xavier Tribolet qui travail avec Bernard Lavilliers depuis plus de 15&#8230; <a class=\"more-link\" href=\"https:\/\/aedmus.com\/index.php\/lycee\/arts-du-son-enseignement-dexploration-seconde\/\">Continue Reading &rarr;<\/a><\/p>\n","protected":false},"author":1,"featured_media":0,"parent":165,"menu_order":0,"comment_status":"closed","ping_status":"closed","template":"template-fullwidth.php","meta":{"footnotes":""},"class_list":["post-562","page","type-page","status-publish","hentry"],"_links":{"self":[{"href":"https:\/\/aedmus.com\/index.php\/wp-json\/wp\/v2\/pages\/562","targetHints":{"allow":["GET"]}}],"collection":[{"href":"https:\/\/aedmus.com\/index.php\/wp-json\/wp\/v2\/pages"}],"about":[{"href":"https:\/\/aedmus.com\/index.php\/wp-json\/wp\/v2\/types\/page"}],"author":[{"embeddable":true,"href":"https:\/\/aedmus.com\/index.php\/wp-json\/wp\/v2\/users\/1"}],"replies":[{"embeddable":true,"href":"https:\/\/aedmus.com\/index.php\/wp-json\/wp\/v2\/comments?post=562"}],"version-history":[{"count":6,"href":"https:\/\/aedmus.com\/index.php\/wp-json\/wp\/v2\/pages\/562\/revisions"}],"predecessor-version":[{"id":652,"href":"https:\/\/aedmus.com\/index.php\/wp-json\/wp\/v2\/pages\/562\/revisions\/652"}],"up":[{"embeddable":true,"href":"https:\/\/aedmus.com\/index.php\/wp-json\/wp\/v2\/pages\/165"}],"wp:attachment":[{"href":"https:\/\/aedmus.com\/index.php\/wp-json\/wp\/v2\/media?parent=562"}],"curies":[{"name":"wp","href":"https:\/\/api.w.org\/{rel}","templated":true}]}}