{"id":465,"date":"2017-11-06T15:02:40","date_gmt":"2017-11-06T14:02:40","guid":{"rendered":"http:\/\/aedmus.com\/?page_id=465"},"modified":"2025-12-13T11:01:11","modified_gmt":"2025-12-13T10:01:11","slug":"comment-decrire-la-musique","status":"publish","type":"page","link":"https:\/\/aedmus.com\/index.php\/6eme\/comment-decrire-la-musique\/","title":{"rendered":"Comment d\u00e9crire la musique ?"},"content":{"rendered":"\n<figure class=\"wp-block-embed is-type-video is-provider-youtube wp-block-embed-youtube wp-embed-aspect-16-9 wp-has-aspect-ratio\"><div class=\"wp-block-embed__wrapper\">\n<iframe loading=\"lazy\" title=\"Vittorio Monti : Cs\u00e1rd\u00e1s (Nemanja Radulovic)\" width=\"676\" height=\"380\" src=\"https:\/\/www.youtube.com\/embed\/2PzSW5-2ILI?feature=oembed\" frameborder=\"0\" allow=\"accelerometer; autoplay; clipboard-write; encrypted-media; gyroscope; picture-in-picture; web-share\" referrerpolicy=\"strict-origin-when-cross-origin\" allowfullscreen><\/iframe>\n<\/div><\/figure>\n\n\n<p>Alors, elle est comment cette musique ?<\/p>\n<p>La musique monte, le son a chang\u00e9, c&rsquo;est plus&#8230; ou plut\u00f4t moins&#8230; Enfin je ne sais pas !<\/p>\n<p>Cette simple question s&rsquo;av\u00e8re \u00eatre plus compliqu\u00e9e qu&rsquo;elle n&rsquo;y parait. Lorsque l&rsquo;on demande de parler de la musique, elle a d\u00e9j\u00e0 disparu et c&rsquo;est bien du souvenir des \u00e9v\u00e9nements sonores que l&rsquo;on parle. D&rsquo;une part de ses aspects \u00ab\u00a0techniques\u00a0\u00bb avec un vocabulaire de musicien et dans le m\u00eame temps des \u00e9motions qu&rsquo;elle suscite et l\u00e0 encore la richesse du vocabulaire va nous permettre d&rsquo;exprimer un cama\u00efeu d&rsquo;\u00e9motions. C&rsquo;est donc ce que je vous propose d&rsquo;entreprendre durant cette s\u00e9quence de cours.<\/p>\n<table border=\"1\" width=\"437\">\n<tbody>\n<tr>\n<th style=\"text-align: center;\">Fiche de cours 1<\/th>\n<th style=\"text-align: center;\">Fiche de cours 2<\/th>\n<\/tr>\n<tr>\n<td><a href=\"https:\/\/aedmus.com\/wp-content\/uploads\/2017\/11\/parametre-caract\u00e8re-csardas-monti.pdf\" target=\"_blank\" rel=\"noopener\"><img loading=\"lazy\" decoding=\"async\" class=\"aligncenter wp-image-466 size-medium\" src=\"https:\/\/aedmus.com\/wp-content\/uploads\/2017\/11\/parametre-caract\u00e8re-csardas-monti-212x300.jpg\" alt=\"\" width=\"212\" height=\"300\" srcset=\"https:\/\/aedmus.com\/wp-content\/uploads\/2017\/11\/parametre-caract\u00e8re-csardas-monti-212x300.jpg 212w, https:\/\/aedmus.com\/wp-content\/uploads\/2017\/11\/parametre-caract\u00e8re-csardas-monti-768x1086.jpg 768w, https:\/\/aedmus.com\/wp-content\/uploads\/2017\/11\/parametre-caract\u00e8re-csardas-monti-724x1024.jpg 724w, https:\/\/aedmus.com\/wp-content\/uploads\/2017\/11\/parametre-caract\u00e8re-csardas-monti-370x523.jpg 370w, https:\/\/aedmus.com\/wp-content\/uploads\/2017\/11\/parametre-caract\u00e8re-csardas-monti-1040x1471.jpg 1040w, https:\/\/aedmus.com\/wp-content\/uploads\/2017\/11\/parametre-caract\u00e8re-csardas-monti.jpg 1240w\" sizes=\"auto, (max-width: 212px) 100vw, 212px\" \/><\/a><\/td>\n<td><a href=\"https:\/\/aedmus.com\/wp-content\/uploads\/2017\/11\/parametres-2.pdf\" target=\"_blank\" rel=\"noopener\"><img loading=\"lazy\" decoding=\"async\" class=\"aligncenter wp-image-470 size-medium\" src=\"https:\/\/aedmus.com\/wp-content\/uploads\/2017\/11\/parametres-2-212x300.jpg\" alt=\"\" width=\"212\" height=\"300\" srcset=\"https:\/\/aedmus.com\/wp-content\/uploads\/2017\/11\/parametres-2-212x300.jpg 212w, https:\/\/aedmus.com\/wp-content\/uploads\/2017\/11\/parametres-2-768x1086.jpg 768w, https:\/\/aedmus.com\/wp-content\/uploads\/2017\/11\/parametres-2-724x1024.jpg 724w, https:\/\/aedmus.com\/wp-content\/uploads\/2017\/11\/parametres-2-370x523.jpg 370w, https:\/\/aedmus.com\/wp-content\/uploads\/2017\/11\/parametres-2-1040x1471.jpg 1040w, https:\/\/aedmus.com\/wp-content\/uploads\/2017\/11\/parametres-2.jpg 1240w\" sizes=\"auto, (max-width: 212px) 100vw, 212px\" \/><\/a><\/td>\n<\/tr>\n<\/tbody>\n<\/table>\n<p>Sans oublier les chansons disponibles :<\/p>\n<table border=\"1\" width=\"437\">\n<tbody>\n<tr>\n<th style=\"text-align: center;\">Chanson 1<\/th>\n<th style=\"text-align: center;\">Chanson 2<\/th>\n<\/tr>\n<tr>\n<td><a href=\"https:\/\/aedmus.com\/wp-content\/uploads\/2017\/11\/demain_je_dors.pdf\" target=\"_blank\" rel=\"noopener\"><img loading=\"lazy\" decoding=\"async\" class=\"aligncenter wp-image-481 size-medium\" src=\"https:\/\/aedmus.com\/wp-content\/uploads\/2017\/11\/demain_je_dors-212x300.jpg\" alt=\"\" width=\"212\" height=\"300\" srcset=\"https:\/\/aedmus.com\/wp-content\/uploads\/2017\/11\/demain_je_dors-212x300.jpg 212w, https:\/\/aedmus.com\/wp-content\/uploads\/2017\/11\/demain_je_dors-768x1086.jpg 768w, https:\/\/aedmus.com\/wp-content\/uploads\/2017\/11\/demain_je_dors-724x1024.jpg 724w, https:\/\/aedmus.com\/wp-content\/uploads\/2017\/11\/demain_je_dors-370x523.jpg 370w, https:\/\/aedmus.com\/wp-content\/uploads\/2017\/11\/demain_je_dors-1040x1471.jpg 1040w, https:\/\/aedmus.com\/wp-content\/uploads\/2017\/11\/demain_je_dors.jpg 1240w\" sizes=\"auto, (max-width: 212px) 100vw, 212px\" \/><\/a><\/td>\n<td><a href=\"https:\/\/aedmus.com\/wp-content\/uploads\/2017\/11\/allez-camille.pdf\" target=\"_blank\" rel=\"noopener\"><img loading=\"lazy\" decoding=\"async\" class=\"aligncenter wp-image-479 size-medium\" src=\"https:\/\/aedmus.com\/wp-content\/uploads\/2017\/11\/allez-camille-212x300.jpg\" alt=\"\" width=\"212\" height=\"300\" srcset=\"https:\/\/aedmus.com\/wp-content\/uploads\/2017\/11\/allez-camille-212x300.jpg 212w, https:\/\/aedmus.com\/wp-content\/uploads\/2017\/11\/allez-camille-768x1086.jpg 768w, https:\/\/aedmus.com\/wp-content\/uploads\/2017\/11\/allez-camille-724x1024.jpg 724w, https:\/\/aedmus.com\/wp-content\/uploads\/2017\/11\/allez-camille-370x523.jpg 370w, https:\/\/aedmus.com\/wp-content\/uploads\/2017\/11\/allez-camille-1040x1471.jpg 1040w, https:\/\/aedmus.com\/wp-content\/uploads\/2017\/11\/allez-camille.jpg 1240w\" sizes=\"auto, (max-width: 212px) 100vw, 212px\" \/><\/a><\/td>\n<\/tr>\n<\/tbody>\n<\/table>\n<p>Et un accompagnement musical pour vous entra\u00eener :<\/p>\n<div class=\"wp-playlist wp-audio-playlist wp-playlist-light\">\n\t\t\t<div class=\"wp-playlist-current-item\"><\/div>\n\t\t<audio controls=\"controls\" preload=\"none\" width=\"654\"\n\t\t\t><\/audio>\n\t<div class=\"wp-playlist-next\"><\/div>\n\t<div class=\"wp-playlist-prev\"><\/div>\n\t<noscript>\n\t<ol>\n\t\t<li><a href='https:\/\/aedmus.com\/wp-content\/uploads\/2017\/11\/Accomp_demain_je_dors__nappescuivres.mp3'>Accompagnement demain je dors<\/a><\/li>\t<\/ol>\n\t<\/noscript>\n\t<script type=\"application\/json\" class=\"wp-playlist-script\">{\"type\":\"audio\",\"tracklist\":true,\"tracknumbers\":true,\"images\":true,\"artists\":true,\"tracks\":[{\"src\":\"https:\/\/aedmus.com\/wp-content\/uploads\/2017\/11\/Accomp_demain_je_dors__nappescuivres.mp3\",\"type\":\"audio\/mpeg\",\"title\":\"Accompagnement demain je dors\",\"caption\":\"\",\"description\":\"\\u003Ci\\u003EAccomp_demain_je_dors__nappescuivres\\u003C\/i\\u003E.\",\"meta\":{\"length_formatted\":\"1:27\"},\"image\":{\"src\":\"https:\/\/aedmus.com\/wp-includes\/images\/media\/audio.svg\",\"width\":48,\"height\":64},\"thumb\":{\"src\":\"https:\/\/aedmus.com\/wp-includes\/images\/media\/audio.svg\",\"width\":48,\"height\":64}}]}<\/script>\n<\/div>\n\t\n\n\n<figure class=\"wp-block-image size-large\"><a href=\"https:\/\/aedmus.com\/wp-content\/uploads\/2025\/12\/affiche-les-4-parametres-du-son.jpg\"><img loading=\"lazy\" decoding=\"async\" width=\"1024\" height=\"558\" src=\"https:\/\/aedmus.com\/wp-content\/uploads\/2025\/12\/affiche-les-4-parametres-du-son-1024x558.jpg\" alt=\"\" class=\"wp-image-1738\" srcset=\"https:\/\/aedmus.com\/wp-content\/uploads\/2025\/12\/affiche-les-4-parametres-du-son-1024x558.jpg 1024w, https:\/\/aedmus.com\/wp-content\/uploads\/2025\/12\/affiche-les-4-parametres-du-son-300x164.jpg 300w, https:\/\/aedmus.com\/wp-content\/uploads\/2025\/12\/affiche-les-4-parametres-du-son-768x419.jpg 768w, https:\/\/aedmus.com\/wp-content\/uploads\/2025\/12\/affiche-les-4-parametres-du-son-1536x838.jpg 1536w, https:\/\/aedmus.com\/wp-content\/uploads\/2025\/12\/affiche-les-4-parametres-du-son-2048x1117.jpg 2048w, https:\/\/aedmus.com\/wp-content\/uploads\/2025\/12\/affiche-les-4-parametres-du-son-600x327.jpg 600w, https:\/\/aedmus.com\/wp-content\/uploads\/2025\/12\/affiche-les-4-parametres-du-son-945x515.jpg 945w\" sizes=\"auto, (max-width: 1024px) 100vw, 1024px\" \/><\/a><figcaption class=\"wp-element-caption\">Affiche Nicollas Martello \/ IA<\/figcaption><\/figure>\n\n\n\n<hr class=\"wp-block-separator has-alpha-channel-opacity\"\/>\n\n\n<div style=\"width: 100%;\">\n<div style=\"position: relative; padding-bottom: 141.40%; padding-top: 0; height: 0;\"><iframe loading=\"lazy\" frameborder=\"0\" width=\"1000\" height=\"1414\" style=\"position: absolute; top: 0; left: 0; width: 100%; height: 100%;\" src=\"https:\/\/view.genial.ly\/624307a817ac64001885c114\" type=\"text\/html\" allowscriptaccess=\"always\" allowfullscreen=\"true\" scrolling=\"yes\" allownetworking=\"all\"><\/iframe> <\/div>\n<\/p><\/div>\n\n\n\n<div class=\"wp-block-buttons is-layout-flex wp-block-buttons-is-layout-flex\">\n<div class=\"wp-block-button\"><a class=\"wp-block-button__link wp-element-button\" href=\"https:\/\/drive.google.com\/file\/d\/1C5EOcxt1wuhn_T6lYqlrkPDeJae_LGOn\/view?usp=sharing\" target=\"_blank\" rel=\"noreferrer noopener\"><em>Fragile<\/em>, Soprano<\/a><\/div>\n<\/div>\n\n\n\n<hr class=\"wp-block-separator has-alpha-channel-opacity\"\/>\n\n\n\n<figure class=\"wp-block-audio\"><audio controls src=\"https:\/\/aedmus.com\/wp-content\/uploads\/2023\/11\/Laissons-laissons-vers_clerc-soprano-accomp-Gm.mp3\"><\/audio><\/figure>\n\n\n\n<p>Accompagnement Laissons entrer le soleil en Gm<\/p>\n\n\n\n<div class=\"wp-block-buttons is-layout-flex wp-block-buttons-is-layout-flex\">\n<div class=\"wp-block-button\"><a class=\"wp-block-button__link wp-element-button\" href=\"https:\/\/drive.google.com\/file\/d\/1UtMyWX78nsE_2HcJP5YfffnBJ_OvbJod\/view?usp=drive_link\">Partition Laissons 3vx<\/a><\/div>\n\n\n\n<div class=\"wp-block-button\"><a class=\"wp-block-button__link wp-element-button\" href=\"https:\/\/drive.google.com\/file\/d\/1eg9btldrjyGWnk_K-J0wettW0KgcuHQI\/view?usp=sharing\">Paroles Laissons<\/a><\/div>\n<\/div>\n\n\n\n<hr class=\"wp-block-separator has-alpha-channel-opacity\"\/>\n\n\n\n<figure class=\"wp-block-embed is-type-video is-provider-youtube wp-block-embed-youtube wp-embed-aspect-16-9 wp-has-aspect-ratio\"><div class=\"wp-block-embed__wrapper\">\n<iframe loading=\"lazy\" title=\"Julien Clerc &amp; Soprano - Laissons entrer le soleil\" width=\"676\" height=\"380\" src=\"https:\/\/www.youtube.com\/embed\/BLrRTu2rBkQ?feature=oembed\" frameborder=\"0\" allow=\"accelerometer; autoplay; clipboard-write; encrypted-media; gyroscope; picture-in-picture; web-share\" referrerpolicy=\"strict-origin-when-cross-origin\" allowfullscreen><\/iframe>\n<\/div><figcaption class=\"wp-element-caption\">Version Soprano Julien Clerc<\/figcaption><\/figure>\n\n\n\n<figure class=\"wp-block-embed is-type-video is-provider-youtube wp-block-embed-youtube wp-embed-aspect-16-9 wp-has-aspect-ratio\"><div class=\"wp-block-embed__wrapper\">\n<iframe loading=\"lazy\" title=\"Julien Clerc - Laissons entrer le soleil (Audio officiel)\" width=\"676\" height=\"380\" src=\"https:\/\/www.youtube.com\/embed\/hHuNZdsoDvA?feature=oembed\" frameborder=\"0\" allow=\"accelerometer; autoplay; clipboard-write; encrypted-media; gyroscope; picture-in-picture; web-share\" referrerpolicy=\"strict-origin-when-cross-origin\" allowfullscreen><\/iframe>\n<\/div><figcaption class=\"wp-element-caption\">Version com\u00e9die musicale <\/figcaption><\/figure>\n\n\n\n<hr class=\"wp-block-separator has-alpha-channel-opacity\"\/>\n\n\n\n<p>Et en bonus, Nemanja Radulovic dans un autre registre&#8230;<\/p>\n\n\n\n<figure class=\"wp-block-embed is-type-video is-provider-youtube wp-block-embed-youtube wp-embed-aspect-16-9 wp-has-aspect-ratio\"><div class=\"wp-block-embed__wrapper\">\n<iframe loading=\"lazy\" title=\"Nemanja Radulovi\u0107 &amp; Double Sens play Hommage \u00e0 Aleksandar \u0160i\u0161i\u0107 (Medley)\" width=\"676\" height=\"380\" src=\"https:\/\/www.youtube.com\/embed\/tlzRZYPl4ok?feature=oembed\" frameborder=\"0\" allow=\"accelerometer; autoplay; clipboard-write; encrypted-media; gyroscope; picture-in-picture; web-share\" referrerpolicy=\"strict-origin-when-cross-origin\" allowfullscreen><\/iframe>\n<\/div><\/figure>\n","protected":false},"excerpt":{"rendered":"<p>Alors, elle est comment cette musique ? La musique monte, le son a chang\u00e9, c&rsquo;est plus&#8230; ou plut\u00f4t moins&#8230; Enfin je ne sais pas ! Cette simple question s&rsquo;av\u00e8re \u00eatre plus compliqu\u00e9e qu&rsquo;elle n&rsquo;y parait. Lorsque l&rsquo;on demande de parler&#8230; <a class=\"more-link\" href=\"https:\/\/aedmus.com\/index.php\/6eme\/comment-decrire-la-musique\/\">Continue Reading &rarr;<\/a><\/p>\n","protected":false},"author":1,"featured_media":0,"parent":110,"menu_order":0,"comment_status":"closed","ping_status":"closed","template":"template-fullwidth.php","meta":{"footnotes":""},"class_list":["post-465","page","type-page","status-publish","hentry"],"_links":{"self":[{"href":"https:\/\/aedmus.com\/index.php\/wp-json\/wp\/v2\/pages\/465","targetHints":{"allow":["GET"]}}],"collection":[{"href":"https:\/\/aedmus.com\/index.php\/wp-json\/wp\/v2\/pages"}],"about":[{"href":"https:\/\/aedmus.com\/index.php\/wp-json\/wp\/v2\/types\/page"}],"author":[{"embeddable":true,"href":"https:\/\/aedmus.com\/index.php\/wp-json\/wp\/v2\/users\/1"}],"replies":[{"embeddable":true,"href":"https:\/\/aedmus.com\/index.php\/wp-json\/wp\/v2\/comments?post=465"}],"version-history":[{"count":16,"href":"https:\/\/aedmus.com\/index.php\/wp-json\/wp\/v2\/pages\/465\/revisions"}],"predecessor-version":[{"id":1739,"href":"https:\/\/aedmus.com\/index.php\/wp-json\/wp\/v2\/pages\/465\/revisions\/1739"}],"up":[{"embeddable":true,"href":"https:\/\/aedmus.com\/index.php\/wp-json\/wp\/v2\/pages\/110"}],"wp:attachment":[{"href":"https:\/\/aedmus.com\/index.php\/wp-json\/wp\/v2\/media?parent=465"}],"curies":[{"name":"wp","href":"https:\/\/api.w.org\/{rel}","templated":true}]}}