{"id":4,"date":"2016-11-29T09:07:35","date_gmt":"2016-11-29T08:07:35","guid":{"rendered":"http:\/\/aedmus.com\/?page_id=4"},"modified":"2025-02-02T15:18:40","modified_gmt":"2025-02-02T14:18:40","slug":"3eme","status":"publish","type":"page","link":"https:\/\/aedmus.com\/index.php\/3eme\/","title":{"rendered":"3eme"},"content":{"rendered":"\n<p class=\"has-text-align-center\"><span style=\"font-size: 35px; color: #210b61;\"><strong><a href=\"https:\/\/aedmus.com\/index.php\/3eme\/la-musique-influence-t-elle-notre-perception-des-images\/\">La musique influence-t-elle notre perception des images ?<\/a><\/strong><\/span><\/p>\n\n\n<div class=\"wp-block-image\">\n<figure class=\"aligncenter\"><a href=\"https:\/\/aedmus.com\/index.php\/3eme\/la-musique-influence-t-elle-notre-perception-des-images\/\"><img loading=\"lazy\" decoding=\"async\" width=\"300\" height=\"200\" src=\"https:\/\/aedmus.com\/wp-content\/uploads\/2016\/11\/film-738806_960_720-300x200.jpg\" alt=\"\" class=\"wp-image-209\" srcset=\"https:\/\/aedmus.com\/wp-content\/uploads\/2016\/11\/film-738806_960_720-300x200.jpg 300w, https:\/\/aedmus.com\/wp-content\/uploads\/2016\/11\/film-738806_960_720-768x512.jpg 768w, https:\/\/aedmus.com\/wp-content\/uploads\/2016\/11\/film-738806_960_720-370x247.jpg 370w, https:\/\/aedmus.com\/wp-content\/uploads\/2016\/11\/film-738806_960_720.jpg 960w\" sizes=\"auto, (max-width: 300px) 100vw, 300px\" \/><\/a><\/figure>\n<\/div>\n\n\n<hr class=\"wp-block-separator has-css-opacity\"\/>\n\n\n\n<p class=\"has-text-align-center\"><span style=\"font-size: 35px; color: #210b61;\"><strong><a href=\"https:\/\/aedmus.com\/index.php\/3eme\/comment-la-musique-peut-elle-etre-engagee\/\">La musique peut-elle \u00eatre engag\u00e9e ?<\/a><\/strong><\/span><\/p>\n\n\n<div class=\"wp-block-image\">\n<figure class=\"aligncenter is-resized\"><a href=\"https:\/\/aedmus.com\/index.php\/3eme\/comment-la-musique-peut-elle-etre-engagee\/\"><img loading=\"lazy\" decoding=\"async\" width=\"300\" height=\"75\" src=\"https:\/\/aedmus.com\/wp-content\/uploads\/2016\/11\/liberte-jecris-ton-nom-leger-eluard-300x75.jpeg\" alt=\"\" class=\"wp-image-211\" style=\"width:660px;height:165px\" srcset=\"https:\/\/aedmus.com\/wp-content\/uploads\/2016\/11\/liberte-jecris-ton-nom-leger-eluard-300x75.jpeg 300w, https:\/\/aedmus.com\/wp-content\/uploads\/2016\/11\/liberte-jecris-ton-nom-leger-eluard-370x93.jpeg 370w, https:\/\/aedmus.com\/wp-content\/uploads\/2016\/11\/liberte-jecris-ton-nom-leger-eluard.jpeg 700w\" sizes=\"auto, (max-width: 300px) 100vw, 300px\" \/><\/a><\/figure>\n<\/div>\n\n\n<hr class=\"wp-block-separator has-css-opacity\"\/>\n\n\n\n<p class=\"has-text-align-center\"><span style=\"font-size: 35px; color: #210b61;\"><strong><a href=\"https:\/\/aedmus.com\/index.php\/3eme\/comment-se-transmet-le-sentiment-religieux\/\">Existe-t-il des proc\u00e9d\u00e9s musicaux sp\u00e9cifiques aux musiques religieuses ?<\/a><\/strong><\/span><\/p>\n\n\n\n<hr class=\"wp-block-separator has-css-opacity\"\/>\n\n\n\n<p class=\"has-text-align-center\"><span style=\"font-size: 35px; color: # ref=;\"><a href=\"https:\/\/aedmus.com\/index.php\/6eme\/comment-la-voix-peut-etre-utilisee-comme-un-instrument-de-musique\/\">La voix, \u00e7a sert \u00e0 quoi ?<\/a><\/span><\/p>\n\n\n<div class=\"wp-block-image\">\n<figure class=\"aligncenter\"><a href=\"https:\/\/aedmus.com\/index.php\/6eme\/comment-la-voix-peut-etre-utilisee-comme-un-instrument-de-musique\/\"><img loading=\"lazy\" decoding=\"async\" width=\"300\" height=\"212\" src=\"https:\/\/aedmus.com\/wp-content\/uploads\/2016\/11\/dessin_chanteuse-300x212.jpg\" alt=\"\" class=\"wp-image-500\" srcset=\"https:\/\/aedmus.com\/wp-content\/uploads\/2016\/11\/dessin_chanteuse-300x212.jpg 300w, https:\/\/aedmus.com\/wp-content\/uploads\/2016\/11\/dessin_chanteuse-768x543.jpg 768w, https:\/\/aedmus.com\/wp-content\/uploads\/2016\/11\/dessin_chanteuse-1024x724.jpg 1024w, https:\/\/aedmus.com\/wp-content\/uploads\/2016\/11\/dessin_chanteuse-370x262.jpg 370w, https:\/\/aedmus.com\/wp-content\/uploads\/2016\/11\/dessin_chanteuse-1040x735.jpg 1040w, https:\/\/aedmus.com\/wp-content\/uploads\/2016\/11\/dessin_chanteuse.jpg 1280w\" sizes=\"auto, (max-width: 300px) 100vw, 300px\" \/><\/a><\/figure>\n<\/div>\n\n\n<hr class=\"wp-block-separator has-alpha-channel-opacity\"\/>\n\n\n\n<h1 class=\"wp-block-heading has-text-align-center\"><a href=\"https:\/\/aedmus.com\/index.php\/3eme\/musique-etats-unis\/\">Soul, gospel, negro-priritual, hip-hop&#8230; Que sugg\u00e8rent certains styles de musique sur l&rsquo;histoire d&rsquo;un pays ?<\/a><\/h1>\n\n\n<div class=\"wp-block-image\">\n<figure class=\"aligncenter\"><a href=\"https:\/\/aedmus.com\/index.php\/3eme\/musique-etats-unis\/\"><img loading=\"lazy\" decoding=\"async\" width=\"261\" height=\"300\" src=\"https:\/\/aedmus.com\/wp-content\/uploads\/2018\/03\/micro-main-261x300.png\" alt=\"\" class=\"wp-image-586\" srcset=\"https:\/\/aedmus.com\/wp-content\/uploads\/2018\/03\/micro-main-261x300.png 261w, https:\/\/aedmus.com\/wp-content\/uploads\/2018\/03\/micro-main-768x882.png 768w, https:\/\/aedmus.com\/wp-content\/uploads\/2018\/03\/micro-main-891x1024.png 891w, https:\/\/aedmus.com\/wp-content\/uploads\/2018\/03\/micro-main-370x425.png 370w, https:\/\/aedmus.com\/wp-content\/uploads\/2018\/03\/micro-main-1040x1195.png 1040w, https:\/\/aedmus.com\/wp-content\/uploads\/2018\/03\/micro-main.png 1114w\" sizes=\"auto, (max-width: 261px) 100vw, 261px\" \/><\/a><\/figure>\n<\/div>","protected":false},"excerpt":{"rendered":"<p>La musique influence-t-elle notre perception des images ? La musique peut-elle \u00eatre engag\u00e9e ? Existe-t-il des proc\u00e9d\u00e9s musicaux sp\u00e9cifiques aux musiques religieuses ? La voix, \u00e7a sert \u00e0 quoi ? Soul, gospel, negro-priritual, hip-hop&#8230; Que sugg\u00e8rent certains styles de musique&#8230; <a class=\"more-link\" href=\"https:\/\/aedmus.com\/index.php\/3eme\/\">Continue Reading &rarr;<\/a><\/p>\n","protected":false},"author":1,"featured_media":0,"parent":0,"menu_order":4,"comment_status":"closed","ping_status":"closed","template":"template-fullwidth.php","meta":{"footnotes":""},"class_list":["post-4","page","type-page","status-publish","hentry"],"_links":{"self":[{"href":"https:\/\/aedmus.com\/index.php\/wp-json\/wp\/v2\/pages\/4","targetHints":{"allow":["GET"]}}],"collection":[{"href":"https:\/\/aedmus.com\/index.php\/wp-json\/wp\/v2\/pages"}],"about":[{"href":"https:\/\/aedmus.com\/index.php\/wp-json\/wp\/v2\/types\/page"}],"author":[{"embeddable":true,"href":"https:\/\/aedmus.com\/index.php\/wp-json\/wp\/v2\/users\/1"}],"replies":[{"embeddable":true,"href":"https:\/\/aedmus.com\/index.php\/wp-json\/wp\/v2\/comments?post=4"}],"version-history":[{"count":20,"href":"https:\/\/aedmus.com\/index.php\/wp-json\/wp\/v2\/pages\/4\/revisions"}],"predecessor-version":[{"id":1594,"href":"https:\/\/aedmus.com\/index.php\/wp-json\/wp\/v2\/pages\/4\/revisions\/1594"}],"wp:attachment":[{"href":"https:\/\/aedmus.com\/index.php\/wp-json\/wp\/v2\/media?parent=4"}],"curies":[{"name":"wp","href":"https:\/\/api.w.org\/{rel}","templated":true}]}}