{"id":32,"date":"2016-11-29T22:16:26","date_gmt":"2016-11-29T21:16:26","guid":{"rendered":"http:\/\/aedmus.com\/?page_id=32"},"modified":"2025-09-10T17:28:36","modified_gmt":"2025-09-10T15:28:36","slug":"peut-on-parler-de-plan-en-musique","status":"publish","type":"page","link":"https:\/\/aedmus.com\/index.php\/4eme\/peut-on-parler-de-plan-en-musique\/","title":{"rendered":"Peut-on parler de plan en musique ?"},"content":{"rendered":"\n<p>Transition Blues et plan sonores :<\/p>\n\n\n\n<p>En guise d&rsquo;introduction (ou de conclusion), voici une vid\u00e9o qui permet d&rsquo;entendre quelques plans sonores sonores qui se suivent&#8230; Ce n&rsquo;est pas l&rsquo;\u00e9coute la plus \u00e9vidente mais elle fait bien le lien avec le cours pr\u00e9c\u00e9dent.<\/p>\n\n\n\n<figure class=\"wp-block-embed is-type-video is-provider-youtube wp-block-embed-youtube wp-embed-aspect-16-9 wp-has-aspect-ratio\"><div class=\"wp-block-embed__wrapper\">\n<iframe loading=\"lazy\" title=\"Peter Cincotti Live In New York St. Louis Blues\" width=\"676\" height=\"380\" src=\"https:\/\/www.youtube.com\/embed\/aTu-vt5OaNs?feature=oembed\" frameborder=\"0\" allow=\"accelerometer; autoplay; clipboard-write; encrypted-media; gyroscope; picture-in-picture; web-share\" referrerpolicy=\"strict-origin-when-cross-origin\" allowfullscreen><\/iframe>\n<\/div><\/figure>\n\n\n\n<hr class=\"wp-block-separator has-css-opacity\"\/>\n\n\n\n<h2 class=\"wp-block-heading\">Les plans romantiques \ud83d\ude09<\/h2>\n\n\n\n<p>L&rsquo;\u00e9coute suivante par contre est vraiment plus \u00ab\u00a0lisible\u00a0\u00bb Nous pouvons entendre m\u00e9lodie et accompagnement assez distinctement, je vous laisse juger par vous m\u00eame.<\/p>\n\n\n\n<figure class=\"wp-block-embed is-type-video is-provider-youtube wp-block-embed-youtube wp-embed-aspect-16-9 wp-has-aspect-ratio\"><div class=\"wp-block-embed__wrapper\">\n<iframe loading=\"lazy\" title=\"Schubert : Le trio n\u00b02, op. 100 Renaud Capu\u00e7on, Gautier Capu\u00e7on et Frank Braley\" width=\"676\" height=\"380\" src=\"https:\/\/www.youtube.com\/embed\/3kuFzjkUcLw?feature=oembed\" frameborder=\"0\" allow=\"accelerometer; autoplay; clipboard-write; encrypted-media; gyroscope; picture-in-picture; web-share\" referrerpolicy=\"strict-origin-when-cross-origin\" allowfullscreen><\/iframe>\n<\/div><\/figure>\n\n\n\n<h2 class=\"wp-block-heading\">Et dans la Pop, \u00e7a donne quoi ?<\/h2>\n\n\n\n<figure class=\"wp-block-embed is-type-video is-provider-youtube wp-block-embed-youtube wp-embed-aspect-16-9 wp-has-aspect-ratio\"><div class=\"wp-block-embed__wrapper\">\n<iframe loading=\"lazy\" title=\"Alice Merton - No Roots\" width=\"676\" height=\"380\" src=\"https:\/\/www.youtube.com\/embed\/PUdyuKaGQd4?feature=oembed\" frameborder=\"0\" allow=\"accelerometer; autoplay; clipboard-write; encrypted-media; gyroscope; picture-in-picture; web-share\" referrerpolicy=\"strict-origin-when-cross-origin\" allowfullscreen><\/iframe>\n<\/div><\/figure>\n\n\n\n<p>La partie chant Ben oncle soul<\/p>\n\n\n\n<figure class=\"wp-block-image alignnone\"><a href=\"https:\/\/aedmus.com\/wp-content\/uploads\/2016\/11\/soulmann-fiche-\u00e9l\u00e8ves.pdf\"><img loading=\"lazy\" decoding=\"async\" width=\"212\" height=\"300\" src=\"https:\/\/aedmus.com\/wp-content\/uploads\/2016\/11\/soulmann-fiche-\u00e9l\u00e8ves-212x300.jpg\" alt=\"Soulman - Ben Oncle Soul\" class=\"wp-image-46\" srcset=\"https:\/\/aedmus.com\/wp-content\/uploads\/2016\/11\/soulmann-fiche-\u00e9l\u00e8ves-212x300.jpg 212w, https:\/\/aedmus.com\/wp-content\/uploads\/2016\/11\/soulmann-fiche-\u00e9l\u00e8ves-768x1086.jpg 768w, https:\/\/aedmus.com\/wp-content\/uploads\/2016\/11\/soulmann-fiche-\u00e9l\u00e8ves-724x1024.jpg 724w, https:\/\/aedmus.com\/wp-content\/uploads\/2016\/11\/soulmann-fiche-\u00e9l\u00e8ves-370x523.jpg 370w, https:\/\/aedmus.com\/wp-content\/uploads\/2016\/11\/soulmann-fiche-\u00e9l\u00e8ves-1040x1471.jpg 1040w, https:\/\/aedmus.com\/wp-content\/uploads\/2016\/11\/soulmann-fiche-\u00e9l\u00e8ves.jpg 1240w\" sizes=\"auto, (max-width: 212px) 100vw, 212px\" \/><\/a><figcaption class=\"wp-element-caption\">Soulman &#8211; Ben Oncle Soul<\/figcaption><\/figure>\n\n\n\n<p>Avec l&rsquo;accompagnement qui va avec : (En sol majeur)<\/p>\n\n\n\n<figure class=\"wp-block-audio\"><audio controls src=\"https:\/\/aedmus.com\/wp-content\/uploads\/2016\/11\/playback_ben_oncle_soul_Soulman_avec_choeurs_enG.mp3\"><\/audio><\/figure>\n\n\n\n<p>Et l\u00e0 en R\u00e9 majeur, peut \u00eatre un peu plus adapt\u00e9 pour certains chanteurs (en bien trop mou \u00e0 mon go\u00fbt !)<\/p>\n\n\n\n<figure class=\"wp-block-audio\"><audio controls src=\"https:\/\/aedmus.com\/wp-content\/uploads\/2018\/02\/playback_ben_oncle_soul_Soulman_avec_choeurs_enD.mp3\"><\/audio><\/figure>\n\n\n\n<hr class=\"wp-block-separator has-css-opacity\"\/>\n\n\n<div class=\"wp-block-image\">\n<figure class=\"aligncenter size-full\"><img loading=\"lazy\" decoding=\"async\" width=\"242\" height=\"209\" src=\"https:\/\/aedmus.com\/wp-content\/uploads\/2024\/09\/kean-album-image.jpeg\" alt=\"\" class=\"wp-image-1525\"\/><\/figure>\n<\/div>\n\n\n<p>La partie d&rsquo;accompagnement du chant<em> Somewhere only we know<\/em> de  KEANE (2004 &#8211; Island Records)<\/p>\n\n\n\n<figure class=\"wp-block-audio\"><audio controls src=\"https:\/\/aedmus.com\/wp-content\/uploads\/2018\/03\/somewhere_only-kean-C-mix.mp3\"><\/audio><\/figure>\n\n\n\n<div class=\"wp-block-buttons is-layout-flex wp-block-buttons-is-layout-flex\">\n<div class=\"wp-block-button\"><a class=\"wp-block-button__link wp-element-button\" href=\"https:\/\/drive.google.com\/file\/d\/17rm-7wx50zSrDvaRTxd2NVkd2tWblqA_\/view?usp=drive_link\">Paroles<\/a><\/div>\n\n\n\n<div class=\"wp-block-button\"><a class=\"wp-block-button__link wp-element-button\" href=\"https:\/\/drive.google.com\/file\/d\/11UV_vq2kWDe9lIF6VMs4WyhRA3LOjh85\/view?usp=drive_link\">Grille guitare<\/a><\/div>\n\n\n\n<div class=\"wp-block-button\"><a class=\"wp-block-button__link wp-element-button\" href=\"https:\/\/drive.google.com\/file\/d\/1RHj8FxXJ2p-sTorKdyo9d4B0HgtFzIGZ\/view?usp=drive_link\">\u00ab\u00a0Grille\u00a0\u00bb piano\/xylo<\/a><\/div>\n<\/div>\n\n\n\n<hr class=\"wp-block-separator has-css-opacity\"\/>\n\n\n\n<div class=\"wp-block-button aligncenter\"><a class=\"wp-block-button__link wp-element-button\" href=\"https:\/\/www.incredibox.com\/demo\/v4\"><strong>CLIKICI<\/strong>VITE<\/a><\/div>\n\n\n\n<p>Si tu as \u00e9t\u00e9 trop curieux et que tu as cliqu\u00e9 sur le bouton juste au dessus&#8230; C&rsquo;est tr\u00e8s bien ! Tu te retrouve sur Incredibox, une appli \/ logiciel qui te permet de cr\u00e9er un peu de musique (que tu peux utiliser en classe pour la composition percu corporelle que tu as \u00e0 faire \ud83d\ude09 ) ET de mieux comprendre cette histoire de plans sonores. <\/p>\n\n\n\n<p>Ci dessous un tuto pour ceux qui ont besoin d&rsquo;un peu de guidage sur Incredibox<\/p>\n\n\n\n<div class=\"padlet-embed\" style=\"border: 1px solid rgba(0,0,0,0.1); border-radius: 2px; box-sizing: border-box; overflow: hidden; position: relative; width: 480px; height: 352px; max-width: 100%;\"><figure><iframe loading=\"lazy\" style=\"width: 100%; height: 100%; display: block;\" src=\"https:\/\/padlet.com\/padlets\/cixy5bd5xesd\/embeds\/preview_embed\" width=\"300\" height=\"150\" frameborder=\"0\"><\/iframe><\/figure><\/div>\n\n\n\n<hr class=\"wp-block-separator has-css-opacity\"\/>\n\n\n\n<p>La fiche de cours<\/p>\n\n\n<div class=\"wp-block-image\">\n<figure class=\"aligncenter is-resized\"><a href=\"https:\/\/aedmus.com\/wp-content\/uploads\/2018\/03\/plans-sonores-2018.pdf\"><img loading=\"lazy\" decoding=\"async\" width=\"212\" height=\"300\" src=\"https:\/\/aedmus.com\/wp-content\/uploads\/2018\/03\/plans-sonores-2018-212x300.jpg\" alt=\"\" class=\"wp-image-580\" style=\"width:249px;height:352px\" srcset=\"https:\/\/aedmus.com\/wp-content\/uploads\/2018\/03\/plans-sonores-2018-212x300.jpg 212w, https:\/\/aedmus.com\/wp-content\/uploads\/2018\/03\/plans-sonores-2018-768x1086.jpg 768w, https:\/\/aedmus.com\/wp-content\/uploads\/2018\/03\/plans-sonores-2018-724x1024.jpg 724w, https:\/\/aedmus.com\/wp-content\/uploads\/2018\/03\/plans-sonores-2018-370x523.jpg 370w, https:\/\/aedmus.com\/wp-content\/uploads\/2018\/03\/plans-sonores-2018-1040x1471.jpg 1040w, https:\/\/aedmus.com\/wp-content\/uploads\/2018\/03\/plans-sonores-2018.jpg 1240w\" sizes=\"auto, (max-width: 212px) 100vw, 212px\" \/><\/a><\/figure>\n<\/div>\n\n\n<div class=\"wp-block-buttons is-layout-flex wp-block-buttons-is-layout-flex\">\n<div class=\"wp-block-button\"><a class=\"wp-block-button__link wp-element-button\" href=\"https:\/\/drive.google.com\/file\/d\/18I896KJs_PWMloNRMoHJLE9QaMgI5fzO\/view?usp=sharing\">Fiche P. Henry &amp; HDA<\/a><\/div>\n\n\n\n<div class=\"wp-block-button\"><a class=\"wp-block-button__link wp-element-button\" href=\"https:\/\/docs.google.com\/drawings\/d\/1GEl7VFWVyoi33QvvRyy_Y1e2BK2t8mVY1VTozRSgqQo\/edit?usp=sharing\">Fiche Roots &amp; Schubert<\/a><\/div>\n\n\n\n<div class=\"wp-block-button\"><a class=\"wp-block-button__link wp-element-button\" href=\"https:\/\/docs.google.com\/drawings\/d\/1A4CRqPHQyJTguEhlZoQsSSq_Cfcf4G0t0xihFxTqFS0\/edit?usp=sharing\">Fiche Roots comp\u00e9t\u00e9e<\/a><\/div>\n<\/div>\n\n\n\n<hr class=\"wp-block-separator has-css-opacity\"\/>\n\n\n\n<figure class=\"wp-block-embed is-type-video is-provider-youtube wp-block-embed-youtube wp-embed-aspect-4-3 wp-has-aspect-ratio\"><div class=\"wp-block-embed__wrapper\">\n<iframe loading=\"lazy\" title=\"Etoile Polaire (North Star)\" width=\"676\" height=\"507\" src=\"https:\/\/www.youtube.com\/embed\/UfUki5sFZmw?feature=oembed\" frameborder=\"0\" allow=\"accelerometer; autoplay; clipboard-write; encrypted-media; gyroscope; picture-in-picture; web-share\" referrerpolicy=\"strict-origin-when-cross-origin\" allowfullscreen><\/iframe>\n<\/div><figcaption class=\"wp-element-caption\"><em>Etoile Polaire<\/em> de Phil Glass, une pi\u00e8ce o\u00f9 les plans sonores s&rsquo;accumulent<\/figcaption><\/figure>\n\n\n\n<hr class=\"wp-block-separator has-css-opacity\"\/>\n\n\n\n<figure class=\"wp-block-embed is-type-video is-provider-youtube wp-block-embed-youtube wp-embed-aspect-16-9 wp-has-aspect-ratio\"><div class=\"wp-block-embed__wrapper\">\n<iframe loading=\"lazy\" title=\"Adam Ben Ezra - AWESOME UPRIGHT BASS SOLO\" width=\"676\" height=\"380\" src=\"https:\/\/www.youtube.com\/embed\/pyUZh_Cbw6Q?feature=oembed\" frameborder=\"0\" allow=\"accelerometer; autoplay; clipboard-write; encrypted-media; gyroscope; picture-in-picture; web-share\" referrerpolicy=\"strict-origin-when-cross-origin\" allowfullscreen><\/iframe>\n<\/div><\/figure>\n\n\n\n<hr class=\"wp-block-separator has-css-opacity\"\/>\n\n\n\n<p>Voici une vid\u00e9o tr\u00e8s efficace r\u00e9alis\u00e9e par Nicolas Martello, professeur d&rsquo;\u00e9ducation musicale<\/p>\n\n\n<p><iframe loading=\"lazy\" title=\"plans sonores\" width=\"676\" height=\"380\" src=\"https:\/\/www.youtube.com\/embed\/hkWz_HL52R4?feature=oembed\" frameborder=\"0\" allow=\"accelerometer; autoplay; clipboard-write; encrypted-media; gyroscope; picture-in-picture; web-share\" referrerpolicy=\"strict-origin-when-cross-origin\" allowfullscreen><\/iframe><\/p>\n","protected":false},"excerpt":{"rendered":"<p>Transition Blues et plan sonores : En guise d&rsquo;introduction (ou de conclusion), voici une vid\u00e9o qui permet d&rsquo;entendre quelques plans sonores sonores qui se suivent&#8230; Ce n&rsquo;est pas l&rsquo;\u00e9coute la plus \u00e9vidente mais elle fait bien le lien avec le&#8230; <a class=\"more-link\" href=\"https:\/\/aedmus.com\/index.php\/4eme\/peut-on-parler-de-plan-en-musique\/\">Continue Reading &rarr;<\/a><\/p>\n","protected":false},"author":1,"featured_media":0,"parent":30,"menu_order":0,"comment_status":"closed","ping_status":"closed","template":"template-fullwidth.php","meta":{"footnotes":""},"class_list":["post-32","page","type-page","status-publish","hentry"],"_links":{"self":[{"href":"https:\/\/aedmus.com\/index.php\/wp-json\/wp\/v2\/pages\/32","targetHints":{"allow":["GET"]}}],"collection":[{"href":"https:\/\/aedmus.com\/index.php\/wp-json\/wp\/v2\/pages"}],"about":[{"href":"https:\/\/aedmus.com\/index.php\/wp-json\/wp\/v2\/types\/page"}],"author":[{"embeddable":true,"href":"https:\/\/aedmus.com\/index.php\/wp-json\/wp\/v2\/users\/1"}],"replies":[{"embeddable":true,"href":"https:\/\/aedmus.com\/index.php\/wp-json\/wp\/v2\/comments?post=32"}],"version-history":[{"count":26,"href":"https:\/\/aedmus.com\/index.php\/wp-json\/wp\/v2\/pages\/32\/revisions"}],"predecessor-version":[{"id":1654,"href":"https:\/\/aedmus.com\/index.php\/wp-json\/wp\/v2\/pages\/32\/revisions\/1654"}],"up":[{"embeddable":true,"href":"https:\/\/aedmus.com\/index.php\/wp-json\/wp\/v2\/pages\/30"}],"wp:attachment":[{"href":"https:\/\/aedmus.com\/index.php\/wp-json\/wp\/v2\/media?parent=32"}],"curies":[{"name":"wp","href":"https:\/\/api.w.org\/{rel}","templated":true}]}}