{"id":30,"date":"2016-11-29T22:15:46","date_gmt":"2016-11-29T21:15:46","guid":{"rendered":"http:\/\/aedmus.com\/?page_id=30"},"modified":"2022-09-04T22:35:36","modified_gmt":"2022-09-04T20:35:36","slug":"4eme","status":"publish","type":"page","link":"https:\/\/aedmus.com\/index.php\/4eme\/","title":{"rendered":"4\u00e8me"},"content":{"rendered":"\n<p><span style=\"font-size: 35px; color: # ref=;\"><a href=\"https:\/\/aedmus.com\/index.php\/4eme\/quels-sont-les-liens-entre-lhistoire-des-etats-unis-et-lhistoire-du-blues\/\">Quels sont les liens entre l&rsquo;histoire des Etats-Unis et l&rsquo;histoire du Blues ?<\/a><\/span><\/p>\n\n\n\n<figure class=\"wp-block-table\"><table><tbody><tr><td> <figure><a href=\"https:\/\/aedmus.com\/index.php\/4eme\/quels-sont-les-liens-entre-lhistoire-des-etats-unis-et-lhistoire-du-blues\/\"><img loading=\"lazy\" decoding=\"async\" width=\"300\" height=\"300\" class=\"aligncenter wp-image-351 size-medium\" src=\"https:\/\/aedmus.com\/wp-content\/uploads\/2016\/11\/Rosaparks_bus-300x300.jpg\" alt=\"\" srcset=\"https:\/\/aedmus.com\/wp-content\/uploads\/2016\/11\/Rosaparks_bus-300x300.jpg 300w, https:\/\/aedmus.com\/wp-content\/uploads\/2016\/11\/Rosaparks_bus-150x150.jpg 150w\" sizes=\"auto, (max-width: 300px) 100vw, 300px\" \/><\/a><\/figure><p style=\"text-align: left;\"> <\/td><td> <figure><a href=\"https:\/\/aedmus.com\/index.php\/4eme\/quels-sont-les-liens-entre-lhistoire-des-etats-unis-et-lhistoire-du-blues\/\"><img loading=\"lazy\" decoding=\"async\" width=\"220\" height=\"246\" class=\"aligncenter wp-image-353 size-full\" src=\"https:\/\/aedmus.com\/wp-content\/uploads\/2016\/11\/Blind_Willie_Johnson_1927.jpg\" alt=\"\"><\/a><\/figure><p style=\"text-align: left;\"> <\/td><\/tr><\/tbody><\/table><\/figure>\n\n\n\n<hr class=\"wp-block-separator\"\/>\n\n\n\n<p><span style=\"font-size: 35px; color: # ref=;\"><a href=\"https:\/\/aedmus.com\/index.php\/4eme\/peut-on-parler-de-plan-en-musique\/\">Peut-on parler de plan en musique ?<\/a><\/span><\/p>\n\n\n\n<div class=\"wp-block-image\"><figure class=\"aligncenter\"><a href=\"https:\/\/aedmus.com\/index.php\/4eme\/peut-on-parler-de-plan-en-musique\/\"><img loading=\"lazy\" decoding=\"async\" width=\"300\" height=\"225\" src=\"https:\/\/aedmus.com\/wp-content\/uploads\/2016\/11\/Citizen-Kane-6-300x225.jpg\" alt=\"\" class=\"wp-image-355\" srcset=\"https:\/\/aedmus.com\/wp-content\/uploads\/2016\/11\/Citizen-Kane-6-300x225.jpg 300w, https:\/\/aedmus.com\/wp-content\/uploads\/2016\/11\/Citizen-Kane-6.jpg 320w\" sizes=\"auto, (max-width: 300px) 100vw, 300px\" \/><\/a><\/figure><\/div>\n\n\n\n<hr class=\"wp-block-separator\"\/>\n\n\n\n<p><span style=\"font-size: 35px; color: # ref=;\"><a href=\"https:\/\/aedmus.com\/index.php\/4eme\/quelles-sont-les-interactions-entre-musique-et-mots\/\" target=\"_blank\" rel=\"noopener noreferrer\">Quelles sont les interactions entre musique et mots ?<\/a><\/span><\/p>\n\n\n\n<div class=\"wp-block-image\"><figure class=\"aligncenter\"><a href=\"https:\/\/aedmus.com\/index.php\/4eme\/quelles-sont-les-interactions-entre-musique-et-mots\/\" target=\"_blank\" rel=\"attachment wp-att-294 noopener noreferrer\"><img loading=\"lazy\" decoding=\"async\" width=\"300\" height=\"118\" src=\"https:\/\/aedmus.com\/wp-content\/uploads\/2016\/11\/padlet_texte-musique-300x118.jpg\" alt=\"\" class=\"wp-image-357\" srcset=\"https:\/\/aedmus.com\/wp-content\/uploads\/2016\/11\/padlet_texte-musique-300x118.jpg 300w, https:\/\/aedmus.com\/wp-content\/uploads\/2016\/11\/padlet_texte-musique-768x302.jpg 768w, https:\/\/aedmus.com\/wp-content\/uploads\/2016\/11\/padlet_texte-musique-1024x403.jpg 1024w, https:\/\/aedmus.com\/wp-content\/uploads\/2016\/11\/padlet_texte-musique-370x146.jpg 370w, https:\/\/aedmus.com\/wp-content\/uploads\/2016\/11\/padlet_texte-musique-1040x409.jpg 1040w, https:\/\/aedmus.com\/wp-content\/uploads\/2016\/11\/padlet_texte-musique.jpg 1888w\" sizes=\"auto, (max-width: 300px) 100vw, 300px\" \/><\/a><\/figure><\/div>\n\n\n\n<hr class=\"wp-block-separator\"\/>\n\n\n\n<p><span style=\"font-size: 35px; color: # ref=;\"><a href=\"http:\/\/aedmus.eu\/4eme\/interruption-numerique\/\">Interruption num\u00e9rique !<\/a><\/span><\/p>\n\n\n\n<hr class=\"wp-block-separator\"\/>\n\n\n\n<p><span style=\"font-size: 35px; color: # ref=;\"><a href=\"https:\/\/aedmus.com\/index.php\/6eme\/comment-la-voix-peut-etre-utilisee-comme-un-instrument-de-musique\/\">La voix, \u00e7a sert \u00e0 quoi ??<\/a><\/span><\/p>\n\n\n\n<div class=\"wp-block-image\"><figure class=\"aligncenter\"><a href=\"https:\/\/aedmus.com\/index.php\/6eme\/comment-la-voix-peut-etre-utilisee-comme-un-instrument-de-musique\/\"><img loading=\"lazy\" decoding=\"async\" width=\"300\" height=\"212\" src=\"https:\/\/aedmus.com\/wp-content\/uploads\/2016\/11\/dessin_chanteuse-300x212.jpg\" alt=\"\" class=\"wp-image-500\" srcset=\"https:\/\/aedmus.com\/wp-content\/uploads\/2016\/11\/dessin_chanteuse-300x212.jpg 300w, https:\/\/aedmus.com\/wp-content\/uploads\/2016\/11\/dessin_chanteuse-768x543.jpg 768w, https:\/\/aedmus.com\/wp-content\/uploads\/2016\/11\/dessin_chanteuse-1024x724.jpg 1024w, https:\/\/aedmus.com\/wp-content\/uploads\/2016\/11\/dessin_chanteuse-370x262.jpg 370w, https:\/\/aedmus.com\/wp-content\/uploads\/2016\/11\/dessin_chanteuse-1040x735.jpg 1040w, https:\/\/aedmus.com\/wp-content\/uploads\/2016\/11\/dessin_chanteuse.jpg 1280w\" sizes=\"auto, (max-width: 300px) 100vw, 300px\" \/><\/a><\/figure><\/div>\n","protected":false},"excerpt":{"rendered":"<p>Quels sont les liens entre l&rsquo;histoire des Etats-Unis et l&rsquo;histoire du Blues ? Peut-on parler de plan en musique ? Quelles sont les interactions entre musique et mots ? Interruption num\u00e9rique ! La voix, \u00e7a sert \u00e0 quoi ??<\/p>\n","protected":false},"author":1,"featured_media":0,"parent":0,"menu_order":3,"comment_status":"closed","ping_status":"closed","template":"template-fullwidth.php","meta":{"footnotes":""},"class_list":["post-30","page","type-page","status-publish","hentry"],"_links":{"self":[{"href":"https:\/\/aedmus.com\/index.php\/wp-json\/wp\/v2\/pages\/30","targetHints":{"allow":["GET"]}}],"collection":[{"href":"https:\/\/aedmus.com\/index.php\/wp-json\/wp\/v2\/pages"}],"about":[{"href":"https:\/\/aedmus.com\/index.php\/wp-json\/wp\/v2\/types\/page"}],"author":[{"embeddable":true,"href":"https:\/\/aedmus.com\/index.php\/wp-json\/wp\/v2\/users\/1"}],"replies":[{"embeddable":true,"href":"https:\/\/aedmus.com\/index.php\/wp-json\/wp\/v2\/comments?post=30"}],"version-history":[{"count":21,"href":"https:\/\/aedmus.com\/index.php\/wp-json\/wp\/v2\/pages\/30\/revisions"}],"predecessor-version":[{"id":1269,"href":"https:\/\/aedmus.com\/index.php\/wp-json\/wp\/v2\/pages\/30\/revisions\/1269"}],"wp:attachment":[{"href":"https:\/\/aedmus.com\/index.php\/wp-json\/wp\/v2\/media?parent=30"}],"curies":[{"name":"wp","href":"https:\/\/api.w.org\/{rel}","templated":true}]}}