{"id":21,"date":"2016-11-29T09:13:42","date_gmt":"2016-11-29T08:13:42","guid":{"rendered":"http:\/\/aedmus.com\/?page_id=21"},"modified":"2022-11-11T09:52:59","modified_gmt":"2022-11-11T08:52:59","slug":"accueil1","status":"publish","type":"page","link":"https:\/\/aedmus.com\/","title":{"rendered":"Bienvenue, plan venguda, welcome, willkommen, \u0623\u0647\u0644\u0627 \u0648\u0633\u0647\u0644\u0627 \u0628\u0643\u0645&#8230;"},"content":{"rendered":"\n<div class=\"wp-block-image\"><figure class=\"aligncenter is-resized\"><a href=\"https:\/\/aedmus.com\/wp-content\/uploads\/2016\/11\/1.jpg\" target=\"_blank\" rel=\"noopener noreferrer\"><img loading=\"lazy\" decoding=\"async\" src=\"https:\/\/aedmus.com\/wp-content\/uploads\/2019\/09\/images-programme.jpg\" alt=\"\" class=\"wp-image-806\" width=\"252\" height=\"202\" srcset=\"https:\/\/aedmus.com\/wp-content\/uploads\/2019\/09\/images-programme.jpg 945w, https:\/\/aedmus.com\/wp-content\/uploads\/2019\/09\/images-programme-300x240.jpg 300w, https:\/\/aedmus.com\/wp-content\/uploads\/2019\/09\/images-programme-768x614.jpg 768w, https:\/\/aedmus.com\/wp-content\/uploads\/2019\/09\/images-programme-600x480.jpg 600w\" sizes=\"auto, (max-width: 252px) 100vw, 252px\" \/><\/a><\/figure><\/div>\n\n\n\n<figure class=\"wp-block-table\"><table><tbody><tr><td class=\"has-text-align-center\" data-align=\"center\"><figure><a href=\"https:\/\/aedmus.com\/wp-content\/uploads\/2016\/11\/3.jpg\" target=\"_blank\" rel=\"noopener noreferrer\"><img loading=\"lazy\" decoding=\"async\" class=\"aligncenter wp-image-445 size-medium\" src=\"https:\/\/aedmus.com\/wp-content\/uploads\/2016\/11\/3-300x240.jpg\" alt=\"\" width=\"300\" height=\"240\" srcset=\"https:\/\/aedmus.com\/wp-content\/uploads\/2016\/11\/3-300x240.jpg 300w, https:\/\/aedmus.com\/wp-content\/uploads\/2016\/11\/3-768x614.jpg 768w, https:\/\/aedmus.com\/wp-content\/uploads\/2016\/11\/3-370x296.jpg 370w, https:\/\/aedmus.com\/wp-content\/uploads\/2016\/11\/3.jpg 945w\" sizes=\"auto, (max-width: 300px) 100vw, 300px\" \/><\/a><\/figure><\/td><td class=\"has-text-align-center\" data-align=\"center\"><figure><a href=\"https:\/\/aedmus.com\/wp-content\/uploads\/2016\/11\/4.jpg\" target=\"_blank\" rel=\"noopener noreferrer\"><img loading=\"lazy\" decoding=\"async\" class=\"aligncenter wp-image-446 size-medium\" src=\"https:\/\/aedmus.com\/wp-content\/uploads\/2016\/11\/4-300x240.jpg\" alt=\"\" width=\"300\" height=\"240\" srcset=\"https:\/\/aedmus.com\/wp-content\/uploads\/2016\/11\/4-300x240.jpg 300w, https:\/\/aedmus.com\/wp-content\/uploads\/2016\/11\/4-768x614.jpg 768w, https:\/\/aedmus.com\/wp-content\/uploads\/2016\/11\/4-370x296.jpg 370w, https:\/\/aedmus.com\/wp-content\/uploads\/2016\/11\/4.jpg 945w\" sizes=\"auto, (max-width: 300px) 100vw, 300px\" \/><\/a><\/figure><\/td><\/tr><tr><td class=\"has-text-align-center\" data-align=\"center\"><figure><a href=\"https:\/\/aedmus.com\/wp-content\/uploads\/2016\/11\/5.jpg\" target=\"_blank\" rel=\"noopener noreferrer\"><img loading=\"lazy\" decoding=\"async\" class=\"aligncenter wp-image-447 size-medium\" src=\"https:\/\/aedmus.com\/wp-content\/uploads\/2016\/11\/5-300x240.jpg\" alt=\"\" width=\"300\" height=\"240\" srcset=\"https:\/\/aedmus.com\/wp-content\/uploads\/2016\/11\/5-300x240.jpg 300w, https:\/\/aedmus.com\/wp-content\/uploads\/2016\/11\/5-768x614.jpg 768w, https:\/\/aedmus.com\/wp-content\/uploads\/2016\/11\/5-370x296.jpg 370w, https:\/\/aedmus.com\/wp-content\/uploads\/2016\/11\/5.jpg 945w\" sizes=\"auto, (max-width: 300px) 100vw, 300px\" \/><\/a><\/figure><\/td><td class=\"has-text-align-center\" data-align=\"center\">&nbsp;\n<p>&nbsp;<\/p>\n<figure><a href=\"https:\/\/aedmus.com\/wp-content\/uploads\/2016\/11\/6.jpg\" target=\"_blank\" rel=\"noopener noreferrer\"><img loading=\"lazy\" decoding=\"async\" class=\"aligncenter wp-image-448 size-medium\" src=\"https:\/\/aedmus.com\/wp-content\/uploads\/2016\/11\/6-300x240.jpg\" alt=\"\" width=\"300\" height=\"240\" srcset=\"https:\/\/aedmus.com\/wp-content\/uploads\/2016\/11\/6-300x240.jpg 300w, https:\/\/aedmus.com\/wp-content\/uploads\/2016\/11\/6-768x614.jpg 768w, https:\/\/aedmus.com\/wp-content\/uploads\/2016\/11\/6-370x296.jpg 370w, https:\/\/aedmus.com\/wp-content\/uploads\/2016\/11\/6.jpg 945w\" sizes=\"auto, (max-width: 300px) 100vw, 300px\" \/><\/a><\/figure><p><\/p>\n<\/td><\/tr><\/tbody><\/table><\/figure>\n\n\n\n<div class=\"wp-block-image\"><figure class=\"alignright\"><img loading=\"lazy\" decoding=\"async\" width=\"300\" height=\"240\" src=\"https:\/\/aedmus.com\/wp-content\/uploads\/2016\/11\/abeille-1-300x240.jpg\" alt=\"\" class=\"wp-image-329\" srcset=\"https:\/\/aedmus.com\/wp-content\/uploads\/2016\/11\/abeille-1-300x240.jpg 300w, https:\/\/aedmus.com\/wp-content\/uploads\/2016\/11\/abeille-1-768x614.jpg 768w, https:\/\/aedmus.com\/wp-content\/uploads\/2016\/11\/abeille-1-1024x819.jpg 1024w, https:\/\/aedmus.com\/wp-content\/uploads\/2016\/11\/abeille-1-370x296.jpg 370w, https:\/\/aedmus.com\/wp-content\/uploads\/2016\/11\/abeille-1-1040x832.jpg 1040w, https:\/\/aedmus.com\/wp-content\/uploads\/2016\/11\/abeille-1.jpg 1280w\" sizes=\"auto, (max-width: 300px) 100vw, 300px\" \/><figcaption>@beedji<\/figcaption><\/figure><\/div>\n\n\n\n<div class=\"wp-block-image\"><figure class=\"alignright\"><img loading=\"lazy\" decoding=\"async\" width=\"234\" height=\"100\" src=\"https:\/\/aedmus.com\/wp-content\/uploads\/2016\/11\/smileychorale3.gif\" alt=\"\" class=\"wp-image-330\"\/><\/figure><\/div>\n\n\n\n<p>Bonjour,<\/p>\n\n\n\n<p>Vous trouverez par ici une partie de vos cours d&rsquo;\u00e9ducation musicale, des coups de c\u0153urs &#x1f9e1; et de ch\u0153urs \u00e0 partager.<\/p>\n\n\n\n<p>La fiche de pr\u00e9sentation de l&rsquo;\u00e9ducation musicale est <a href=\"https:\/\/drive.google.com\/file\/d\/1ntIKlkWa6he60VgNnzMgXohQFVIPGVD1\/view?usp=sharing\">ici <\/a>si vous la cherchez<\/p>\n\n\n\n<hr class=\"wp-block-separator\"\/>\n\n\n\n<p>Et voici le dernier arriv\u00e9 sur la toile : un portail d\u00e9di\u00e9 \u00e0 la voix et au ch\u0153ur. R\u00e9pertoire, tutos vid\u00e9os, interview&#8230; encore des pistes \u00e0 arpenter avec bonheur. Cliquez vite c&rsquo;est ici !<\/p>\n\n\n\n<div class=\"wp-block-image\"><figure class=\"aligncenter\"><a href=\"https:\/\/vox.radiofrance.fr\/\" target=\"_blank\" rel=\"noopener noreferrer\"><img loading=\"lazy\" decoding=\"async\" width=\"300\" height=\"122\" src=\"https:\/\/aedmus.com\/wp-content\/uploads\/2018\/09\/Vox_portail-300x122.jpg\" alt=\"\" class=\"wp-image-655\" srcset=\"https:\/\/aedmus.com\/wp-content\/uploads\/2018\/09\/Vox_portail-300x122.jpg 300w, https:\/\/aedmus.com\/wp-content\/uploads\/2018\/09\/Vox_portail-768x312.jpg 768w, https:\/\/aedmus.com\/wp-content\/uploads\/2018\/09\/Vox_portail-1024x416.jpg 1024w, https:\/\/aedmus.com\/wp-content\/uploads\/2018\/09\/Vox_portail-945x384.jpg 945w, https:\/\/aedmus.com\/wp-content\/uploads\/2018\/09\/Vox_portail-600x244.jpg 600w, https:\/\/aedmus.com\/wp-content\/uploads\/2018\/09\/Vox_portail.jpg 1896w\" sizes=\"auto, (max-width: 300px) 100vw, 300px\" \/><\/a><\/figure><\/div>\n\n\n\n<hr class=\"wp-block-separator\"\/>\n\n\n\n<p>Le coup de coeur de l&rsquo;instant est d\u00e9cern\u00e9 \u00e0 Declan McKenna. Je ne suis pas un inconditionnel de la pop (que j&rsquo;\u00e9coute toujours avec plaisir \ud83d\ude09 ) mais je dois avouer que ce jeune gar\u00e7on m&rsquo;a touch\u00e9 cet \u00e9t\u00e9 (je sais, j&rsquo;ai 1 ans de retard&#8230;). Il m&rsquo;a touch\u00e9 car il a \u00e0 peu pr\u00e8s votre \u00e2ge et&#8230; un sens de la composition pop \u00e9tourdissant. R\u00e9v\u00e9l\u00e9 au <a href=\"https:\/\/fr.wikipedia.org\/wiki\/Glastonbury_Festival\">festival de Glastonbury<\/a> l&rsquo;ann\u00e9e derni\u00e8re (2016) il m&rsquo;a \u00e9tonn\u00e9 par son sens de l&rsquo;\u00e9quilibre des voix, des parties musicales avec un certain d\u00e9calage dans son esth\u00e9tique en carton p\u00e2te propos\u00e9 dans ses EP vid\u00e9o et une \u00e9nergie vivifiante. Il d\u00e9nonce m\u00eame, de mani\u00e8re allusive, la corruption de la FIFA dans BRAZIL, EP qui se retrouve dans son premier album What do you think about the car ? Je laisse vos oreilles entre de bonnes mains musicales&#8230; alors \u00e0 vos guitares\/pc\/smartphone et par\u00e9 pour votre premi\u00e8re compo. Je vous laisse aussi <a href=\"https:\/\/www.youtube.com\/watch?v=Ea43VkCiyFo&amp;ab_channel=NPRMusic\">ici <\/a>une version acoustique voix\/guitare<\/p>\n\n\n\n<div class=\"wp-block-image\"><figure class=\"aligncenter\"><a href=\"https:\/\/www.youtube.com\/watch?v=QHgh77iE6qc&amp;ab_channel=DeclanMcKennaVEVO\" target=\"_blank\" rel=\"noopener noreferrer\"><img loading=\"lazy\" decoding=\"async\" width=\"300\" height=\"154\" src=\"https:\/\/aedmus.com\/wp-content\/uploads\/2016\/11\/declan_mckenna_brazil-300x154.jpg\" alt=\"\" class=\"wp-image-404\" srcset=\"https:\/\/aedmus.com\/wp-content\/uploads\/2016\/11\/declan_mckenna_brazil-300x154.jpg 300w, https:\/\/aedmus.com\/wp-content\/uploads\/2016\/11\/declan_mckenna_brazil-768x394.jpg 768w, https:\/\/aedmus.com\/wp-content\/uploads\/2016\/11\/declan_mckenna_brazil-1024x525.jpg 1024w, https:\/\/aedmus.com\/wp-content\/uploads\/2016\/11\/declan_mckenna_brazil-370x190.jpg 370w, https:\/\/aedmus.com\/wp-content\/uploads\/2016\/11\/declan_mckenna_brazil-1040x534.jpg 1040w, https:\/\/aedmus.com\/wp-content\/uploads\/2016\/11\/declan_mckenna_brazil.jpg 1070w\" sizes=\"auto, (max-width: 300px) 100vw, 300px\" \/><\/a><\/figure><\/div>\n\n\n\n<hr class=\"wp-block-separator\"\/>\n\n\n\n<p>Rassurez vous, je ne vous laisse pas aux seules mains sulfureuses de la pop anglomondialis\u00e9e. Je vous invite aussi \u00e0 \u00e9couter et r\u00e9ecouter cet hommage \u00e0 <a href=\"https:\/\/fr.wikipedia.org\/wiki\/Nelson_Mandela\">Nelson Mandela<\/a> dans Madiba (Madiba en xhosa est le nom du clan tribal de Nelson Mandela, \u00ab\u00a0fer de lance\u00a0\u00bb non violent de la r\u00e9sistance au r\u00e9gime politique de s\u00e9gr\u00e9gation raciale -l&rsquo;apartheid &#8211; en Afrique du sud dans les ann\u00e9es 1990)<\/p>\n\n\n\n<div class=\"wp-block-image\"><figure class=\"aligncenter\"><a href=\"https:\/\/www.youtube.com\/watch?v=NRemhfgIKsA&amp;ab_channel=Ropeadope\"><img loading=\"lazy\" decoding=\"async\" width=\"300\" height=\"154\" src=\"https:\/\/aedmus.com\/wp-content\/uploads\/2016\/11\/madiba_shaun_martin-300x154.jpg\" alt=\"\" class=\"wp-image-410\" srcset=\"https:\/\/aedmus.com\/wp-content\/uploads\/2016\/11\/madiba_shaun_martin-300x154.jpg 300w, https:\/\/aedmus.com\/wp-content\/uploads\/2016\/11\/madiba_shaun_martin-768x395.jpg 768w, https:\/\/aedmus.com\/wp-content\/uploads\/2016\/11\/madiba_shaun_martin-1024x527.jpg 1024w, https:\/\/aedmus.com\/wp-content\/uploads\/2016\/11\/madiba_shaun_martin-370x190.jpg 370w, https:\/\/aedmus.com\/wp-content\/uploads\/2016\/11\/madiba_shaun_martin-1040x535.jpg 1040w, https:\/\/aedmus.com\/wp-content\/uploads\/2016\/11\/madiba_shaun_martin.jpg 1067w\" sizes=\"auto, (max-width: 300px) 100vw, 300px\" \/><\/a><figcaption>Shaun Martin, <em>Madiba<\/em><\/figcaption><\/figure><\/div>\n\n\n\n<p>Un autre lien vers <a href=\"https:\/\/www.youtube.com\/watch?v=XlcKiizWQVI&amp;ab_channel=Ropeadope\">The yellow jacket<\/a>, un autre titre de l&rsquo;album de Shaun Martin<\/p>\n\n\n\n<hr class=\"wp-block-separator\"\/>\n\n\n\n<p>Vous trouverez peut \u00eatre sur cette page l&rsquo;accompagnement du chant que vous travaillez en ce moment&#8230;<\/p>\n\n\n\n<div class=\"wp-block-image\"><figure class=\"aligncenter\"><a href=\"https:\/\/aedmus.com\/index.php\/les-accompagnements-des-chants\/\" target=\"_blank\" rel=\"noopener noreferrer\"><img loading=\"lazy\" decoding=\"async\" width=\"128\" height=\"128\" src=\"https:\/\/aedmus.com\/wp-content\/uploads\/2018\/05\/note.png\" alt=\"\" class=\"wp-image-612\"\/><\/a><\/figure><\/div>\n\n\n\n<hr class=\"wp-block-separator\"\/>\n\n\n\n<figure class=\"wp-block-table\"><table><tbody><tr><th><\/th><th>Nelson Mandela &#8211; No\u00e9<\/th><th>&nbsp;<\/th><\/tr><tr><th><figure><a rel=\"noopener noreferrer\" href=\"https:\/\/cas.ecollege.haute-garonne.fr\/login?service=http%3A%2F%2Fplantaurel.ecollege.haute-garonne.fr%2Fsg.do%3FPROC%3DIDENTIFICATION_FRONT&amp;_saml_idp=AAA_enseignant\" target=\"_blank\"><\/a><\/figure><\/th><th><figure><a href=\"http:\/\/194.51.23.125\/pronote\/professeur.html?identifiant=Yg6Ww27ZA2h8TT2Z\" target=\"_blank\" rel=\"noopener noreferrer\"><img loading=\"lazy\" decoding=\"async\" class=\"alignnone wp-image-57 \" src=\"https:\/\/aedmus.com\/wp-content\/uploads\/2016\/11\/pronote2-300x164.png\" alt=\"pronote2\" width=\"168\" height=\"91\" srcset=\"https:\/\/aedmus.com\/wp-content\/uploads\/2016\/11\/pronote2-300x164.png 300w, https:\/\/aedmus.com\/wp-content\/uploads\/2016\/11\/pronote2-370x202.png 370w, https:\/\/aedmus.com\/wp-content\/uploads\/2016\/11\/pronote2.png 702w\" sizes=\"auto, (max-width: 168px) 100vw, 168px\" \/><\/a><\/figure><\/th><th><figure><a href=\"http:\/\/nelson-mandela.ecollege.haute-garonne.fr\/sg.do?PROC=PAGE_ACCUEIL&amp;ACTION=VALIDER\" target=\"_blank\" rel=\"noopener noreferrer\"><img loading=\"lazy\" decoding=\"async\" class=\"alignnone wp-image-60\" src=\"https:\/\/aedmus.com\/wp-content\/uploads\/2016\/11\/ent.png\" alt=\"ent\" width=\"153\" height=\"140\"><\/a><\/figure><\/th><th><\/th><th><a href=\"https:\/\/si2d.ac-toulouse.fr\/login\/ct_logon_mixte.jsp?CT_ORIG_URL=%2Farena%2F&amp;ct_orig_uri=http%3A%2F%2Fsi2d.ac-toulouse.fr%3A80%2Farena%2F\" target=\"_blank\" rel=\"noreferrer noopener\">Ici<\/a> <figure><a href=\"https:\/\/si2d.ac-toulouse.fr\/arena\/pages\/accueill.jsf\" target=\"_blank\" rel=\"noreferrer noopener\"><img loading=\"lazy\" decoding=\"async\" width=\"124\" height=\"55\" class=\"aligncenter size-full wp-image-616\" src=\"https:\/\/aedmus.com\/wp-content\/uploads\/2018\/05\/ARENA_ednat-admin.jpg\" alt=\"\"><\/a><\/figure>pour l&rsquo;admin g\u00e9n\u00e9rale<\/th><\/tr><\/tbody><\/table><\/figure>\n\n\n\n<hr class=\"wp-block-separator\"\/>\n\n\n\n<figure class=\"wp-block-table\"><table><tbody><tr><td>&nbsp;Le coup de c\u0153ur du moment qui vous donne le frisson (thrill comme ils disent chez nos amis grand-bretons) c&rsquo;est Cam\u00e9lia Jordana avec Eric Truffaz, deux passion\u00e9s de jazz.\n<p>&nbsp;<\/p>\n<p>C&rsquo;est un hommage fiat \u00e0 <a href=\"https:\/\/fr.wikipedia.org\/wiki\/Chet_Baker\">Chet Baker<\/a>, un jazzman \u00e0 la trompette m\u00e9lancolique voire d\u00e9sesp\u00e9r\u00e9e qui interpr\u00e9tait cette <a href=\"https:\/\/www.youtube.com\/watch?v=eWHCRseZrN8\">chanson <\/a>\u00ab\u00a0The thrill is gone\u00a0\u00bb en 1954 sur l&rsquo;album <em>Chet Baker Sings<\/em>&nbsp;(il s&rsquo;est pas foul\u00e9 sur le titre !)- \u00e9crite en 1931 par Lew Brown et Ray Henderson mais \u00e7a c&rsquo;est une autre histoire&#8230;)<\/p>\n<\/td><td>&nbsp;<figure><a href=\"https:\/\/www.youtube.com\/watch?v=9oxw7VJjQrU&amp;feature=youtu.be\" target=\"_blank\" rel=\"noopener noreferrer\"><img loading=\"lazy\" decoding=\"async\" class=\"alignnone wp-image-223 \" src=\"https:\/\/aedmus.com\/wp-content\/uploads\/2016\/11\/camelia_jordana-300x150.jpg\" width=\"515\" height=\"259\" srcset=\"https:\/\/aedmus.com\/wp-content\/uploads\/2016\/11\/camelia_jordana-300x150.jpg 300w, https:\/\/aedmus.com\/wp-content\/uploads\/2016\/11\/camelia_jordana-370x185.jpg 370w, https:\/\/aedmus.com\/wp-content\/uploads\/2016\/11\/camelia_jordana.jpg 640w\" sizes=\"auto, (max-width: 515px) 100vw, 515px\" \/><\/a><\/figure><\/td><\/tr><tr><td>Le coup de c\u0153ur du moment, apr\u00e8s le rock symphonique, voici maintenant le hip-hop symphonique avec notamment Bigflo et Oli qui proposent leur premi\u00e8re de \u00ab\u00a0Je suis\u00a0\u00bb&#8230; Vous aimez ?<\/td><td><figure><a href=\"https:\/\/www.youtube.com\/watch?v=YhpX9xW9DN0&amp;ab_channel=CarlaIobetiti%C3%A7\" target=\"_blank\" rel=\"noopener noreferrer\"><img loading=\"lazy\" decoding=\"async\" class=\"aligncenter wp-image-303\" src=\"https:\/\/aedmus.com\/wp-content\/uploads\/2016\/11\/hiphop_symphonique-300x183.jpg\" alt=\"\" width=\"356\" height=\"217\" srcset=\"https:\/\/aedmus.com\/wp-content\/uploads\/2016\/11\/hiphop_symphonique-300x183.jpg 300w, https:\/\/aedmus.com\/wp-content\/uploads\/2016\/11\/hiphop_symphonique-768x468.jpg 768w, https:\/\/aedmus.com\/wp-content\/uploads\/2016\/11\/hiphop_symphonique-1024x623.jpg 1024w, https:\/\/aedmus.com\/wp-content\/uploads\/2016\/11\/hiphop_symphonique-370x225.jpg 370w, https:\/\/aedmus.com\/wp-content\/uploads\/2016\/11\/hiphop_symphonique-1040x633.jpg 1040w, https:\/\/aedmus.com\/wp-content\/uploads\/2016\/11\/hiphop_symphonique.jpg 1273w\" sizes=\"auto, (max-width: 356px) 100vw, 356px\" \/><\/a><\/figure><\/td><\/tr><tr><td>Pour continuer dans les coups de coeurs, le dernier film musical \u00e0 ne pas manquer !!! Partage des diff\u00e9rences, dialogue, \u00e9coute&#8230; Du quotidiens pour nous \ud83d\ude09<\/td><td><figure><a href=\"http:\/\/www.zerodeconduite.net\/themusicofstrangers\/extraits.html\" target=\"_blank\" rel=\"noreferrer noopener\"><img loading=\"lazy\" decoding=\"async\" width=\"474\" height=\"197\" class=\"wp-image-241 aligncenter\" src=\"https:\/\/aedmus.com\/wp-content\/uploads\/2016\/11\/Music_of_strangers-300x125.jpg\" alt=\"\" srcset=\"https:\/\/aedmus.com\/wp-content\/uploads\/2016\/11\/Music_of_strangers-300x125.jpg 300w, https:\/\/aedmus.com\/wp-content\/uploads\/2016\/11\/Music_of_strangers-768x320.jpg 768w, https:\/\/aedmus.com\/wp-content\/uploads\/2016\/11\/Music_of_strangers-1024x426.jpg 1024w, https:\/\/aedmus.com\/wp-content\/uploads\/2016\/11\/Music_of_strangers-370x154.jpg 370w, https:\/\/aedmus.com\/wp-content\/uploads\/2016\/11\/Music_of_strangers-1040x433.jpg 1040w, https:\/\/aedmus.com\/wp-content\/uploads\/2016\/11\/Music_of_strangers.jpg 1249w\" sizes=\"auto, (max-width: 474px) 100vw, 474px\" \/><\/a><\/figure><\/td><\/tr><tr><td>Bient\u00f4t dans nos cantines&#8230;<\/td><td><figure><a href=\"https:\/\/www.youtube.com\/watch?v=JNgCM7zp30M&amp;feature=youtu.be\" target=\"_blank\" rel=\"noopener noreferrer\"><img loading=\"lazy\" decoding=\"async\" class=\"wp-image-224 aligncenter\" src=\"https:\/\/aedmus.com\/wp-content\/uploads\/2016\/11\/flashmob_scala_fooding-300x150.jpg\" width=\"368\" height=\"184\" srcset=\"https:\/\/aedmus.com\/wp-content\/uploads\/2016\/11\/flashmob_scala_fooding-300x150.jpg 300w, https:\/\/aedmus.com\/wp-content\/uploads\/2016\/11\/flashmob_scala_fooding-370x185.jpg 370w, https:\/\/aedmus.com\/wp-content\/uploads\/2016\/11\/flashmob_scala_fooding.jpg 640w\" sizes=\"auto, (max-width: 368px) 100vw, 368px\" \/><\/a><\/figure><\/td><\/tr><tr><td>Et l&rsquo;\u00e9cole dans tout \u00e7a, \u00e7a sert \u00e0 quoi, comment \u00e7a marche ? Des vid\u00e9os \u00e0 regarder avec les parents<\/td><td><figure><a href=\"http:\/\/www.onisep.fr\/Parents\/L-Ecole-expliquee-aux-parents-en-video\" target=\"_blank\" rel=\"noreferrer noopener\"><img loading=\"lazy\" decoding=\"async\" width=\"335\" height=\"190\" class=\"aligncenter wp-image-507\" src=\"https:\/\/aedmus.com\/wp-content\/uploads\/2017\/12\/lecole-expliqu\u00e9e-aux-parents-300x170.jpg\" alt=\"\" srcset=\"https:\/\/aedmus.com\/wp-content\/uploads\/2017\/12\/lecole-expliqu\u00e9e-aux-parents-300x170.jpg 300w, https:\/\/aedmus.com\/wp-content\/uploads\/2017\/12\/lecole-expliqu\u00e9e-aux-parents-768x436.jpg 768w, https:\/\/aedmus.com\/wp-content\/uploads\/2017\/12\/lecole-expliqu\u00e9e-aux-parents-370x210.jpg 370w, https:\/\/aedmus.com\/wp-content\/uploads\/2017\/12\/lecole-expliqu\u00e9e-aux-parents.jpg 1010w\" sizes=\"auto, (max-width: 335px) 100vw, 335px\" \/><\/a><\/figure><\/td><\/tr><\/tbody><\/table><\/figure>\n\n\n\n<hr class=\"wp-block-separator\"\/>\n\n\n\n<p>Quelques pages de sites oueb qui m\u00e9ritent une attention toute musicale<\/p>\n\n\n\n<figure class=\"wp-block-table\"><table><tbody><tr><td>La musique, une mani\u00e8re de traiter la dyslexie<\/td><td>Le lien vers l&rsquo;article de france musique <a href=\"https:\/\/www.francemusique.fr\/actualite-musicale\/musique-et-sante-cours-de-musique-pour-traiter-la-dyslexie-ca-marche-1102\">ici<\/a><br><figure><iframe loading=\"lazy\" style=\"border: 0px;\" src=\"\/\/www.pearltrees.com\/beedji\/musique-therapies\/id18298695?embed=2&amp;d=201709052144\" width=\"300\" height=\"310\"><\/iframe><\/figure><span style=\"display: block; padding-top: 2px; color: #818181; font-size: 13px;\"><a style=\"color: #818181; font-size: 13px;\" href=\"http:\/\/www.pearltrees.com\/beedji\/musique-therapies\/id18298695\" target=\"_blank\" rel=\"noopener noreferrer\">Musique et th\u00e9rapies, th\u00e9rapies en musique<\/a>, par <a style=\"color: #818181; font-size: 13px;\" href=\"http:\/\/www.pearltrees.com\/beedji\" target=\"_blank\" rel=\"noopener noreferrer\">beedji<\/a><\/span><\/td><\/tr><\/tbody><\/table><\/figure>\n\n\n\n<hr class=\"wp-block-separator\"\/>\n\n\n\n<p>Voici le QR code \u00e0 flasher lors des s\u00e9ances d&rsquo;\u00e9coute individuelle&nbsp;<\/p>\n\n\n\n<div class=\"wp-block-image\"><figure class=\"aligncenter\"><a href=\"http:\/\/www.unitag.io\/qrcode\"><img decoding=\"async\" src=\"http:\/\/www.unitag.io\/qreator\/generate?crs=e2ZRfLkGhCcNX0uPU0VF3psv%252Bf3Ob5SH7gn%252BI7vD1SeqaE%252FF72l56wB37Rg%252F7z8pbP2HBbfvZCdHWkxmB7CEgMqXQC6ybVz8JWShRgWFA5Itlv0V4inLyjAyo6kZXZLZxuUiRzCTs%252FdL5xl%252FdSzk8fyZ4%252BryNHvKgU5%252BFM0VWClh1oBHdAJf3NVFkQ2%252Fzzj6DxLPjZw0nv7aB1tKVT2gApXs%252BKJwb0YxJ4ASzKYgfBccyRumQMMGn%252BHsEgAwcjaj%252FuLRzPIdU45iTeyts0zkYXhA5bgNnOt6nBUhRMW%252FkrFzUbL0dmVhSJw%252FDlMTl58hfb7UxZnCpMQIhLnIX6sBg5g4zCMfh9SH8iOk%252BxapsCZhcwtccGuXPVbFpG57HNmaMHr1OupnaMZMyG8SV6vhuUuDWGJF48%252BzkwXVJgUHC5YCuJJos73G7kas825DVtV0BuuxFZ%252BK3t9Fz3SYau16jjaeMVg28EPqmBq7Dh%252B8eZH8uXliKabDJSWnjp9owpqVo34NtmdXmtP1krkM0Up8WA%253D%253D&amp;crd=fhOysE0g3Bah%252BuqXA7NPQwL7c8UQCjrdKVL5bL9xuSq3jnLQ%252BMNI6pLIrXJmjIIWQ6A02nYfQSYbDe0ee30A8A%253D%253D\" alt=\"QR Code mathixbox\"\/><\/a><\/figure><\/div>\n\n\n\n<hr class=\"wp-block-separator\"\/>\n","protected":false},"excerpt":{"rendered":"<p>&nbsp; &nbsp; Bonjour, Vous trouverez par ici une partie de vos cours d&rsquo;\u00e9ducation musicale, des coups de c\u0153urs &#x1f9e1; et de ch\u0153urs \u00e0 partager. La fiche de pr\u00e9sentation de l&rsquo;\u00e9ducation musicale est ici si vous la cherchez Et voici le&#8230; <a class=\"more-link\" href=\"https:\/\/aedmus.com\/\">Continue Reading &rarr;<\/a><\/p>\n","protected":false},"author":1,"featured_media":0,"parent":0,"menu_order":0,"comment_status":"closed","ping_status":"closed","template":"template-fullwidth.php","meta":{"footnotes":""},"class_list":["post-21","page","type-page","status-publish","hentry"],"_links":{"self":[{"href":"https:\/\/aedmus.com\/index.php\/wp-json\/wp\/v2\/pages\/21","targetHints":{"allow":["GET"]}}],"collection":[{"href":"https:\/\/aedmus.com\/index.php\/wp-json\/wp\/v2\/pages"}],"about":[{"href":"https:\/\/aedmus.com\/index.php\/wp-json\/wp\/v2\/types\/page"}],"author":[{"embeddable":true,"href":"https:\/\/aedmus.com\/index.php\/wp-json\/wp\/v2\/users\/1"}],"replies":[{"embeddable":true,"href":"https:\/\/aedmus.com\/index.php\/wp-json\/wp\/v2\/comments?post=21"}],"version-history":[{"count":60,"href":"https:\/\/aedmus.com\/index.php\/wp-json\/wp\/v2\/pages\/21\/revisions"}],"predecessor-version":[{"id":1314,"href":"https:\/\/aedmus.com\/index.php\/wp-json\/wp\/v2\/pages\/21\/revisions\/1314"}],"wp:attachment":[{"href":"https:\/\/aedmus.com\/index.php\/wp-json\/wp\/v2\/media?parent=21"}],"curies":[{"name":"wp","href":"https:\/\/api.w.org\/{rel}","templated":true}]}}