{"id":187,"date":"2016-12-30T17:23:55","date_gmt":"2016-12-30T16:23:55","guid":{"rendered":"http:\/\/aedmus.com\/?page_id=187"},"modified":"2025-12-01T12:11:16","modified_gmt":"2025-12-01T11:11:16","slug":"a-quoi-ca-sert-dorganiser-un-orchestre","status":"publish","type":"page","link":"https:\/\/aedmus.com\/index.php\/6eme\/a-quoi-ca-sert-dorganiser-un-orchestre\/","title":{"rendered":"A quoi \u00e7a sert d&rsquo;organiser un orchestre ?"},"content":{"rendered":"\n<p>En premier lieu, voici nos savants nomades Fred et Jamy qui nous proposent l&rsquo;essentiel en 4 minutes \u00e0 peine<\/p>\n\n\n<div class=\"wp-block-image\">\n<figure class=\"aligncenter\"><a href=\"https:\/\/www.lumni.fr\/video\/l-organisation-d-un-orchestre-symphonique\"><img loading=\"lazy\" decoding=\"async\" width=\"300\" height=\"186\" src=\"https:\/\/aedmus.com\/wp-content\/uploads\/2018\/10\/cpsorcier_orchestre-300x186.jpg\" alt=\"\" class=\"wp-image-684\" srcset=\"https:\/\/aedmus.com\/wp-content\/uploads\/2018\/10\/cpsorcier_orchestre-300x186.jpg 300w, https:\/\/aedmus.com\/wp-content\/uploads\/2018\/10\/cpsorcier_orchestre-768x475.jpg 768w, https:\/\/aedmus.com\/wp-content\/uploads\/2018\/10\/cpsorcier_orchestre-600x371.jpg 600w, https:\/\/aedmus.com\/wp-content\/uploads\/2018\/10\/cpsorcier_orchestre.jpg 878w\" sizes=\"auto, (max-width: 300px) 100vw, 300px\" \/><\/a><\/figure>\n<\/div>\n\n\n<p>Nous poserons ensuite nos oreilles vers une autre oeuvre \u00ab\u00a0p\u00e9dagogique !\u00a0\u00bb puisque son compositeur, <a href=\"http:\/\/www.francemusique.fr\/personne\/benjamin-britten-lowestoft-1913-aldeburg-1976\" target=\"_blank\" rel=\"noopener noreferrer\">Benjamin Britten<\/a> l&rsquo;a \u00e9crite \u00e0 destination du jeune public&#8230; Averti cependant !<\/p>\n\n\n\n<p><strong><em>The Young Person&rsquo;s Guide to the Orchestra<\/em>, Op. 34 <\/strong><\/p>\n\n\n\n<p><strong>\u00ab\u00a0Variations and Fugue on a Theme of Purcell\u00a0\u00bb<\/strong><\/p>\n\n\n\n<figure class=\"wp-block-embed is-type-video is-provider-youtube wp-block-embed-youtube wp-embed-aspect-4-3 wp-has-aspect-ratio\"><div class=\"wp-block-embed__wrapper\">\n<iframe loading=\"lazy\" title=\"The Young Persons Guide to the Orchestra\" width=\"676\" height=\"507\" src=\"https:\/\/www.youtube.com\/embed\/Ku3TRcjLpyY?feature=oembed\" frameborder=\"0\" allow=\"accelerometer; autoplay; clipboard-write; encrypted-media; gyroscope; picture-in-picture; web-share\" referrerpolicy=\"strict-origin-when-cross-origin\" allowfullscreen><\/iframe>\n<\/div><\/figure>\n\n\n\n<p>En effet, Britten utilise une m\u00e9lodie, un th\u00e8me tr\u00e8s c\u00e9l\u00e8bre (qui est une musique de sc\u00e8ne pour la trag\u00e9die du m\u00eame nom : <a href=\"https:\/\/www.youtube.com\/watch?v=jZHyiwzJuV8\" target=\"_blank\" rel=\"noopener noreferrer\">Abdelazer or the moor&rsquo;s revenge<\/a>, [le rondeau est \u00e0 4&rsquo;20]. La pi\u00e8ce est elle m\u00eame \u00e9crite par <a href=\"https:\/\/fr.wikipedia.org\/wiki\/Aphra_Behn\" target=\"_blank\" rel=\"noopener noreferrer\">Aphra Behn<\/a>, une femme \u00e9crivaine qui vit de son \u00e9criture au XVII\u00e9me si\u00e8cle, c&rsquo;est plut\u00f4t rare mais je m&rsquo;\u00e9gare&#8230;)<\/p>\n\n\n\n<hr class=\"wp-block-separator has-alpha-channel-opacity\"\/>\n\n\n\n<div class=\"wp-block-pdf-viewer-block-standard\" style=\"text-align:left\"><div class=\"uploaded-pdf\"><a href=\"https:\/\/aedmus.com\/wp-content\/uploads\/2024\/03\/battle-purcell-britten.pdf\" data-width=\"\" data-height=\"\"><\/a><\/div><\/div>\n\n\n\n<div class=\"wp-block-pdf-viewer-block-standard\" style=\"text-align:left\"><div class=\"uploaded-pdf\"><a href=\"https:\/\/aedmus.com\/wp-content\/uploads\/2024\/03\/fiche-orchestre1.pdf\" data-width=\"\" data-height=\"\"><\/a><\/div><\/div>\n\n\n\n<div class=\"wp-block-pdf-viewer-block-standard\" style=\"text-align:left\"><div class=\"uploaded-pdf\"><a href=\"https:\/\/aedmus.com\/wp-content\/uploads\/2024\/03\/Lorchestre.pdf\" data-width=\"\" data-height=\"\"><\/a><\/div><\/div>\n\n\n\n<hr class=\"wp-block-separator has-alpha-channel-opacity\"\/>\n\n\n\n<div class=\"wp-block-buttons is-layout-flex wp-block-buttons-is-layout-flex\">\n<div class=\"wp-block-button\"><a class=\"wp-block-button__link wp-element-button\" href=\"https:\/\/ladigitale.dev\/digitools\/tirage-texte\/?p=692d7793baae4\">Miniquiz 1<\/a><\/div>\n<\/div>\n\n\n\n<hr class=\"wp-block-separator has-css-opacity\"\/>\n\n\n\n<p>Allons faire un petit tour vers le m\u00e9tier de chef ou cheffe d&rsquo;orchestre.<\/p>\n\n\n\n<figure class=\"wp-block-embed is-type-video is-provider-youtube wp-block-embed-youtube wp-embed-aspect-16-9 wp-has-aspect-ratio\"><div class=\"wp-block-embed__wrapper\">\nhttps:\/\/www.youtube.com\/watch?v=SYE6OaZw91s\n<\/div><\/figure>\n\n\n\n<hr class=\"wp-block-separator has-css-opacity\"\/>\n\n\n\n<p><strong><em>L&rsquo;orchestre de Paris<\/em><\/strong><\/p>\n\n\n\n<p>Vous pouvez aussi visiter et \u00e9couter les diff\u00e9rents pupitres de l&rsquo;orchestres gr\u00e2ce \u00e0 <a href=\"http:\/\/www.orchestredeparis.com\/figuresdenotes\/\" target=\"_blank\" rel=\"noopener noreferrer\">l&rsquo;orchestre de paris<\/a><\/p>\n\n\n<div class=\"wp-block-image\">\n<figure class=\"aligncenter\"><a href=\"http:\/\/www.orchestredeparis.com\/figuresdenotes\/\" target=\"_blank\" rel=\"noopener noreferrer\"><img loading=\"lazy\" decoding=\"async\" width=\"300\" height=\"201\" src=\"https:\/\/aedmus.com\/wp-content\/uploads\/2018\/03\/image3344-300x201.png\" alt=\"\" class=\"wp-image-547\" srcset=\"https:\/\/aedmus.com\/wp-content\/uploads\/2018\/03\/image3344-300x201.png 300w, https:\/\/aedmus.com\/wp-content\/uploads\/2018\/03\/image3344-370x248.png 370w, https:\/\/aedmus.com\/wp-content\/uploads\/2018\/03\/image3344.png 654w\" sizes=\"auto, (max-width: 300px) 100vw, 300px\" \/><\/a><\/figure>\n<\/div>\n\n\n<p>Voici une capsule vid\u00e9o De Mme Toupin qui r\u00e9capitule ce que nous avons vue en cours<\/p>\n\n\n\n<figure class=\"wp-block-embed is-type-video is-provider-youtube wp-block-embed-youtube wp-embed-aspect-16-9 wp-has-aspect-ratio\"><div class=\"wp-block-embed__wrapper\">\n<iframe loading=\"lazy\" title=\"capsule p\u00e9dagogique : les familles instrumentales et l&#039;orchestre symphonique\" width=\"676\" height=\"380\" src=\"https:\/\/www.youtube.com\/embed\/ecX3ejG1eP0?feature=oembed\" frameborder=\"0\" allow=\"accelerometer; autoplay; clipboard-write; encrypted-media; gyroscope; picture-in-picture; web-share\" referrerpolicy=\"strict-origin-when-cross-origin\" allowfullscreen><\/iframe>\n<\/div><\/figure>\n\n\n\n<hr class=\"wp-block-separator has-css-opacity\"\/>\n\n\n\n<figure class=\"wp-block-embed is-type-video is-provider-youtube wp-block-embed-youtube aligncenter wp-embed-aspect-4-3 wp-has-aspect-ratio wp-embed-aspect-16-9\"><div class=\"wp-block-embed__wrapper\">\n<iframe loading=\"lazy\" title=\"H. Purcell - Abdelazer, or The Moor&#039;s Revenge (Z. 570)\" width=\"676\" height=\"380\" src=\"https:\/\/www.youtube.com\/embed\/Axre5IReeRU?feature=oembed\" frameborder=\"0\" allow=\"accelerometer; autoplay; clipboard-write; encrypted-media; gyroscope; picture-in-picture; web-share\" referrerpolicy=\"strict-origin-when-cross-origin\" allowfullscreen><\/iframe>\n<\/div><figcaption class=\"wp-element-caption\">La danse d&rsquo;Abdelazer, Orchestre \u00e0 cordes, clavecin<\/figcaption><\/figure>\n\n\n\n<div class=\"wp-block-buttons is-layout-flex wp-block-buttons-is-layout-flex\">\n<div class=\"wp-block-button\"><a class=\"wp-block-button__link wp-element-button\" href=\"https:\/\/youtu.be\/2tP8YxwLxzs\">\u00e0 la fl\u00fbte<\/a><\/div>\n\n\n\n<div class=\"wp-block-button\"><a class=\"wp-block-button__link wp-element-button\" href=\"https:\/\/youtu.be\/IevC-bikdxA\">Aux cuivres<\/a><\/div>\n\n\n\n<div class=\"wp-block-button\"><a class=\"wp-block-button__link wp-element-button\" href=\"https:\/\/youtu.be\/15rj-xFh2yg\">A l&rsquo;orchestre<\/a><\/div>\n<\/div>\n\n\n\n<hr class=\"wp-block-separator has-alpha-channel-opacity\"\/>\n\n\n\n<p>Les chansons que l&rsquo;on pourra chanter<\/p>\n\n\n\n<figure class=\"wp-block-table\"><table><tbody><tr><th>L&rsquo;orchestre, c&rsquo;est pas sorcier<br><figure><a href=\"https:\/\/aedmus.com\/wp-content\/uploads\/2018\/03\/fiche-apprenti-sorcier.pdf\"><img loading=\"lazy\" decoding=\"async\" class=\"aligncenter size-medium wp-image-548\" src=\"https:\/\/aedmus.com\/wp-content\/uploads\/2018\/03\/fiche-apprenti-sorcier-212x300.jpg\" alt=\"\" width=\"212\" height=\"300\" srcset=\"https:\/\/aedmus.com\/wp-content\/uploads\/2018\/03\/fiche-apprenti-sorcier-212x300.jpg 212w, https:\/\/aedmus.com\/wp-content\/uploads\/2018\/03\/fiche-apprenti-sorcier-768x1086.jpg 768w, https:\/\/aedmus.com\/wp-content\/uploads\/2018\/03\/fiche-apprenti-sorcier-724x1024.jpg 724w, https:\/\/aedmus.com\/wp-content\/uploads\/2018\/03\/fiche-apprenti-sorcier-370x523.jpg 370w, https:\/\/aedmus.com\/wp-content\/uploads\/2018\/03\/fiche-apprenti-sorcier-1040x1471.jpg 1040w, https:\/\/aedmus.com\/wp-content\/uploads\/2018\/03\/fiche-apprenti-sorcier.jpg 1240w\" sizes=\"auto, (max-width: 212px) 100vw, 212px\" \/><\/a><\/figure><\/th><th>Les ricochets<br><figure><a href=\"https:\/\/aedmus.com\/wp-content\/uploads\/2018\/03\/des-ricochets.pdf\"><img loading=\"lazy\" decoding=\"async\" class=\"aligncenter size-medium wp-image-550\" src=\"https:\/\/aedmus.com\/wp-content\/uploads\/2018\/03\/des-ricochets-212x300.jpg\" alt=\"\" width=\"212\" height=\"300\" srcset=\"https:\/\/aedmus.com\/wp-content\/uploads\/2018\/03\/des-ricochets-212x300.jpg 212w, https:\/\/aedmus.com\/wp-content\/uploads\/2018\/03\/des-ricochets-768x1086.jpg 768w, https:\/\/aedmus.com\/wp-content\/uploads\/2018\/03\/des-ricochets-724x1024.jpg 724w, https:\/\/aedmus.com\/wp-content\/uploads\/2018\/03\/des-ricochets-370x523.jpg 370w, https:\/\/aedmus.com\/wp-content\/uploads\/2018\/03\/des-ricochets-1040x1471.jpg 1040w, https:\/\/aedmus.com\/wp-content\/uploads\/2018\/03\/des-ricochets.jpg 1240w\" sizes=\"auto, (max-width: 212px) 100vw, 212px\" \/><\/a><\/figure><\/th><th>\n<p style=\"text-align: center;\">Joga<\/p>\n<p>Un <a href=\"https:\/\/www.youtube.com\/watch?v=OKPC-T3jjRg&amp;ab_channel=PS22Chorus\">lien<\/a> vers une interpr\u00e9taion de ce chant par <a href=\"https:\/\/fr.wikipedia.org\/wiki\/Chorale_ps22\">PS22<\/a>, un choeur d&rsquo;enfant de New York<\/p>\n<figure><a href=\"https:\/\/aedmus.com\/wp-content\/uploads\/2017\/04\/J\u00f2g\u00e0_Bjork_1997.pdf\"><img loading=\"lazy\" decoding=\"async\" class=\"alignnone size-medium wp-image-296\" src=\"https:\/\/aedmus.com\/wp-content\/uploads\/2017\/04\/joga-215x300.jpg\" alt=\"\" width=\"215\" height=\"300\" srcset=\"https:\/\/aedmus.com\/wp-content\/uploads\/2017\/04\/joga-215x300.jpg 215w, https:\/\/aedmus.com\/wp-content\/uploads\/2017\/04\/joga-370x516.jpg 370w, https:\/\/aedmus.com\/wp-content\/uploads\/2017\/04\/joga.jpg 511w\" sizes=\"auto, (max-width: 215px) 100vw, 215px\" \/><\/a><\/figure><p><\/p>\n<\/th><\/tr><\/tbody><\/table><\/figure>\n\n\n\n<hr class=\"wp-block-separator has-css-opacity\"\/>\n\n\n\n<p><strong><em>LES BONUS&nbsp;<\/em><\/strong><\/p>\n\n\n\n<p> Musique \u00ab\u00a0classique\u00a0\u00bb mais aussi musiques de films, musique contemporaine, accompagnement de chanson, de po\u00e9sie&#8230; L&rsquo;orchestre finalement se pr\u00eate \u00e0 de nombreuses utilisations. Nous allons ensemble comprendre comment il est organis\u00e9.<strong><em> L&rsquo;apprenti sorcier&nbsp;<\/em>de Paul Dukas<\/strong>.<\/p>\n\n\n\n<p>Voici un guide que nous d\u00e9couvrirons&nbsp;au fil des \u00e9coutes <\/p>\n\n\n<div class=\"wp-block-image\">\n<figure class=\"aligncenter\"><a href=\"http:\/\/media.citedelamusique.fr\/CMDA\/public\/CMDA100003900\/\"><img loading=\"lazy\" decoding=\"async\" width=\"300\" height=\"222\" src=\"https:\/\/aedmus.com\/wp-content\/uploads\/2018\/03\/guide_apprenti_sorcier-300x222.jpg\" alt=\"\" class=\"wp-image-553\" srcset=\"https:\/\/aedmus.com\/wp-content\/uploads\/2018\/03\/guide_apprenti_sorcier-300x222.jpg 300w, https:\/\/aedmus.com\/wp-content\/uploads\/2018\/03\/guide_apprenti_sorcier-768x568.jpg 768w, https:\/\/aedmus.com\/wp-content\/uploads\/2018\/03\/guide_apprenti_sorcier-1024x757.jpg 1024w, https:\/\/aedmus.com\/wp-content\/uploads\/2018\/03\/guide_apprenti_sorcier-370x273.jpg 370w, https:\/\/aedmus.com\/wp-content\/uploads\/2018\/03\/guide_apprenti_sorcier-1040x769.jpg 1040w, https:\/\/aedmus.com\/wp-content\/uploads\/2018\/03\/guide_apprenti_sorcier.jpg 1146w\" sizes=\"auto, (max-width: 300px) 100vw, 300px\" \/><\/a><\/figure>\n<\/div>\n\n\n<hr class=\"wp-block-separator has-alpha-channel-opacity\"\/>\n\n\n\n<p>Encore un bonus :<\/p>\n\n\n\n<p>Le th\u00e8me de Hedwig&rsquo;s, la chouette de Harry Potter \ud83d\ude09<\/p>\n\n\n\n<p>Entra\u00eene toi \u00e0 reconna\u00eetre les familles et les instruments sur cette vid\u00e9o <em>le th\u00e8me d&rsquo;Hedwig<\/em> de J. Williams<\/p>\n\n\n\n<figure class=\"wp-block-embed is-type-video is-provider-youtube wp-block-embed-youtube wp-embed-aspect-4-3 wp-has-aspect-ratio\"><div class=\"wp-block-embed__wrapper\">\n<iframe loading=\"lazy\" title=\"BBC&#039;s Proms   Hedwig&#039;s Theme from Harry Potter\" width=\"676\" height=\"507\" src=\"https:\/\/www.youtube.com\/embed\/GTXBLyp7_Dw?feature=oembed\" frameborder=\"0\" allow=\"accelerometer; autoplay; clipboard-write; encrypted-media; gyroscope; picture-in-picture; web-share\" referrerpolicy=\"strict-origin-when-cross-origin\" allowfullscreen><\/iframe>\n<\/div><\/figure>\n\n\n\n<p><a href=\"https:\/\/ladigitale.dev\/digitools\/tirage-texte\/?p=692d7793baae4&amp;t=kndu19r8b4\">Adminiq1<\/a><\/p>\n","protected":false},"excerpt":{"rendered":"<p>En premier lieu, voici nos savants nomades Fred et Jamy qui nous proposent l&rsquo;essentiel en 4 minutes \u00e0 peine Nous poserons ensuite nos oreilles vers une autre oeuvre \u00ab\u00a0p\u00e9dagogique !\u00a0\u00bb puisque son compositeur, Benjamin Britten l&rsquo;a \u00e9crite \u00e0 destination du&#8230; <a class=\"more-link\" href=\"https:\/\/aedmus.com\/index.php\/6eme\/a-quoi-ca-sert-dorganiser-un-orchestre\/\">Continue Reading &rarr;<\/a><\/p>\n","protected":false},"author":1,"featured_media":0,"parent":110,"menu_order":0,"comment_status":"closed","ping_status":"closed","template":"template-fullwidth.php","meta":{"footnotes":""},"class_list":["post-187","page","type-page","status-publish","hentry"],"_links":{"self":[{"href":"https:\/\/aedmus.com\/index.php\/wp-json\/wp\/v2\/pages\/187","targetHints":{"allow":["GET"]}}],"collection":[{"href":"https:\/\/aedmus.com\/index.php\/wp-json\/wp\/v2\/pages"}],"about":[{"href":"https:\/\/aedmus.com\/index.php\/wp-json\/wp\/v2\/types\/page"}],"author":[{"embeddable":true,"href":"https:\/\/aedmus.com\/index.php\/wp-json\/wp\/v2\/users\/1"}],"replies":[{"embeddable":true,"href":"https:\/\/aedmus.com\/index.php\/wp-json\/wp\/v2\/comments?post=187"}],"version-history":[{"count":27,"href":"https:\/\/aedmus.com\/index.php\/wp-json\/wp\/v2\/pages\/187\/revisions"}],"predecessor-version":[{"id":1732,"href":"https:\/\/aedmus.com\/index.php\/wp-json\/wp\/v2\/pages\/187\/revisions\/1732"}],"up":[{"embeddable":true,"href":"https:\/\/aedmus.com\/index.php\/wp-json\/wp\/v2\/pages\/110"}],"wp:attachment":[{"href":"https:\/\/aedmus.com\/index.php\/wp-json\/wp\/v2\/media?parent=187"}],"curies":[{"name":"wp","href":"https:\/\/api.w.org\/{rel}","templated":true}]}}