{"id":184,"date":"2016-12-30T17:21:01","date_gmt":"2016-12-30T16:21:01","guid":{"rendered":"http:\/\/aedmus.com\/?page_id=184"},"modified":"2022-01-13T19:03:13","modified_gmt":"2022-01-13T18:03:13","slug":"pour-faire-de-la-musique","status":"publish","type":"page","link":"https:\/\/aedmus.com\/index.php\/atelier\/pour-faire-de-la-musique\/","title":{"rendered":"Pour faire de la musique&#8230;"},"content":{"rendered":"\n<p class=\"has-text-align-center\"><span style=\"font-size: 35px; color: #210b61;\"><strong>PATATAP<\/strong><\/span><\/p>\n\n\n\n<div class=\"wp-block-image\"><figure class=\"aligncenter\"><a href=\"http:\/\/www.patatap.com\/\" target=\"_blank\" rel=\"noopener\"><img loading=\"lazy\" decoding=\"async\" width=\"300\" height=\"211\" src=\"https:\/\/aedmus.com\/wp-content\/uploads\/2018\/01\/lien_musique_en_ligne-300x211.jpg\" alt=\"\" class=\"wp-image-514\" srcset=\"https:\/\/aedmus.com\/wp-content\/uploads\/2018\/01\/lien_musique_en_ligne-300x211.jpg 300w, https:\/\/aedmus.com\/wp-content\/uploads\/2018\/01\/lien_musique_en_ligne-768x541.jpg 768w, https:\/\/aedmus.com\/wp-content\/uploads\/2018\/01\/lien_musique_en_ligne-1024x722.jpg 1024w, https:\/\/aedmus.com\/wp-content\/uploads\/2018\/01\/lien_musique_en_ligne-370x261.jpg 370w, https:\/\/aedmus.com\/wp-content\/uploads\/2018\/01\/lien_musique_en_ligne-1040x733.jpg 1040w, https:\/\/aedmus.com\/wp-content\/uploads\/2018\/01\/lien_musique_en_ligne.jpg 1240w\" sizes=\"auto, (max-width: 300px) 100vw, 300px\" \/><\/a><\/figure><\/div>\n\n\n\n<p class=\"has-text-align-center\"><span style=\"font-size: 35px; color: #210b61;\"><strong>Seaquence<\/strong><\/span><\/p>\n\n\n\n<div class=\"wp-block-image\"><figure class=\"aligncenter\"><a href=\"http:\/\/seaquence.org\/\"><img loading=\"lazy\" decoding=\"async\" width=\"300\" height=\"145\" src=\"https:\/\/aedmus.com\/wp-content\/uploads\/2018\/01\/seaquence-300x145.png\" alt=\"\" class=\"wp-image-519\" srcset=\"https:\/\/aedmus.com\/wp-content\/uploads\/2018\/01\/seaquence-300x145.png 300w, https:\/\/aedmus.com\/wp-content\/uploads\/2018\/01\/seaquence-768x372.png 768w, https:\/\/aedmus.com\/wp-content\/uploads\/2018\/01\/seaquence-370x179.png 370w, https:\/\/aedmus.com\/wp-content\/uploads\/2018\/01\/seaquence.png 807w\" sizes=\"auto, (max-width: 300px) 100vw, 300px\" \/><\/a><\/figure><\/div>\n\n\n\n<p class=\"has-text-align-center\"><span style=\"font-size: 35px; color: #210b61;\"><strong>Incredibox<\/strong><\/span><\/p>\n\n\n\n<div class=\"wp-block-image\"><figure class=\"aligncenter\"><a href=\"http:\/\/www.incredibox.com\/\" target=\"_blank\" rel=\"noopener\"><img loading=\"lazy\" decoding=\"async\" width=\"300\" height=\"169\" src=\"https:\/\/aedmus.com\/wp-content\/uploads\/2018\/01\/incredibox-300x169.jpg\" alt=\"\" class=\"wp-image-517\" srcset=\"https:\/\/aedmus.com\/wp-content\/uploads\/2018\/01\/incredibox-300x169.jpg 300w, https:\/\/aedmus.com\/wp-content\/uploads\/2018\/01\/incredibox-768x432.jpg 768w, https:\/\/aedmus.com\/wp-content\/uploads\/2018\/01\/incredibox-1024x576.jpg 1024w, https:\/\/aedmus.com\/wp-content\/uploads\/2018\/01\/incredibox-370x208.jpg 370w, https:\/\/aedmus.com\/wp-content\/uploads\/2018\/01\/incredibox-1040x585.jpg 1040w, https:\/\/aedmus.com\/wp-content\/uploads\/2018\/01\/incredibox.jpg 1280w\" sizes=\"auto, (max-width: 300px) 100vw, 300px\" \/><\/a><\/figure><\/div>\n\n\n\n<p class=\"has-text-align-center\"><a href=\"https:\/\/artsexperiments.withgoogle.com\/ar-synth\/\" target=\"_blank\" rel=\"noreferrer noopener\"><span style=\"font-size: 35px; color: #210b61;\"><strong>Ar Synth<\/strong><\/span> <\/a><\/p>\n\n\n\n<div class=\"wp-block-image\"><figure class=\"aligncenter size-full is-resized\"><a href=\"https:\/\/artsexperiments.withgoogle.com\/ar-synth\/\"><img loading=\"lazy\" decoding=\"async\" src=\"https:\/\/aedmus.com\/wp-content\/uploads\/2022\/01\/Ar-synth.png\" alt=\"\" class=\"wp-image-1204\" width=\"385\" height=\"289\" srcset=\"https:\/\/aedmus.com\/wp-content\/uploads\/2022\/01\/Ar-synth.png 960w, https:\/\/aedmus.com\/wp-content\/uploads\/2022\/01\/Ar-synth-300x225.png 300w, https:\/\/aedmus.com\/wp-content\/uploads\/2022\/01\/Ar-synth-768x576.png 768w, https:\/\/aedmus.com\/wp-content\/uploads\/2022\/01\/Ar-synth-600x450.png 600w, https:\/\/aedmus.com\/wp-content\/uploads\/2022\/01\/Ar-synth-945x709.png 945w\" sizes=\"auto, (max-width: 385px) 100vw, 385px\" \/><\/a><\/figure><\/div>\n\n\n\n<p class=\"has-text-align-center\"><span style=\"font-size: 35px; color: #210b61;\"><strong>Beatlab<\/strong><\/span><\/p>\n\n\n\n<div class=\"wp-block-image\"><figure class=\"aligncenter\"><a href=\"http:\/\/www.beatlab.com\/\" target=\"_blank\" rel=\"noopener\"><img loading=\"lazy\" decoding=\"async\" width=\"300\" height=\"146\" src=\"https:\/\/aedmus.com\/wp-content\/uploads\/2018\/01\/Beatlab-300x146.jpg\" alt=\"\" class=\"wp-image-516\" srcset=\"https:\/\/aedmus.com\/wp-content\/uploads\/2018\/01\/Beatlab-300x146.jpg 300w, https:\/\/aedmus.com\/wp-content\/uploads\/2018\/01\/Beatlab-768x375.jpg 768w, https:\/\/aedmus.com\/wp-content\/uploads\/2018\/01\/Beatlab-1024x500.jpg 1024w, https:\/\/aedmus.com\/wp-content\/uploads\/2018\/01\/Beatlab-370x181.jpg 370w, https:\/\/aedmus.com\/wp-content\/uploads\/2018\/01\/Beatlab-1040x508.jpg 1040w, https:\/\/aedmus.com\/wp-content\/uploads\/2018\/01\/Beatlab.jpg 1270w\" sizes=\"auto, (max-width: 300px) 100vw, 300px\" \/><\/a><\/figure><\/div>\n\n\n\n<p class=\"has-text-align-center\"><span style=\"font-size: 35px; color: #210b61;\"><strong>Looplabs<\/strong><\/span><\/p>\n\n\n\n<div class=\"wp-block-image\"><figure class=\"aligncenter\"><a href=\"https:\/\/looplabs.com\/studio\/\"><img loading=\"lazy\" decoding=\"async\" width=\"300\" height=\"179\" src=\"https:\/\/aedmus.com\/wp-content\/uploads\/2018\/01\/Looplabs-300x179.jpg\" alt=\"\" class=\"wp-image-518\" srcset=\"https:\/\/aedmus.com\/wp-content\/uploads\/2018\/01\/Looplabs-300x179.jpg 300w, https:\/\/aedmus.com\/wp-content\/uploads\/2018\/01\/Looplabs-768x459.jpg 768w, https:\/\/aedmus.com\/wp-content\/uploads\/2018\/01\/Looplabs-1024x612.jpg 1024w, https:\/\/aedmus.com\/wp-content\/uploads\/2018\/01\/Looplabs-370x221.jpg 370w, https:\/\/aedmus.com\/wp-content\/uploads\/2018\/01\/Looplabs-1040x622.jpg 1040w, https:\/\/aedmus.com\/wp-content\/uploads\/2018\/01\/Looplabs.jpg 1279w\" sizes=\"auto, (max-width: 300px) 100vw, 300px\" \/><\/a><\/figure><\/div>\n\n\n\n<p class=\"has-text-align-center\"><span style=\"font-size: 35px; color: #210b61;\"><strong>Audiosauna<\/strong><\/span><\/p>\n\n\n\n<div class=\"wp-block-image\"><figure class=\"aligncenter\"><a href=\"http:\/\/www.audiosauna.com\/studio\/\" target=\"_blank\" rel=\"noopener\"><img loading=\"lazy\" decoding=\"async\" width=\"300\" height=\"196\" src=\"https:\/\/aedmus.com\/wp-content\/uploads\/2018\/01\/Audiosauna-300x196.jpg\" alt=\"\" class=\"wp-image-515\" srcset=\"https:\/\/aedmus.com\/wp-content\/uploads\/2018\/01\/Audiosauna-300x196.jpg 300w, https:\/\/aedmus.com\/wp-content\/uploads\/2018\/01\/Audiosauna-768x502.jpg 768w, https:\/\/aedmus.com\/wp-content\/uploads\/2018\/01\/Audiosauna-1024x670.jpg 1024w, https:\/\/aedmus.com\/wp-content\/uploads\/2018\/01\/Audiosauna-370x242.jpg 370w, https:\/\/aedmus.com\/wp-content\/uploads\/2018\/01\/Audiosauna-1040x680.jpg 1040w, https:\/\/aedmus.com\/wp-content\/uploads\/2018\/01\/Audiosauna.jpg 1280w\" sizes=\"auto, (max-width: 300px) 100vw, 300px\" \/><\/a><\/figure><\/div>\n\n\n\n<p class=\"has-text-align-center\"><span style=\"font-size: 35px; color: #210b61;\"><strong>Soundation<\/strong><\/span><\/p>\n\n\n\n<div class=\"wp-block-image\"><figure class=\"aligncenter\"><a href=\"https:\/\/soundation.com\/studio\" target=\"_blank\" rel=\"noopener\"><img loading=\"lazy\" decoding=\"async\" width=\"300\" height=\"196\" src=\"https:\/\/aedmus.com\/wp-content\/uploads\/2018\/01\/Soundation-300x196.jpg\" alt=\"\" class=\"wp-image-521\" srcset=\"https:\/\/aedmus.com\/wp-content\/uploads\/2018\/01\/Soundation-300x196.jpg 300w, https:\/\/aedmus.com\/wp-content\/uploads\/2018\/01\/Soundation-768x502.jpg 768w, https:\/\/aedmus.com\/wp-content\/uploads\/2018\/01\/Soundation-1024x669.jpg 1024w, https:\/\/aedmus.com\/wp-content\/uploads\/2018\/01\/Soundation-370x242.jpg 370w, https:\/\/aedmus.com\/wp-content\/uploads\/2018\/01\/Soundation-1040x679.jpg 1040w, https:\/\/aedmus.com\/wp-content\/uploads\/2018\/01\/Soundation.jpg 1280w\" sizes=\"auto, (max-width: 300px) 100vw, 300px\" \/><\/a><\/figure><\/div>\n\n\n\n<p class=\"has-text-align-center\"><span style=\"font-size: 35px; color: #210b61;\"><strong>Musical chords progression arpegiator<\/strong><\/span><\/p>\n\n\n\n<div class=\"wp-block-image\"><figure class=\"aligncenter\"><a href=\"https:\/\/graphism.fr\/loutil-musical-generatif-du-jour-en-html5\/\" target=\"_blank\" rel=\"noopener\"><img loading=\"lazy\" decoding=\"async\" width=\"300\" height=\"196\" src=\"https:\/\/aedmus.com\/wp-content\/uploads\/2016\/12\/musical_chords-300x196.jpg\" alt=\"\" class=\"wp-image-285\" srcset=\"https:\/\/aedmus.com\/wp-content\/uploads\/2016\/12\/musical_chords-300x196.jpg 300w, https:\/\/aedmus.com\/wp-content\/uploads\/2016\/12\/musical_chords-768x501.jpg 768w, https:\/\/aedmus.com\/wp-content\/uploads\/2016\/12\/musical_chords-1024x668.jpg 1024w, https:\/\/aedmus.com\/wp-content\/uploads\/2016\/12\/musical_chords-370x241.jpg 370w, https:\/\/aedmus.com\/wp-content\/uploads\/2016\/12\/musical_chords-1040x679.jpg 1040w, https:\/\/aedmus.com\/wp-content\/uploads\/2016\/12\/musical_chords.jpg 1263w\" sizes=\"auto, (max-width: 300px) 100vw, 300px\" \/><\/a><\/figure><\/div>\n\n\n\n<p class=\"has-text-align-center\"><span style=\"font-size: 35px; color: #210b61;\"><strong>Chrome Music Lab<\/strong><\/span><\/p>\n\n\n\n<div class=\"wp-block-image\"><figure class=\"aligncenter\"><a href=\"https:\/\/musiclab.chromeexperiments.com\/Experiments\" target=\"_blank\" rel=\"noopener\"><img loading=\"lazy\" decoding=\"async\" width=\"300\" height=\"212\" src=\"https:\/\/aedmus.com\/wp-content\/uploads\/2016\/12\/chrome_music_lab-300x212.jpg\" alt=\"\" class=\"wp-image-286\" srcset=\"https:\/\/aedmus.com\/wp-content\/uploads\/2016\/12\/chrome_music_lab-300x212.jpg 300w, https:\/\/aedmus.com\/wp-content\/uploads\/2016\/12\/chrome_music_lab-768x543.jpg 768w, https:\/\/aedmus.com\/wp-content\/uploads\/2016\/12\/chrome_music_lab-1024x724.jpg 1024w, https:\/\/aedmus.com\/wp-content\/uploads\/2016\/12\/chrome_music_lab-370x262.jpg 370w, https:\/\/aedmus.com\/wp-content\/uploads\/2016\/12\/chrome_music_lab-1040x735.jpg 1040w, https:\/\/aedmus.com\/wp-content\/uploads\/2016\/12\/chrome_music_lab.jpg 1255w\" sizes=\"auto, (max-width: 300px) 100vw, 300px\" \/><\/a><\/figure><\/div>\n\n\n\n<h2 class=\"wp-block-heading\"><strong>Applis sur smartphone \u00e0 t\u00e9l\u00e9charger :<\/strong><\/h2>\n\n\n\n<p class=\"has-text-align-center\"><span style=\"font-size: 35px; color: #210b61;\"><strong>Figure<\/strong><\/span><\/p>\n\n\n\n<div class=\"wp-block-image\"><figure class=\"aligncenter\"><a href=\"https:\/\/www.microsoft.com\/fr-fr\/store\/apps\/figure\/9nblggh1zk3p\"><img loading=\"lazy\" decoding=\"async\" width=\"300\" height=\"169\" src=\"https:\/\/aedmus.com\/wp-content\/uploads\/2018\/01\/figure_windows-300x169.jpg\" alt=\"\" class=\"wp-image-524\" srcset=\"https:\/\/aedmus.com\/wp-content\/uploads\/2018\/01\/figure_windows-300x169.jpg 300w, https:\/\/aedmus.com\/wp-content\/uploads\/2018\/01\/figure_windows-370x208.jpg 370w, https:\/\/aedmus.com\/wp-content\/uploads\/2018\/01\/figure_windows.jpg 712w\" sizes=\"auto, (max-width: 300px) 100vw, 300px\" \/><\/a><\/figure><\/div>\n\n\n\n<hr class=\"wp-block-separator\"\/>\n\n\n\n<h2 class=\"wp-block-heading\"><strong>Des sites aussi pour faire de la musique :<\/strong><\/h2>\n\n\n\n<p>Ici un temple du jazz manouche o\u00f9 vous pourrez aussi \u00e9crire des grilles rapidement<\/p>\n\n\n\n<div class=\"wp-block-image\"><figure class=\"aligncenter\"><a href=\"http:\/\/guitarejazzmanouche.com\/grilles\/add\/\"><img loading=\"lazy\" decoding=\"async\" width=\"300\" height=\"144\" src=\"https:\/\/aedmus.com\/wp-content\/uploads\/2018\/03\/guitarejazzmanouche-300x144.jpg\" alt=\"\" class=\"wp-image-597\" srcset=\"https:\/\/aedmus.com\/wp-content\/uploads\/2018\/03\/guitarejazzmanouche-300x144.jpg 300w, https:\/\/aedmus.com\/wp-content\/uploads\/2018\/03\/guitarejazzmanouche-768x368.jpg 768w, https:\/\/aedmus.com\/wp-content\/uploads\/2018\/03\/guitarejazzmanouche-1024x490.jpg 1024w, https:\/\/aedmus.com\/wp-content\/uploads\/2018\/03\/guitarejazzmanouche-370x177.jpg 370w, https:\/\/aedmus.com\/wp-content\/uploads\/2018\/03\/guitarejazzmanouche-1040x498.jpg 1040w, https:\/\/aedmus.com\/wp-content\/uploads\/2018\/03\/guitarejazzmanouche.jpg 1886w\" sizes=\"auto, (max-width: 300px) 100vw, 300px\" \/><\/a><\/figure><\/div>\n","protected":false},"excerpt":{"rendered":"<p>PATATAP Seaquence Incredibox Ar Synth Beatlab Looplabs Audiosauna Soundation Musical chords progression arpegiator Chrome Music Lab Applis sur smartphone \u00e0 t\u00e9l\u00e9charger : Figure Des sites aussi pour faire de la musique : Ici un temple du jazz manouche o\u00f9 vous&#8230; <a class=\"more-link\" href=\"https:\/\/aedmus.com\/index.php\/atelier\/pour-faire-de-la-musique\/\">Continue Reading &rarr;<\/a><\/p>\n","protected":false},"author":1,"featured_media":0,"parent":160,"menu_order":0,"comment_status":"closed","ping_status":"closed","template":"template-fullwidth.php","meta":{"footnotes":""},"class_list":["post-184","page","type-page","status-publish","hentry"],"_links":{"self":[{"href":"https:\/\/aedmus.com\/index.php\/wp-json\/wp\/v2\/pages\/184","targetHints":{"allow":["GET"]}}],"collection":[{"href":"https:\/\/aedmus.com\/index.php\/wp-json\/wp\/v2\/pages"}],"about":[{"href":"https:\/\/aedmus.com\/index.php\/wp-json\/wp\/v2\/types\/page"}],"author":[{"embeddable":true,"href":"https:\/\/aedmus.com\/index.php\/wp-json\/wp\/v2\/users\/1"}],"replies":[{"embeddable":true,"href":"https:\/\/aedmus.com\/index.php\/wp-json\/wp\/v2\/comments?post=184"}],"version-history":[{"count":10,"href":"https:\/\/aedmus.com\/index.php\/wp-json\/wp\/v2\/pages\/184\/revisions"}],"predecessor-version":[{"id":1205,"href":"https:\/\/aedmus.com\/index.php\/wp-json\/wp\/v2\/pages\/184\/revisions\/1205"}],"up":[{"embeddable":true,"href":"https:\/\/aedmus.com\/index.php\/wp-json\/wp\/v2\/pages\/160"}],"wp:attachment":[{"href":"https:\/\/aedmus.com\/index.php\/wp-json\/wp\/v2\/media?parent=184"}],"curies":[{"name":"wp","href":"https:\/\/api.w.org\/{rel}","templated":true}]}}