{"id":167,"date":"2016-12-26T15:36:11","date_gmt":"2016-12-26T14:36:11","guid":{"rendered":"http:\/\/aedmus.com\/?page_id=167"},"modified":"2019-04-25T08:24:20","modified_gmt":"2019-04-25T06:24:20","slug":"bac-musique","status":"publish","type":"page","link":"https:\/\/aedmus.com\/index.php\/lycee\/bac-musique\/","title":{"rendered":"Bac musique"},"content":{"rendered":"\n<p>Quelques liens vers des sites de r\u00e9f\u00e9rences :<\/p>\n\n\n\n<p>En premier lieu <a href=\"http:\/\/www.education.gouv.fr\/pid285\/bulletin_officiel.html?cid_bo=59483\" target=\"_blank\" rel=\"noopener noreferrer\">le site officiel du minist\u00e8re de l&rsquo;\u00e9ducation nationale<\/a>&nbsp;tout en bas en fin d&rsquo;article il est mentionn\u00e9 le programme pour l&rsquo;enseignement sp\u00e9cialis\u00e9 (s\u00e9ries L) et le programme pour l&rsquo;option facultative.<\/p>\n\n\n\n<figure><iframe loading=\"lazy\" src=\"https:\/\/docs.google.com\/document\/d\/e\/2PACX-1vTUB62IBwGyoHTBK73kQ9NlBAkSptdYsuOAxwMKX-1AkOIfmeo4IDNSPWBWTQ7W_Y0a74Fe06XJU8rB\/pub?embedded=true\" width=\"800\" height=\"400\"><span data-mce-type=\"bookmark\" style=\"display: inline-block; width: 0px; overflow: hidden; line-height: 0;\" class=\"mce_SELRES_start\">\ufeff<\/span><span data-mce-type=\"bookmark\" style=\"display: inline-block; width: 0px; overflow: hidden; line-height: 0;\" class=\"mce_SELRES_start\">\ufeff<\/span><\/iframe><\/figure>\n\n\n\n<p>Voici sur les pages de france musique un accompagnement d&rsquo;analyses pour les pi\u00e8ces s\u00e9lectionn\u00e9es :<\/p>\n\n\n\n<ul class=\"wp-block-list\"><li>Bac musique option facultative 2018 <strong><a href=\"https:\/\/www.francemusique.fr\/savoirs-pratiques\/bac-musique-2018-option-facultative-54650\">ici<\/a><\/strong><\/li><li>Bac musique option facultative 2017<strong> <a href=\"https:\/\/www.francemusique.fr\/savoirs-pratiques\/passez-le-bac-musique-2017-ce-qu-il-faut-savoir-29571\">l\u00e0<\/a><\/strong><\/li><\/ul>\n\n\n\n<p>Surtout n&rsquo;oubliez pas la fameuse <a href=\"https:\/\/aedmus.com\/wp-content\/uploads\/2018\/03\/Fiche-synth\u00e8se-candidat-bac-oral-vierge.pdf\">FICHE DE SYNTHESE 2018<\/a> \u00e0 pr\u00e9senter \u00e0 votre oral<\/p>\n\n\n\n<h2 class=\"wp-block-heading\">Maintenant \u00e0 vos fiches :<\/h2>\n\n\n\n<p>Voici les \u0153uvres du bac 2018 <a rel=\"noreferrer noopener\" aria-label=\"ici (s\u2019ouvre dans un nouvel onglet)\" href=\"https:\/\/aedmus.com\/index.php\/2019\/04\/25\/baccalaureat-2018\/\" target=\"_blank\">ici<\/a><\/p>\n\n\n\n<p>Et celles pour le bac 2019 <a href=\"https:\/\/aedmus.com\/index.php\/2019\/04\/25\/baccalaureat-2019\/\">l\u00e0<\/a><\/p>\n","protected":false},"excerpt":{"rendered":"<p>Quelques liens vers des sites de r\u00e9f\u00e9rences : En premier lieu le site officiel du minist\u00e8re de l&rsquo;\u00e9ducation nationale&nbsp;tout en bas en fin d&rsquo;article il est mentionn\u00e9 le programme pour l&rsquo;enseignement sp\u00e9cialis\u00e9 (s\u00e9ries L) et le programme pour l&rsquo;option facultative&#8230;. <a class=\"more-link\" href=\"https:\/\/aedmus.com\/index.php\/lycee\/bac-musique\/\">Continue Reading &rarr;<\/a><\/p>\n","protected":false},"author":1,"featured_media":0,"parent":165,"menu_order":0,"comment_status":"closed","ping_status":"closed","template":"template-fullwidth.php","meta":{"footnotes":""},"class_list":["post-167","page","type-page","status-publish","hentry"],"_links":{"self":[{"href":"https:\/\/aedmus.com\/index.php\/wp-json\/wp\/v2\/pages\/167","targetHints":{"allow":["GET"]}}],"collection":[{"href":"https:\/\/aedmus.com\/index.php\/wp-json\/wp\/v2\/pages"}],"about":[{"href":"https:\/\/aedmus.com\/index.php\/wp-json\/wp\/v2\/types\/page"}],"author":[{"embeddable":true,"href":"https:\/\/aedmus.com\/index.php\/wp-json\/wp\/v2\/users\/1"}],"replies":[{"embeddable":true,"href":"https:\/\/aedmus.com\/index.php\/wp-json\/wp\/v2\/comments?post=167"}],"version-history":[{"count":24,"href":"https:\/\/aedmus.com\/index.php\/wp-json\/wp\/v2\/pages\/167\/revisions"}],"predecessor-version":[{"id":790,"href":"https:\/\/aedmus.com\/index.php\/wp-json\/wp\/v2\/pages\/167\/revisions\/790"}],"up":[{"embeddable":true,"href":"https:\/\/aedmus.com\/index.php\/wp-json\/wp\/v2\/pages\/165"}],"wp:attachment":[{"href":"https:\/\/aedmus.com\/index.php\/wp-json\/wp\/v2\/media?parent=167"}],"curies":[{"name":"wp","href":"https:\/\/api.w.org\/{rel}","templated":true}]}}