{"id":1624,"date":"2025-09-06T11:06:59","date_gmt":"2025-09-06T09:06:59","guid":{"rendered":"https:\/\/aedmus.com\/?page_id=1624"},"modified":"2026-03-09T09:19:48","modified_gmt":"2026-03-09T08:19:48","slug":"du-fond-du-choeur","status":"publish","type":"page","link":"https:\/\/aedmus.com\/index.php\/atelier\/du-fond-du-choeur\/","title":{"rendered":"Du fond du ch\u0153ur !"},"content":{"rendered":"\n<p>Premi\u00e8re page pour se retrouver cette ann\u00e9e au sein du ch\u0153ur de Louisa Paulin. <\/p>\n\n\n\n<p>Vous y trouverez les accompagnements, les voix, les fiches de chant, tout le mat\u00e9riel pour bien avancer.<\/p>\n\n\n<div style=\"position: relative; width: 100%; height: 0; padding-top: 141.4286%; padding-bottom: 0; box-shadow: 0 2px 8px 0 rgba(63,69,81,0.16); margin-top: 1.6em; margin-bottom: 0.9em; overflow: hidden; border-radius: 8px; will-change: transform;\">  <iframe loading=\"lazy\" style=\"position: absolute; width: 100%; height: 100%; top: 0; left: 0; border: none; padding: 0;margin: 0;\"    src=\"https:\/\/www.canva.com\/design\/DAC345JzUO8\/YqOqF9WqkkjCU9sVI2YUqQ\/view?embed\" allowfullscreen=\"allowfullscreen\" allow=\"fullscreen\">  <\/iframe><\/div>\n<p><a href=\"https:&#x2F;&#x2F;www.canva.com&#x2F;design&#x2F;DAC345JzUO8&#x2F;YqOqF9WqkkjCU9sVI2YUqQ&#x2F;view?utm_content=DAC345JzUO8&amp;utm_campaign=designshare&amp;utm_medium=embeds&amp;utm_source=link\" target=\"_blank\" rel=\"noopener\">Concert mai 2018<\/a> par Bastien Glacet<\/p>\n\n\n\n<div class=\"wp-block-group\"><div class=\"wp-block-group__inner-container is-layout-constrained wp-block-group-is-layout-constrained\">\n<h2 class=\"wp-block-heading\">Le programme du concert<\/h2>\n\n\n\n<div class=\"wp-block-buttons is-layout-flex wp-block-buttons-is-layout-flex\">\n<div class=\"wp-block-button\"><a class=\"wp-block-button__link wp-element-button\" href=\"https:\/\/docs.google.com\/document\/d\/1hoWWjRknVlVVztcj1q0IzHKko_wAa2l6WdIncddyUEo\/edit?usp=sharing\">Le programme du concert<\/a><\/div>\n<\/div>\n\n\n\n<hr class=\"wp-block-separator has-alpha-channel-opacity\"\/>\n<\/div><\/div>\n\n\n\n<p>Pour commencer le th\u00e8me : Des voix pour r\u00eaver, des chansons pour agir !<\/p>\n\n\n\n<p>Nous naviguerons autours de chansons \u00e0 la fois porteuses d&rsquo;espoir et qui donnent envie d&rsquo;avancer, d&rsquo;interroger et de transformer le monde. On r\u00eave, on s&rsquo;obstine, on d\u00e9nonce et toujours on avance avec force et d\u00e9termination. D\u00e9placer des montagnes ? Facile ! Devenir un super h\u00e9ros ? Tous les jours ! Tout cela les pieds sur terre et les r\u00eaves plein les poches. Parfois la vie est douce, parfois elle ne fait pas de cadeaux&#8230;<\/p>\n\n\n\n<p>L&rsquo;ann\u00e9e se d\u00e9roulera en deux : de septembre \u00e0 d\u00e9cembre, ateliers d&rsquo;expressions sc\u00e9nique, de th\u00e9\u00e2tre chant\u00e9, ma\u00eetrise de 4 \u00e0 6 chants. Puis de janvier \u00e0 mars, nous prolongerons les s\u00e9ances d&rsquo;une demi-heure ou une heure pour approfondir la mise en sc\u00e8ne, peaufiner la polyphonie et pourquoi pas r\u00e9aliser des ateliers d&rsquo;\u00e9criture de chanson.<\/p>\n\n\n\n<p>Mais tout d&rsquo;abord, commen\u00e7ons par les chansons au programme. Des chansons \u00e9nergiques, des chansons \u00ab\u00a0\u00e0 voix\u00a0\u00bb, des chansons qui font r\u00e9fl\u00e9chir. (Attention, les versions YouTube ne sont pas dans la tonalit\u00e9 des voix d&rsquo;enfants ou d&rsquo;adolescent, il faut imp\u00e9rativement utiliser les accompagnements (ou playbacks ou \u00ab\u00a0karaok\u00e9\u00a0\u00bb) que j&rsquo;ai r\u00e9alis\u00e9s et adapt\u00e9s aux voix.<\/p>\n\n\n\n<hr class=\"wp-block-separator has-alpha-channel-opacity\"\/>\n\n\n\n<p>Reprenons : voici une partie de la playlist du spectacle 2026, certaines chansons au programme ne sont pas sur youtube et certaines chansons de cette liste ne seront pas chant\u00e9es mais utilis\u00e9es pour des changements de sc\u00e8ne et des d\u00e9placements.<\/p>\n\n\n\n<iframe loading=\"lazy\" width=\"560\" height=\"315\" src=\"https:\/\/www.youtube.com\/embed\/videoseries?si=KhYURFijk4_VKR7A&amp;list=PLaeNAYMxwIyrinxtmA7QPudThswVXKYyj\" title=\"YouTube video player\" frameborder=\"0\" allow=\"accelerometer; autoplay; clipboard-write; encrypted-media; gyroscope; picture-in-picture; web-share\" referrerpolicy=\"strict-origin-when-cross-origin\" allowfullscreen><\/iframe>\n\n\n\n<hr class=\"wp-block-separator has-alpha-channel-opacity\"\/>\n\n\n\n<h2 class=\"wp-block-heading\">Il suffit d&rsquo;y croire<\/h2>\n\n\n\n<figure class=\"wp-block-image size-full is-resized\"><img loading=\"lazy\" decoding=\"async\" width=\"747\" height=\"1000\" src=\"https:\/\/aedmus.com\/wp-content\/uploads\/2026\/01\/41ctBfkLp5L._AC_UF10001000_QL80_.jpg\" alt=\"\" class=\"wp-image-1749\" style=\"aspect-ratio:0.7470307167235495;width:235px;height:auto\" srcset=\"https:\/\/aedmus.com\/wp-content\/uploads\/2026\/01\/41ctBfkLp5L._AC_UF10001000_QL80_.jpg 747w, https:\/\/aedmus.com\/wp-content\/uploads\/2026\/01\/41ctBfkLp5L._AC_UF10001000_QL80_-224x300.jpg 224w, https:\/\/aedmus.com\/wp-content\/uploads\/2026\/01\/41ctBfkLp5L._AC_UF10001000_QL80_-600x803.jpg 600w\" sizes=\"auto, (max-width: 747px) 100vw, 747px\" \/><\/figure>\n\n\n\n<p>Les accompagnements pour s&rsquo;entrainer<\/p>\n\n\n\n<figure class=\"wp-block-audio\"><audio controls src=\"https:\/\/aedmus.com\/wp-content\/uploads\/2025\/09\/Il-suffit-dy-croire-Bm-avec-voix-hoshi.mp3\"><\/audio><figcaption class=\"wp-element-caption\">Il suffit d&rsquo;y croire Bm avec voix aigrelette de Hoshi (Pardon Hoshi&#8230; !)<\/figcaption><\/figure>\n\n\n\n<figure class=\"wp-block-audio\"><audio controls src=\"https:\/\/aedmus.com\/wp-content\/uploads\/2025\/09\/il-suffit-dy-croire-playback-en-Bm.mp3\"><\/audio><figcaption class=\"wp-element-caption\">Il suffit d&rsquo;y croire en Bm (si mineur)<\/figcaption><\/figure>\n\n\n\n<div class=\"wp-block-buttons is-layout-flex wp-block-buttons-is-layout-flex\">\n<div class=\"wp-block-button\"><a class=\"wp-block-button__link wp-element-button\" href=\"https:\/\/docs.google.com\/drawings\/d\/1cD0ZKoxVIo4WpkbJuNxEJaDyprf5HNfEOWzff4ReSo8\/edit?usp=sharing\">Il suffit d&rsquo;y croire, fiche chant<\/a><\/div>\n<\/div>\n\n\n\n<hr class=\"wp-block-separator has-alpha-channel-opacity\"\/>\n\n\n\n<h2 class=\"wp-block-heading\">Sur la lune<\/h2>\n\n\n\n<figure class=\"wp-block-image size-full is-resized\"><img loading=\"lazy\" decoding=\"async\" width=\"500\" height=\"500\" src=\"https:\/\/aedmus.com\/wp-content\/uploads\/2026\/01\/artworks-NsxwLn89bTbTBCyQ-zitgqA-t500x500.jpg\" alt=\"\" class=\"wp-image-1748\" style=\"width:253px;height:auto\" srcset=\"https:\/\/aedmus.com\/wp-content\/uploads\/2026\/01\/artworks-NsxwLn89bTbTBCyQ-zitgqA-t500x500.jpg 500w, https:\/\/aedmus.com\/wp-content\/uploads\/2026\/01\/artworks-NsxwLn89bTbTBCyQ-zitgqA-t500x500-300x300.jpg 300w, https:\/\/aedmus.com\/wp-content\/uploads\/2026\/01\/artworks-NsxwLn89bTbTBCyQ-zitgqA-t500x500-150x150.jpg 150w\" sizes=\"auto, (max-width: 500px) 100vw, 500px\" \/><\/figure>\n\n\n\n<figure class=\"wp-block-audio\"><audio controls src=\"https:\/\/aedmus.com\/wp-content\/uploads\/2025\/09\/Sur-la-lune-Bm-avec-voix-aigrelette.mp3\"><\/audio><figcaption class=\"wp-element-caption\">Sur la lune, en Bm avec voix aigrelette (dsl BigFlo&amp;Oli&#8230;)<\/figcaption><\/figure>\n\n\n\n<figure class=\"wp-block-audio\"><audio controls src=\"https:\/\/aedmus.com\/wp-content\/uploads\/2025\/09\/Sur-la-lune-Cm-avec-voix-aigrelette.mp3\"><\/audio><figcaption class=\"wp-element-caption\">Sur la lune, en Cm avec voix aigrelettes<\/figcaption><\/figure>\n\n\n\n<figure class=\"wp-block-audio\"><audio controls src=\"https:\/\/aedmus.com\/wp-content\/uploads\/2025\/09\/Sur-la-lune-playback-en-Bm.mp3\"><\/audio><figcaption class=\"wp-element-caption\">Sur la lune accompagnement, en Bm<\/figcaption><\/figure>\n\n\n\n<figure class=\"wp-block-audio\"><audio controls src=\"https:\/\/aedmus.com\/wp-content\/uploads\/2025\/09\/Sur-la-lune-playback-en-Cm.mp3\"><\/audio><figcaption class=\"wp-element-caption\">Sur la lune accompagnement, en Cm<\/figcaption><\/figure>\n\n\n\n<div class=\"wp-block-buttons is-layout-flex wp-block-buttons-is-layout-flex\">\n<div class=\"wp-block-button\"><a class=\"wp-block-button__link wp-element-button\" href=\"https:\/\/docs.google.com\/drawings\/d\/1SGTQ1ZebTUvB6n4dJ285wxejjJIueLm2eEpFUt7WqY4\/edit?usp=sharing\">Sur la lune, fiche de chant<\/a><\/div>\n<\/div>\n\n\n\n<hr class=\"wp-block-separator has-alpha-channel-opacity\"\/>\n\n\n\n<figure class=\"wp-block-image size-large is-resized\"><img loading=\"lazy\" decoding=\"async\" width=\"1024\" height=\"1024\" src=\"https:\/\/aedmus.com\/wp-content\/uploads\/2026\/01\/artworks-000206724905-loey49-t1080x1080-1024x1024.jpg\" alt=\"\" class=\"wp-image-1747\" style=\"width:223px;height:auto\" srcset=\"https:\/\/aedmus.com\/wp-content\/uploads\/2026\/01\/artworks-000206724905-loey49-t1080x1080-1024x1024.jpg 1024w, https:\/\/aedmus.com\/wp-content\/uploads\/2026\/01\/artworks-000206724905-loey49-t1080x1080-300x300.jpg 300w, https:\/\/aedmus.com\/wp-content\/uploads\/2026\/01\/artworks-000206724905-loey49-t1080x1080-150x150.jpg 150w, https:\/\/aedmus.com\/wp-content\/uploads\/2026\/01\/artworks-000206724905-loey49-t1080x1080-768x768.jpg 768w, https:\/\/aedmus.com\/wp-content\/uploads\/2026\/01\/artworks-000206724905-loey49-t1080x1080-600x600.jpg 600w, https:\/\/aedmus.com\/wp-content\/uploads\/2026\/01\/artworks-000206724905-loey49-t1080x1080-945x945.jpg 945w, https:\/\/aedmus.com\/wp-content\/uploads\/2026\/01\/artworks-000206724905-loey49-t1080x1080.jpg 1080w\" sizes=\"auto, (max-width: 1024px) 100vw, 1024px\" \/><\/figure>\n\n\n\n<figure class=\"wp-block-audio\"><audio controls src=\"https:\/\/aedmus.com\/wp-content\/uploads\/2025\/09\/Climb-Cyrus-playback-en-E.mp3\"><\/audio><figcaption class=\"wp-element-caption\">The climb, Miley Cirus en E<\/figcaption><\/figure>\n\n\n\n<figure class=\"wp-block-audio\"><audio controls src=\"https:\/\/aedmus.com\/wp-content\/uploads\/2025\/09\/The-climb-playback-en-F.mp3\"><\/audio><figcaption class=\"wp-element-caption\">The climb, Miley Cirus en F<\/figcaption><\/figure>\n\n\n\n<figure class=\"wp-block-audio\"><audio controls src=\"https:\/\/aedmus.com\/wp-content\/uploads\/2025\/09\/The-climb-playback-en-F-1.mp3\"><\/audio><figcaption class=\"wp-element-caption\">The climb, Miley Cirus en F#<\/figcaption><\/figure>\n\n\n\n<div class=\"wp-block-buttons is-layout-flex wp-block-buttons-is-layout-flex\">\n<div class=\"wp-block-button\"><a class=\"wp-block-button__link wp-element-button\" href=\"https:\/\/drive.google.com\/file\/d\/1UGLxwIDqgric41AJPpINEinXv2nA_zPM\/view?usp=sharing\">The Climb, Miley Cirus &#8211; Partition<\/a><\/div>\n\n\n\n<div class=\"wp-block-button\"><a class=\"wp-block-button__link wp-element-button\" href=\"https:\/\/docs.google.com\/drawings\/d\/1ULM7OS42JO3Q43lbRD_JZTOmmLP-9KXQTN0aQR6BsTU\/edit?usp=sharing\">The Cilmb, paroles<\/a><\/div>\n<\/div>\n\n\n\n<hr class=\"wp-block-separator has-alpha-channel-opacity\"\/>\n\n\n\n<h2 class=\"wp-block-heading\">Tous mes r\u00eaves chantent<\/h2>\n\n\n\n<figure class=\"wp-block-audio\"><audio controls src=\"https:\/\/aedmus.com\/wp-content\/uploads\/2025\/09\/1_34_Gallimard-Jeunesse_Tous-mes-reves-chantent_6.flac\"><\/audio><figcaption class=\"wp-element-caption\">Tous mes r\u00eaves chantent, Ben Mazu\u00e9<\/figcaption><\/figure>\n\n\n\n<figure class=\"wp-block-audio\"><audio controls src=\"https:\/\/aedmus.com\/wp-content\/uploads\/2025\/09\/Tous-mes-reves-chantent_playback-en-C.mp3\"><\/audio><figcaption class=\"wp-element-caption\">Tous mes r\u00eaves chantent, Playback en C<\/figcaption><\/figure>\n\n\n\n<figure class=\"wp-block-audio\"><audio controls src=\"https:\/\/aedmus.com\/wp-content\/uploads\/2025\/09\/Tous-mes-reves-chantent_playback-en-B.mp3\"><\/audio><figcaption class=\"wp-element-caption\">Tous mes r\u00eaves chantent, Playback en B<\/figcaption><\/figure>\n\n\n\n<hr class=\"wp-block-separator has-alpha-channel-opacity\"\/>\n\n\n\n<figure class=\"wp-block-audio\"><audio controls src=\"https:\/\/aedmus.com\/wp-content\/uploads\/2025\/09\/1_4_Gallimard-Jeunesse_Droles-de-reves_6.flac\"><\/audio><figcaption class=\"wp-element-caption\">Dr\u00f4les de r\u00eaves, Thimoth\u00e9e de Fombelle<\/figcaption><\/figure>\n\n\n\n<hr class=\"wp-block-separator has-alpha-channel-opacity\"\/>\n\n\n\n<h2 class=\"wp-block-heading\">Je vole<\/h2>\n\n\n<div class=\"wp-block-image\">\n<figure class=\"alignleft size-full is-resized\"><img loading=\"lazy\" decoding=\"async\" width=\"736\" height=\"414\" src=\"https:\/\/aedmus.com\/wp-content\/uploads\/2026\/01\/2151faaa7843cbc0b070e6cdb905b208.jpg\" alt=\"\" class=\"wp-image-1746\" style=\"width:286px;height:auto\" srcset=\"https:\/\/aedmus.com\/wp-content\/uploads\/2026\/01\/2151faaa7843cbc0b070e6cdb905b208.jpg 736w, https:\/\/aedmus.com\/wp-content\/uploads\/2026\/01\/2151faaa7843cbc0b070e6cdb905b208-300x169.jpg 300w, https:\/\/aedmus.com\/wp-content\/uploads\/2026\/01\/2151faaa7843cbc0b070e6cdb905b208-600x338.jpg 600w\" sizes=\"auto, (max-width: 736px) 100vw, 736px\" \/><\/figure>\n<\/div>\n\n\n<p>Michel Sardou, Interpr\u00e9t\u00e9e par Louane<\/p>\n\n\n\n<figure class=\"wp-block-audio\"><audio controls src=\"https:\/\/aedmus.com\/wp-content\/uploads\/2025\/09\/Je-vole-playback-en-Eb.mp3\"><\/audio><figcaption class=\"wp-element-caption\">Je vole, accompagnement en Eb avec d\u00e9part piano (dsl c&rsquo;est moche !)<\/figcaption><\/figure>\n\n\n\n<div class=\"wp-block-buttons is-layout-flex wp-block-buttons-is-layout-flex\">\n<div class=\"wp-block-button\"><a class=\"wp-block-button__link wp-element-button\" href=\"https:\/\/docs.google.com\/drawings\/d\/13C0y6zKzjF46-zed5denzAopMHI5Z3QxyotRDwvTuPs\/edit?usp=sharing\">Je vole<\/a><\/div>\n<\/div>\n\n\n\n<hr class=\"wp-block-separator has-alpha-channel-opacity\"\/>\n\n\n\n<h2 class=\"wp-block-heading\">Au bout de mes r\u00eaves<\/h2>\n\n\n<div class=\"wp-block-image\">\n<figure class=\"alignleft size-full is-resized\"><img loading=\"lazy\" decoding=\"async\" width=\"640\" height=\"640\" src=\"https:\/\/aedmus.com\/wp-content\/uploads\/2026\/01\/ab6761610000e5eb5b0234933d862408792e19a3.jpg\" alt=\"\" class=\"wp-image-1745\" style=\"width:211px;height:auto\" srcset=\"https:\/\/aedmus.com\/wp-content\/uploads\/2026\/01\/ab6761610000e5eb5b0234933d862408792e19a3.jpg 640w, https:\/\/aedmus.com\/wp-content\/uploads\/2026\/01\/ab6761610000e5eb5b0234933d862408792e19a3-300x300.jpg 300w, https:\/\/aedmus.com\/wp-content\/uploads\/2026\/01\/ab6761610000e5eb5b0234933d862408792e19a3-150x150.jpg 150w, https:\/\/aedmus.com\/wp-content\/uploads\/2026\/01\/ab6761610000e5eb5b0234933d862408792e19a3-600x600.jpg 600w\" sizes=\"auto, (max-width: 640px) 100vw, 640px\" \/><\/figure>\n<\/div>\n\n\n<figure class=\"wp-block-audio\"><audio controls src=\"https:\/\/aedmus.com\/wp-content\/uploads\/2025\/09\/Jean-Jacques-Goldman-Au-bout-de-mes-reves-Clip-officiel-p.wav\"><\/audio><figcaption class=\"wp-element-caption\">Au bout de mes r\u00eaves, avec JJG en E<\/figcaption><\/figure>\n\n\n\n<figure class=\"wp-block-audio\"><audio controls src=\"https:\/\/aedmus.com\/wp-content\/uploads\/2025\/09\/au-bout-de-mes-reves-playback-en-E.mp3\"><\/audio><figcaption class=\"wp-element-caption\">Au bout de mes r\u00eaves, accompagnement en E<\/figcaption><\/figure>\n\n\n\n<div class=\"wp-block-buttons is-layout-flex wp-block-buttons-is-layout-flex\">\n<div class=\"wp-block-button\"><a class=\"wp-block-button__link wp-element-button\" href=\"https:\/\/docs.google.com\/drawings\/d\/1ZUnSeXwhAeMfrlPEgfXX37tIYDYbwoswHfAWEOwix_E\/edit?usp=sharing\">Paroles<\/a><\/div>\n<\/div>\n\n\n\n<hr class=\"wp-block-separator has-alpha-channel-opacity\"\/>\n\n\n\n<p>Supertramp<\/p>\n\n\n\n<div class=\"wp-block-buttons is-layout-flex wp-block-buttons-is-layout-flex\">\n<div class=\"wp-block-button\"><a class=\"wp-block-button__link wp-element-button\" href=\"https:\/\/drive.google.com\/file\/d\/1WofpoXZ4fkUJdUTtyVnxEU9BiqPztI44\/view?usp=sharing\">Dreamer<\/a><\/div>\n<\/div>\n\n\n\n<hr class=\"wp-block-separator has-alpha-channel-opacity\"\/>\n\n\n\n<h2 class=\"wp-block-heading\">Un jour au mauvais endroit<\/h2>\n\n\n<div class=\"wp-block-image\">\n<figure class=\"alignleft size-full\"><img loading=\"lazy\" decoding=\"async\" width=\"225\" height=\"225\" src=\"https:\/\/aedmus.com\/wp-content\/uploads\/2026\/01\/download.jpg\" alt=\"\" class=\"wp-image-1743\" srcset=\"https:\/\/aedmus.com\/wp-content\/uploads\/2026\/01\/download.jpg 225w, https:\/\/aedmus.com\/wp-content\/uploads\/2026\/01\/download-150x150.jpg 150w\" sizes=\"auto, (max-width: 225px) 100vw, 225px\" \/><\/figure>\n<\/div>\n\n\n<figure class=\"wp-block-audio\"><audio controls src=\"https:\/\/aedmus.com\/wp-content\/uploads\/2025\/09\/un-jour-au-mauvais-endroit-playback-Bm.mp3\"><\/audio><figcaption class=\"wp-element-caption\">un jour au mauvais endroit, playback en Bm<\/figcaption><\/figure>\n\n\n\n<div class=\"wp-block-buttons is-layout-flex wp-block-buttons-is-layout-flex\">\n<div class=\"wp-block-button\"><a class=\"wp-block-button__link wp-element-button\" href=\"https:\/\/docs.google.com\/drawings\/d\/1XyALf8wJ8WY71EMGxiJsgLG9JdOvNhxAKtWL08oGLTs\/edit?usp=sharing\">Paroles<\/a><\/div>\n<\/div>\n\n\n\n<hr class=\"wp-block-separator has-alpha-channel-opacity\"\/>\n\n\n<div class=\"wp-block-image\">\n<figure class=\"aligncenter size-large is-resized\"><img loading=\"lazy\" decoding=\"async\" width=\"1024\" height=\"396\" src=\"https:\/\/aedmus.com\/wp-content\/uploads\/2026\/01\/moli-re-l-op-ra-urbain-tickets_230763_2079411_1240x480-1024x396.jpg\" alt=\"\" class=\"wp-image-1742\" style=\"width:513px;height:auto\" srcset=\"https:\/\/aedmus.com\/wp-content\/uploads\/2026\/01\/moli-re-l-op-ra-urbain-tickets_230763_2079411_1240x480-1024x396.jpg 1024w, https:\/\/aedmus.com\/wp-content\/uploads\/2026\/01\/moli-re-l-op-ra-urbain-tickets_230763_2079411_1240x480-300x116.jpg 300w, https:\/\/aedmus.com\/wp-content\/uploads\/2026\/01\/moli-re-l-op-ra-urbain-tickets_230763_2079411_1240x480-768x297.jpg 768w, https:\/\/aedmus.com\/wp-content\/uploads\/2026\/01\/moli-re-l-op-ra-urbain-tickets_230763_2079411_1240x480-600x232.jpg 600w, https:\/\/aedmus.com\/wp-content\/uploads\/2026\/01\/moli-re-l-op-ra-urbain-tickets_230763_2079411_1240x480-945x366.jpg 945w, https:\/\/aedmus.com\/wp-content\/uploads\/2026\/01\/moli-re-l-op-ra-urbain-tickets_230763_2079411_1240x480.jpg 1240w\" sizes=\"auto, (max-width: 1024px) 100vw, 1024px\" \/><\/figure>\n<\/div>\n\n\n<figure class=\"wp-block-audio\"><audio controls src=\"https:\/\/aedmus.com\/wp-content\/uploads\/2026\/01\/Playback-en-Abm.mp3\"><\/audio><figcaption class=\"wp-element-caption\">Playback en Abm<\/figcaption><\/figure>\n\n\n\n<div class=\"wp-block-buttons is-layout-flex wp-block-buttons-is-layout-flex\">\n<div class=\"wp-block-button\"><a class=\"wp-block-button__link wp-element-button\" href=\"https:\/\/docs.google.com\/drawings\/d\/1BlgfoEvFek9u5tEmztc64SvZS3P5b39Y_jPZfw_JmrA\/edit?usp=sharing\">Paroles<\/a><\/div>\n\n\n\n<div class=\"wp-block-button\"><a class=\"wp-block-button__link wp-element-button\" href=\"https:\/\/www.youtube.com\/watch?v=7LCndXtkTQU\">Le clip officiel<\/a><\/div>\n<\/div>\n\n\n\n<hr class=\"wp-block-separator has-alpha-channel-opacity\"\/>\n\n\n\n<figure class=\"wp-block-image size-full\"><img loading=\"lazy\" decoding=\"async\" width=\"200\" height=\"200\" src=\"https:\/\/aedmus.com\/wp-content\/uploads\/2026\/02\/Noa.jpg\" alt=\"\" class=\"wp-image-1756\" srcset=\"https:\/\/aedmus.com\/wp-content\/uploads\/2026\/02\/Noa.jpg 200w, https:\/\/aedmus.com\/wp-content\/uploads\/2026\/02\/Noa-150x150.jpg 150w\" sizes=\"auto, (max-width: 200px) 100vw, 200px\" \/><\/figure>\n\n\n\n<div class=\"wp-block-buttons is-layout-flex wp-block-buttons-is-layout-flex\">\n<div class=\"wp-block-button\"><a class=\"wp-block-button__link wp-element-button\" href=\"https:\/\/docs.google.com\/drawings\/d\/1s5Ly3eRVOfCSkThVAzvugwyLoUh-M_kjdOP-9iC8kJY\/edit?usp=sharing\">Paroles<\/a><\/div>\n\n\n\n<div class=\"wp-block-button\"><a class=\"wp-block-button__link wp-element-button\" href=\"https:\/\/drive.google.com\/file\/d\/1Vy2MaRdr6gErTaJG9SMZJfsGFrw1UaZQ\/view?usp=sharing\">Partition<\/a><\/div>\n<\/div>\n\n\n\n<figure class=\"wp-block-audio\"><audio controls src=\"https:\/\/aedmus.com\/wp-content\/uploads\/2026\/02\/Babel-accomp-voix-faible-en-G.mp3\"><\/audio><figcaption class=\"wp-element-caption\">Babel accomp voix faible en G<\/figcaption><\/figure>\n\n\n\n<figure class=\"wp-block-audio\"><audio controls src=\"https:\/\/aedmus.com\/wp-content\/uploads\/2026\/02\/Babel-accomp-sans-voix-en-G.mp3\"><\/audio><figcaption class=\"wp-element-caption\">Babel sans voix en G<\/figcaption><\/figure>\n\n\n\n<hr class=\"wp-block-separator has-alpha-channel-opacity\"\/>\n\n\n\n<h2 class=\"wp-block-heading\">ECHAUFFEMENTS<\/h2>\n\n\n\n<figure class=\"wp-block-audio\"><audio controls src=\"https:\/\/aedmus.com\/wp-content\/uploads\/2026\/02\/boucle_C-Dd-C_E-F.mp3\"><\/audio><\/figure>\n\n\n\n<p>DOMENI POTOU LABE DOMENI POTOU LABE DAMENI<\/p>\n\n\n\n<figure class=\"wp-block-audio\"><audio controls src=\"https:\/\/aedmus.com\/wp-content\/uploads\/2025\/09\/Liolioli.mp3\"><\/audio><figcaption class=\"wp-element-caption\">Liolio n\u00e9n\u00e9n\u00e9<\/figcaption><\/figure>\n\n\n\n<figure class=\"wp-block-audio\"><audio controls src=\"https:\/\/aedmus.com\/wp-content\/uploads\/2025\/09\/Jouou.mp3\"><\/audio><figcaption class=\"wp-element-caption\">Jou ou ou<\/figcaption><\/figure>\n\n\n\n<p><a href=\"https:\/\/www.youtube.com\/watch?v=nvjqI8TTnhY&amp;list=PLWDcbR9HlO0eWsPbzWEiThUqZ_fYPZyg0&amp;index=4&amp;ab_channel=CREAaulnaysousbois\">Cr\u00e9a Aulnay<\/a> <\/p>\n\n\n\n<hr class=\"wp-block-separator has-alpha-channel-opacity\"\/>\n\n\n\n<div class=\"wp-block-group\"><div class=\"wp-block-group__inner-container is-layout-constrained wp-block-group-is-layout-constrained\">\n<h2 class=\"wp-block-heading\">INTERRUPTION : Places de concert Jazz sur son 31<\/h2>\n\n\n\n<p>Comme annonc\u00e9 je vous propose quelques places pour ces trois concert : <\/p>\n\n\n\n<p>Si vous pouvez venir, il faut imp\u00e9rativement remplir <a href=\"https:\/\/docs.google.com\/forms\/d\/e\/1FAIpQLSd3YoEwlPjRH0Hu5t8yTGsGNTd1JovX32TxGvncfPk3_7h2Ew\/viewform?usp=dialog\">ce formulaire<\/a> en ligne<\/p>\n\n\n\n<figure class=\"wp-block-image size-full is-resized\"><a href=\"https:\/\/docs.google.com\/forms\/d\/e\/1FAIpQLSd3YoEwlPjRH0Hu5t8yTGsGNTd1JovX32TxGvncfPk3_7h2Ew\/viewform?usp=dialog\"><img loading=\"lazy\" decoding=\"async\" width=\"1000\" height=\"1000\" src=\"https:\/\/aedmus.com\/wp-content\/uploads\/2025\/09\/formulaire-concert-jazz-31-2025.png\" alt=\"\" class=\"wp-image-1680\" style=\"width:266px;height:auto\" srcset=\"https:\/\/aedmus.com\/wp-content\/uploads\/2025\/09\/formulaire-concert-jazz-31-2025.png 1000w, https:\/\/aedmus.com\/wp-content\/uploads\/2025\/09\/formulaire-concert-jazz-31-2025-300x300.png 300w, https:\/\/aedmus.com\/wp-content\/uploads\/2025\/09\/formulaire-concert-jazz-31-2025-150x150.png 150w, https:\/\/aedmus.com\/wp-content\/uploads\/2025\/09\/formulaire-concert-jazz-31-2025-768x768.png 768w, https:\/\/aedmus.com\/wp-content\/uploads\/2025\/09\/formulaire-concert-jazz-31-2025-600x600.png 600w, https:\/\/aedmus.com\/wp-content\/uploads\/2025\/09\/formulaire-concert-jazz-31-2025-945x945.png 945w\" sizes=\"auto, (max-width: 1000px) 100vw, 1000px\" \/><\/a><\/figure>\n\n\n\n<hr class=\"wp-block-separator has-alpha-channel-opacity\"\/>\n<\/div><\/div>\n\n\n\n<p><\/p>\n","protected":false},"excerpt":{"rendered":"<p>Premi\u00e8re page pour se retrouver cette ann\u00e9e au sein du ch\u0153ur de Louisa Paulin. Vous y trouverez les accompagnements, les voix, les fiches de chant, tout le mat\u00e9riel pour bien avancer. Le programme du concert Pour commencer le th\u00e8me :&#8230; <a class=\"more-link\" href=\"https:\/\/aedmus.com\/index.php\/atelier\/du-fond-du-choeur\/\">Continue Reading &rarr;<\/a><\/p>\n","protected":false},"author":1,"featured_media":0,"parent":160,"menu_order":0,"comment_status":"closed","ping_status":"closed","template":"","meta":{"footnotes":""},"class_list":["post-1624","page","type-page","status-publish","hentry"],"_links":{"self":[{"href":"https:\/\/aedmus.com\/index.php\/wp-json\/wp\/v2\/pages\/1624","targetHints":{"allow":["GET"]}}],"collection":[{"href":"https:\/\/aedmus.com\/index.php\/wp-json\/wp\/v2\/pages"}],"about":[{"href":"https:\/\/aedmus.com\/index.php\/wp-json\/wp\/v2\/types\/page"}],"author":[{"embeddable":true,"href":"https:\/\/aedmus.com\/index.php\/wp-json\/wp\/v2\/users\/1"}],"replies":[{"embeddable":true,"href":"https:\/\/aedmus.com\/index.php\/wp-json\/wp\/v2\/comments?post=1624"}],"version-history":[{"count":41,"href":"https:\/\/aedmus.com\/index.php\/wp-json\/wp\/v2\/pages\/1624\/revisions"}],"predecessor-version":[{"id":1773,"href":"https:\/\/aedmus.com\/index.php\/wp-json\/wp\/v2\/pages\/1624\/revisions\/1773"}],"up":[{"embeddable":true,"href":"https:\/\/aedmus.com\/index.php\/wp-json\/wp\/v2\/pages\/160"}],"wp:attachment":[{"href":"https:\/\/aedmus.com\/index.php\/wp-json\/wp\/v2\/media?parent=1624"}],"curies":[{"name":"wp","href":"https:\/\/api.w.org\/{rel}","templated":true}]}}