{"id":162,"date":"2016-12-26T15:27:58","date_gmt":"2016-12-26T14:27:58","guid":{"rendered":"http:\/\/aedmus.com\/?page_id=162"},"modified":"2024-12-01T10:51:42","modified_gmt":"2024-12-01T09:51:42","slug":"comment_dialoguer_en_musique","status":"publish","type":"page","link":"https:\/\/aedmus.com\/index.php\/5eme\/comment_dialoguer_en_musique\/","title":{"rendered":"Dialoguer en musique, peut-on tout se dire ?"},"content":{"rendered":"\n<p>Dialoguer sans les mots, juste en musique ou en langue musique&#8230; est-ce possible, comment s&rsquo;y prennent-t-ils ?<\/p>\n\n\n<p><iframe loading=\"lazy\" src=\"https:\/\/docs.google.com\/presentation\/d\/13DVqxan7uZAn5iGVF_jyirV8fL-3X3Py\/embed?start=false&#038;loop=false&#038;delayms=3000\" frameborder=\"0\" width=\"1280\" height=\"749\" allowfullscreen=\"true\" mozallowfullscreen=\"true\" webkitallowfullscreen=\"true\"><\/iframe><\/p>\n\n\n\n<p>Votre fiche de cours :<br><\/p>\n\n\n<div class=\"wp-block-image\">\n<figure class=\"aligncenter\"><a href=\"https:\/\/aedmus.com\/wp-content\/uploads\/2018\/12\/fiche-\u00e9coute-dialogue-OP-et-OS.pdf\"><img loading=\"lazy\" decoding=\"async\" width=\"300\" height=\"212\" src=\"https:\/\/aedmus.com\/wp-content\/uploads\/2018\/12\/fiche-\u00e9coute-dialogue-OP-et-OS-300x212.jpg\" alt=\"\" class=\"wp-image-701\" srcset=\"https:\/\/aedmus.com\/wp-content\/uploads\/2018\/12\/fiche-\u00e9coute-dialogue-OP-et-OS-300x212.jpg 300w, https:\/\/aedmus.com\/wp-content\/uploads\/2018\/12\/fiche-\u00e9coute-dialogue-OP-et-OS-768x543.jpg 768w, https:\/\/aedmus.com\/wp-content\/uploads\/2018\/12\/fiche-\u00e9coute-dialogue-OP-et-OS-1024x724.jpg 1024w, https:\/\/aedmus.com\/wp-content\/uploads\/2018\/12\/fiche-\u00e9coute-dialogue-OP-et-OS-945x668.jpg 945w, https:\/\/aedmus.com\/wp-content\/uploads\/2018\/12\/fiche-\u00e9coute-dialogue-OP-et-OS-600x424.jpg 600w, https:\/\/aedmus.com\/wp-content\/uploads\/2018\/12\/fiche-\u00e9coute-dialogue-OP-et-OS.jpg 1754w\" sizes=\"auto, (max-width: 300px) 100vw, 300px\" \/><\/a><\/figure>\n<\/div>\n\n\n<h2 class=\"wp-block-heading\">En jazz, les clins d&rsquo;\u0153ils aux oreilles<\/h2>\n\n\n\n<p>Moanin&rsquo; de Art Blakey &#8211; <a rel=\"noreferrer noopener\" href=\"https:\/\/open.qobuz.com\/track\/16104033\" target=\"_blank\">Version Qobuz<\/a> album 1958<\/p>\n\n\n\n<p>Version live en vid\u00e9o (vers 1958-1959, si quelqu&rsquo;un sait o\u00f9 a \u00e9t\u00e9 jou\u00e9 ce concert&#8230;)<\/p>\n\n\n\n<figure class=\"wp-block-embed is-type-video is-provider-youtube wp-block-embed-youtube wp-embed-aspect-4-3 wp-has-aspect-ratio\"><div class=\"wp-block-embed__wrapper\">\n<iframe loading=\"lazy\" title=\"Moanin&#039; - Art Blakey &amp; the Jazz Messengers - Live\" width=\"676\" height=\"507\" src=\"https:\/\/www.youtube.com\/embed\/uKOoxgI_xfQ?start=46&#038;feature=oembed\" frameborder=\"0\" allow=\"accelerometer; autoplay; clipboard-write; encrypted-media; gyroscope; picture-in-picture; web-share\" referrerpolicy=\"strict-origin-when-cross-origin\" allowfullscreen><\/iframe>\n<\/div><figcaption class=\"wp-element-caption\">Moanin&rsquo; &#8211; Art Blakey and the jazz Messengers &#8211; 1958<\/figcaption><\/figure>\n\n\n\n<hr class=\"wp-block-separator has-css-opacity\"\/>\n\n\n\n<p>Voici quelques pi\u00e8ces musicales originales propos\u00e9es par les \u00e9l\u00e8ves :<\/p>\n\n\n\n<p class=\"has-text-align-center\"><strong><em>The typewriter<\/em> <\/strong><\/p>\n\n\n\n<p class=\"has-text-align-center\">compos\u00e9 par Leroy Anderson en1953<\/p>\n\n\n<div class=\"wp-block-image is-style-rounded\">\n<figure class=\"aligncenter is-resized\"><a href=\"https:\/\/www.youtube.com\/watch?v=sIdqJExuFMI&amp;ab_channel=thenameisgsarci\" target=\"_blank\" rel=\"noreferrer noopener\"><img loading=\"lazy\" decoding=\"async\" width=\"300\" height=\"162\" src=\"https:\/\/aedmus.com\/wp-content\/uploads\/2018\/12\/image_typewriter_anderson-300x162.jpg\" alt=\"\" class=\"wp-image-713\" style=\"width:408px;height:220px\" srcset=\"https:\/\/aedmus.com\/wp-content\/uploads\/2018\/12\/image_typewriter_anderson-300x162.jpg 300w, https:\/\/aedmus.com\/wp-content\/uploads\/2018\/12\/image_typewriter_anderson-768x415.jpg 768w, https:\/\/aedmus.com\/wp-content\/uploads\/2018\/12\/image_typewriter_anderson-1024x553.jpg 1024w, https:\/\/aedmus.com\/wp-content\/uploads\/2018\/12\/image_typewriter_anderson-945x511.jpg 945w, https:\/\/aedmus.com\/wp-content\/uploads\/2018\/12\/image_typewriter_anderson-600x324.jpg 600w, https:\/\/aedmus.com\/wp-content\/uploads\/2018\/12\/image_typewriter_anderson.jpg 1066w\" sizes=\"auto, (max-width: 300px) 100vw, 300px\" \/><\/a><\/figure>\n<\/div>\n\n\n<p class=\"has-text-align-center\">o\u00f9 l&rsquo;on peut entendre une machine \u00e0 \u00e9crire dialoguer avec un orchestre (n&rsquo;h\u00e9sitez pas \u00e0 faire un tour <a href=\"https:\/\/www.youtube.com\/watch?v=hzB53YL78rE\">ici <\/a>pour voir l&rsquo;hilarante interpr\u00e9tation de l&rsquo;acteur Jerry Lewis<\/p>\n\n\n\n<hr class=\"wp-block-separator has-css-opacity\"\/>\n\n\n\n<p><\/p>\n\n\n\n<p class=\"has-text-align-center\"><strong>When the saints go marching in !<\/strong><\/p>\n\n\n\n<p>interpr\u00e9tation de Louis Armstrong et Jewel Brown (et non Velma Middleton !) &#8211; Storyvillerecords &#8211; april 2 ou 24,1962 &#8211; New York)<\/p>\n\n\n<div class=\"wp-block-image is-style-rounded\">\n<figure class=\"aligncenter is-resized\"><a href=\"https:\/\/www.youtube.com\/watch?v=wyLjbMBpGDA&amp;ab_channel=xakyxak\" target=\"_blank\" rel=\"noreferrer noopener\"><img loading=\"lazy\" decoding=\"async\" width=\"300\" height=\"187\" src=\"https:\/\/aedmus.com\/wp-content\/uploads\/2018\/12\/oh-when-the-saint_armstrong-300x187.jpg\" alt=\"\" class=\"wp-image-715\" style=\"width:413px;height:257px\" srcset=\"https:\/\/aedmus.com\/wp-content\/uploads\/2018\/12\/oh-when-the-saint_armstrong-300x187.jpg 300w, https:\/\/aedmus.com\/wp-content\/uploads\/2018\/12\/oh-when-the-saint_armstrong-768x479.jpg 768w, https:\/\/aedmus.com\/wp-content\/uploads\/2018\/12\/oh-when-the-saint_armstrong-1024x639.jpg 1024w, https:\/\/aedmus.com\/wp-content\/uploads\/2018\/12\/oh-when-the-saint_armstrong-945x590.jpg 945w, https:\/\/aedmus.com\/wp-content\/uploads\/2018\/12\/oh-when-the-saint_armstrong-600x374.jpg 600w, https:\/\/aedmus.com\/wp-content\/uploads\/2018\/12\/oh-when-the-saint_armstrong.jpg 1418w\" sizes=\"auto, (max-width: 300px) 100vw, 300px\" \/><\/a><\/figure>\n<\/div>\n\n\n<hr class=\"wp-block-separator has-css-opacity\"\/>\n\n\n\n<p>Enfin voici quelques propositions de coll\u00e8gues glan\u00e9s ici ou l\u00e0, vous pouvez vous entrainer distinguer quel type de dialogue s&rsquo;op\u00e8re dans ces extraits<\/p>\n\n\n\n<figure class=\"wp-block-embed is-type-video is-provider-youtube wp-block-embed-youtube wp-embed-aspect-16-9 wp-has-aspect-ratio\"><div class=\"wp-block-embed__wrapper\">\n<iframe loading=\"lazy\" title=\"Takht oriental\" width=\"676\" height=\"380\" src=\"https:\/\/www.youtube.com\/embed\/ivc41BQIXdc?feature=oembed\" frameborder=\"0\" allow=\"accelerometer; autoplay; clipboard-write; encrypted-media; gyroscope; picture-in-picture; web-share\" referrerpolicy=\"strict-origin-when-cross-origin\" allowfullscreen><\/iframe>\n<\/div><figcaption class=\"wp-element-caption\">puis\u00e9 chez Mme <a href=\"https:\/\/madameleheron.wixsite.com\/education-musicale\/dialogues-en-musique\">Leheron<\/a><\/figcaption><\/figure>\n\n\n\n<figure class=\"wp-block-embed is-type-video is-provider-youtube wp-block-embed-youtube wp-embed-aspect-16-9 wp-has-aspect-ratio\"><div class=\"wp-block-embed__wrapper\">\n<iframe loading=\"lazy\" title=\"Concerto pour violon n\u00b02 de Mendelssohn (extrait)\" width=\"676\" height=\"380\" src=\"https:\/\/www.youtube.com\/embed\/ykoXmgO0mKg?feature=oembed\" frameborder=\"0\" allow=\"accelerometer; autoplay; clipboard-write; encrypted-media; gyroscope; picture-in-picture; web-share\" referrerpolicy=\"strict-origin-when-cross-origin\" allowfullscreen><\/iframe>\n<\/div><\/figure>\n\n\n\n<figure class=\"wp-block-embed is-type-video is-provider-youtube wp-block-embed-youtube wp-embed-aspect-4-3 wp-has-aspect-ratio\"><div class=\"wp-block-embed__wrapper\">\n<iframe loading=\"lazy\" title=\"3\/6 - David Guerrier - Joseph Haydn - 3\u00e8me mvt du Concerto pour trompette\" width=\"676\" height=\"507\" src=\"https:\/\/www.youtube.com\/embed\/hxwa8szwRTw?feature=oembed\" frameborder=\"0\" allow=\"accelerometer; autoplay; clipboard-write; encrypted-media; gyroscope; picture-in-picture; web-share\" referrerpolicy=\"strict-origin-when-cross-origin\" allowfullscreen><\/iframe>\n<\/div><\/figure>\n\n\n\n<hr class=\"wp-block-separator has-css-opacity\"\/>\n\n\n\n<h2 class=\"wp-block-heading\">Du c\u00f4t\u00e9 des chansons<\/h2>\n\n\n\n<p>Voici quelques propositions de chansons o\u00f9 l&rsquo;on peut dialoguer dans tous les sens, n&rsquo;h\u00e9sitez pas \u00e0 faire vos propositions d&rsquo;arrangement \ud83d\ude09<\/p>\n\n\n<p><img decoding=\"async\" src=\"https:\/\/docs.google.com\/drawings\/d\/e\/2PACX-1vR5oZs7_ndxyL34IcamkZOXkdNDOVf15kBF5qezYTCeia5TsgiZdxZjqNZHBivjavQKvXe_QXp-3Og3\/pub?w=794&amp;h=1000\"><\/p>\n\n\n\n<figure class=\"wp-block-audio\"><audio controls src=\"https:\/\/aedmus.com\/wp-content\/uploads\/2023\/10\/California-dreaming_accomp-C.mp3\"><\/audio><figcaption class=\"wp-element-caption\">California dreaming Accompagnement C#<\/figcaption><\/figure>\n\n\n\n<figure class=\"wp-block-audio\"><audio controls src=\"https:\/\/aedmus.com\/wp-content\/uploads\/2023\/10\/California-dreaming-accomp-D.mp3\"><\/audio><figcaption class=\"wp-element-caption\">California dreaming accomp Dm<\/figcaption><\/figure>\n\n\n\n<div class=\"wp-block-buttons is-layout-flex wp-block-buttons-is-layout-flex\">\n<div class=\"wp-block-button is-style-fill\"><a class=\"wp-block-button__link wp-element-button\" href=\"https:\/\/docs.google.com\/drawings\/d\/1v8PGKt8bqafLk-ZgPamIml7CrVs8i74BPioKMQOX4yk\/edit?usp=sharing\" target=\"_blank\" rel=\"noreferrer noopener\">California Dreamin&rsquo; &#8211; le texte<\/a><\/div>\n<\/div>\n\n\n\n<figure class=\"wp-block-embed is-type-video is-provider-youtube wp-block-embed-youtube wp-embed-aspect-16-9 wp-has-aspect-ratio\"><div class=\"wp-block-embed__wrapper\">\n<iframe loading=\"lazy\" title=\"The Mamas &amp; The Papas - California Dreamin&#039;\" width=\"676\" height=\"380\" src=\"https:\/\/www.youtube.com\/embed\/N-aK6JnyFmk?feature=oembed\" frameborder=\"0\" allow=\"accelerometer; autoplay; clipboard-write; encrypted-media; gyroscope; picture-in-picture; web-share\" referrerpolicy=\"strict-origin-when-cross-origin\" allowfullscreen><\/iframe>\n<\/div><\/figure>\n\n\n\n<hr class=\"wp-block-separator has-css-opacity\"\/>\n\n\n\n<p>Encore d&rsquo;autre chansons possibles pour \u00e9changer en chanson comme <em>\u00e7a marche<\/em> (<a rel=\"noreferrer noopener\" href=\"https:\/\/open.qobuz.com\/track\/2717120\" target=\"_blank\">ici<\/a> avec l&rsquo;accompagnement <a rel=\"noreferrer noopener\" href=\"https:\/\/open.qobuz.com\/track\/66276575\" target=\"_blank\">l\u00e0<\/a>), dans la com\u00e9die musicale <em>le roi soleil<\/em>, 2007. Un peu plus ancien mais tout aussi efficace, California dreamin&rsquo; <a href=\"https:\/\/madameleheron.wixsite.com\/education-musicale\/copie-de-i-m-a-believer\">ici<\/a> qui a sa page <a href=\"https:\/\/fr.wikipedia.org\/wiki\/California_Dreamin%27\">wiki<\/a><\/p>\n\n\n\n<figure class=\"wp-block-table\"><table><tbody><tr><td> Une Cueca de Bolivie <\/td><td>Les aristocats<\/td><td>La seine<\/td><td>Emm\u00e8ne moi<\/td><\/tr><tr><td><figure><code><figure><a href=\"https:\/\/drive.google.com\/file\/d\/18GbrUs5q7kg2EgAo8f89mx1RXVnM_SUS\/view?usp=drive_link\" data-type=\"link\" data-id=\"https:\/\/drive.google.com\/file\/d\/18GbrUs5q7kg2EgAo8f89mx1RXVnM_SUS\/view?usp=drive_link\"><img loading=\"lazy\" decoding=\"async\" width=\"212\" height=\"300\" class=\"aligncenter size-medium wp-image-703\" src=\"https:\/\/aedmus.com\/wp-content\/uploads\/2018\/12\/unos-quierem-212x300.jpg\" alt=\"\" srcset=\"https:\/\/aedmus.com\/wp-content\/uploads\/2018\/12\/unos-quierem-212x300.jpg 212w, https:\/\/aedmus.com\/wp-content\/uploads\/2018\/12\/unos-quierem-768x1086.jpg 768w, https:\/\/aedmus.com\/wp-content\/uploads\/2018\/12\/unos-quierem-724x1024.jpg 724w, https:\/\/aedmus.com\/wp-content\/uploads\/2018\/12\/unos-quierem-945x1337.jpg 945w, https:\/\/aedmus.com\/wp-content\/uploads\/2018\/12\/unos-quierem-600x849.jpg 600w, https:\/\/aedmus.com\/wp-content\/uploads\/2018\/12\/unos-quierem.jpg 1240w\" sizes=\"auto, (max-width: 212px) 100vw, 212px\" \/><\/a><\/figure><\/code><\/figure><\/td><td><figure><code><figure><a href=\"https:\/\/aedmus.com\/wp-content\/uploads\/2018\/12\/Les-aristochats-scat-cat-212x300.pdf\" target=\"_blank\" rel=\"noreferrer noopener\" aria-label=\" (s\u2019ouvre dans un nouvel onglet)\"><img loading=\"lazy\" decoding=\"async\" width=\"212\" height=\"300\" class=\"aligncenter size-medium wp-image-706\" src=\"https:\/\/aedmus.com\/wp-content\/uploads\/2018\/12\/Les-aristochats-scat-cat-212x300.jpg\" alt=\"\" style=\"width: px;\" srcset=\"https:\/\/aedmus.com\/wp-content\/uploads\/2018\/12\/Les-aristochats-scat-cat-212x300.jpg 212w, https:\/\/aedmus.com\/wp-content\/uploads\/2018\/12\/Les-aristochats-scat-cat-768x1086.jpg 768w, https:\/\/aedmus.com\/wp-content\/uploads\/2018\/12\/Les-aristochats-scat-cat-724x1024.jpg 724w, https:\/\/aedmus.com\/wp-content\/uploads\/2018\/12\/Les-aristochats-scat-cat-945x1337.jpg 945w, https:\/\/aedmus.com\/wp-content\/uploads\/2018\/12\/Les-aristochats-scat-cat-600x849.jpg 600w, https:\/\/aedmus.com\/wp-content\/uploads\/2018\/12\/Les-aristochats-scat-cat.jpg 1240w\" sizes=\"auto, (max-width: 212px) 100vw, 212px\" \/><\/a><\/figure><\/code><\/figure><\/td><td><figure><code><figure><a href=\"https:\/\/aedmus.com\/wp-content\/uploads\/2018\/12\/la-seine-m-vanessa-paradis-candellon.pdf\" target=\"_blank\" rel=\"noreferrer noopener\" aria-label=\"\ufffc (s\u2019ouvre dans un nouvel onglet)\"><img loading=\"lazy\" decoding=\"async\" width=\"211\" height=\"300\" class=\"aligncenter size-medium wp-image-711\" src=\"https:\/\/aedmus.com\/wp-content\/uploads\/2018\/12\/la-seine_m-211x300.jpg\" alt=\"\" srcset=\"https:\/\/aedmus.com\/wp-content\/uploads\/2018\/12\/la-seine_m-211x300.jpg 211w, https:\/\/aedmus.com\/wp-content\/uploads\/2018\/12\/la-seine_m.jpg 530w\" sizes=\"auto, (max-width: 211px) 100vw, 211px\" \/><\/a><\/figure><\/code><\/figure><\/td><td><figure><code><figure><a href=\"https:\/\/aedmus.com\/wp-content\/uploads\/2019\/11\/emmene_moi.pdf\" target=\"_blank\" rel=\"noreferrer noopener\" aria-label=\"\ufffc (s\u2019ouvre dans un nouvel onglet)\"><img loading=\"lazy\" decoding=\"async\" width=\"211\" height=\"300\" class=\"aligncenter size-medium wp-image-711\" src=\"https:\/\/aedmus.com\/wp-content\/uploads\/2019\/11\/emmene_moi.jpg\"><\/a><\/figure><\/code><\/figure><\/td><\/tr><\/tbody><\/table><\/figure>\n\n\n\n<p><\/p>\n","protected":false},"excerpt":{"rendered":"<p>Dialoguer sans les mots, juste en musique ou en langue musique&#8230; est-ce possible, comment s&rsquo;y prennent-t-ils ? Votre fiche de cours : En jazz, les clins d&rsquo;\u0153ils aux oreilles Moanin&rsquo; de Art Blakey &#8211; Version Qobuz album 1958 Version live&#8230; <a class=\"more-link\" href=\"https:\/\/aedmus.com\/index.php\/5eme\/comment_dialoguer_en_musique\/\">Continue Reading &rarr;<\/a><\/p>\n","protected":false},"author":1,"featured_media":0,"parent":123,"menu_order":0,"comment_status":"closed","ping_status":"closed","template":"template-fullwidth.php","meta":{"footnotes":""},"class_list":["post-162","page","type-page","status-publish","hentry"],"_links":{"self":[{"href":"https:\/\/aedmus.com\/index.php\/wp-json\/wp\/v2\/pages\/162","targetHints":{"allow":["GET"]}}],"collection":[{"href":"https:\/\/aedmus.com\/index.php\/wp-json\/wp\/v2\/pages"}],"about":[{"href":"https:\/\/aedmus.com\/index.php\/wp-json\/wp\/v2\/types\/page"}],"author":[{"embeddable":true,"href":"https:\/\/aedmus.com\/index.php\/wp-json\/wp\/v2\/users\/1"}],"replies":[{"embeddable":true,"href":"https:\/\/aedmus.com\/index.php\/wp-json\/wp\/v2\/comments?post=162"}],"version-history":[{"count":40,"href":"https:\/\/aedmus.com\/index.php\/wp-json\/wp\/v2\/pages\/162\/revisions"}],"predecessor-version":[{"id":1553,"href":"https:\/\/aedmus.com\/index.php\/wp-json\/wp\/v2\/pages\/162\/revisions\/1553"}],"up":[{"embeddable":true,"href":"https:\/\/aedmus.com\/index.php\/wp-json\/wp\/v2\/pages\/123"}],"wp:attachment":[{"href":"https:\/\/aedmus.com\/index.php\/wp-json\/wp\/v2\/media?parent=162"}],"curies":[{"name":"wp","href":"https:\/\/api.w.org\/{rel}","templated":true}]}}