{"id":160,"date":"2016-12-26T15:22:02","date_gmt":"2016-12-26T14:22:02","guid":{"rendered":"http:\/\/aedmus.com\/?page_id=160"},"modified":"2025-09-13T10:23:20","modified_gmt":"2025-09-13T08:23:20","slug":"atelier","status":"publish","type":"page","link":"https:\/\/aedmus.com\/index.php\/atelier\/","title":{"rendered":"Atelier"},"content":{"rendered":"\n<p>Voici une page d\u00e9di\u00e9e aux ateliers musicaux.<\/p>\n\n\n\n<p class=\"has-text-align-center\"><span style=\"text-align: center; font-size: 35px; color: #210b61;\"><strong>Pour la chorale Louisa Paulin c&rsquo;est ici<\/strong><\/span><\/p>\n\n\n\n<figure class=\"wp-block-image size-large\"><a href=\"https:\/\/aedmus.com\/index.php\/atelier\/du-fond-du-choeur\/\"><img loading=\"lazy\" decoding=\"async\" width=\"1024\" height=\"819\" src=\"https:\/\/aedmus.com\/wp-content\/uploads\/2025\/09\/histoire-de-famille4-1-1024x819.png\" alt=\"\" class=\"wp-image-1669\" srcset=\"https:\/\/aedmus.com\/wp-content\/uploads\/2025\/09\/histoire-de-famille4-1-1024x819.png 1024w, https:\/\/aedmus.com\/wp-content\/uploads\/2025\/09\/histoire-de-famille4-1-300x240.png 300w, https:\/\/aedmus.com\/wp-content\/uploads\/2025\/09\/histoire-de-famille4-1-768x614.png 768w, https:\/\/aedmus.com\/wp-content\/uploads\/2025\/09\/histoire-de-famille4-1-1536x1229.png 1536w, https:\/\/aedmus.com\/wp-content\/uploads\/2025\/09\/histoire-de-famille4-1-600x480.png 600w, https:\/\/aedmus.com\/wp-content\/uploads\/2025\/09\/histoire-de-famille4-1-945x756.png 945w, https:\/\/aedmus.com\/wp-content\/uploads\/2025\/09\/histoire-de-famille4-1.png 2000w\" sizes=\"auto, (max-width: 1024px) 100vw, 1024px\" \/><\/a><\/figure>\n\n\n\n<hr class=\"wp-block-separator has-alpha-channel-opacity\"\/>\n\n\n\n<p>College Nelson Mandela<\/p>\n\n\n<div class=\"wp-block-image is-style-default\">\n<figure class=\"aligncenter size-large is-resized\"><a href=\"https:\/\/aedmus.com\/index.php\/atelier\/le-choeur-dado\/\"><img loading=\"lazy\" decoding=\"async\" width=\"724\" height=\"1024\" src=\"https:\/\/aedmus.com\/wp-content\/uploads\/2022\/09\/affiche3-724x1024.jpg\" alt=\"\" class=\"wp-image-1276\" style=\"width:419px\" srcset=\"https:\/\/aedmus.com\/wp-content\/uploads\/2022\/09\/affiche3-724x1024.jpg 724w, https:\/\/aedmus.com\/wp-content\/uploads\/2022\/09\/affiche3-212x300.jpg 212w, https:\/\/aedmus.com\/wp-content\/uploads\/2022\/09\/affiche3-768x1086.jpg 768w, https:\/\/aedmus.com\/wp-content\/uploads\/2022\/09\/affiche3-1086x1536.jpg 1086w, https:\/\/aedmus.com\/wp-content\/uploads\/2022\/09\/affiche3-600x849.jpg 600w, https:\/\/aedmus.com\/wp-content\/uploads\/2022\/09\/affiche3-945x1337.jpg 945w, https:\/\/aedmus.com\/wp-content\/uploads\/2022\/09\/affiche3.jpg 1414w\" sizes=\"auto, (max-width: 724px) 100vw, 724px\" \/><\/a><\/figure>\n<\/div>\n\n\n<p class=\"has-text-align-center\"><span style=\"text-align: center; font-size: 35px; color: #210b61;\"><strong>Pour la bande son du film d&rsquo;animation c&rsquo;est l\u00e0<\/strong><\/span><\/p>\n\n\n<div class=\"wp-block-image\">\n<figure class=\"aligncenter\"><a href=\"http:\/\/padlet.com\/bastien_glacet\/dxedqrz1c1ir&quot; target=\" rel=\"noopener noreferrer\"><img loading=\"lazy\" decoding=\"async\" width=\"300\" height=\"225\" src=\"https:\/\/aedmus.com\/wp-content\/uploads\/2018\/01\/hqdefault-300x225.jpg\" alt=\"\" class=\"wp-image-527\" srcset=\"https:\/\/aedmus.com\/wp-content\/uploads\/2018\/01\/hqdefault-300x225.jpg 300w, https:\/\/aedmus.com\/wp-content\/uploads\/2018\/01\/hqdefault-370x278.jpg 370w, https:\/\/aedmus.com\/wp-content\/uploads\/2018\/01\/hqdefault.jpg 480w\" sizes=\"auto, (max-width: 300px) 100vw, 300px\" \/><\/a><\/figure>\n<\/div>\n\n\n<p class=\"has-text-align-center\"><span style=\"text-align: center; font-size: 35px; color: #210b61;\"><strong>Pour jouer&#8230;de la musique !<\/strong><\/span><\/p>\n\n\n\n<p>Soudation, beatlab, seaquence&#8230; De nombreuses possibilit\u00e9s s&rsquo;offrent \u00e0 vous \u00e0 toi de jouer maintenant.<\/p>\n\n\n<div class=\"wp-block-image\">\n<figure class=\"aligncenter\"><a href=\"https:\/\/aedmus.com\/index.php\/atelier\/pour-faire-de-la-musique\/\"><img loading=\"lazy\" decoding=\"async\" width=\"300\" height=\"211\" src=\"https:\/\/aedmus.com\/wp-content\/uploads\/2018\/01\/lien_musique_en_ligne-1-300x211.jpg\" alt=\"\" class=\"wp-image-528\" srcset=\"https:\/\/aedmus.com\/wp-content\/uploads\/2018\/01\/lien_musique_en_ligne-1-300x211.jpg 300w, https:\/\/aedmus.com\/wp-content\/uploads\/2018\/01\/lien_musique_en_ligne-1-768x541.jpg 768w, https:\/\/aedmus.com\/wp-content\/uploads\/2018\/01\/lien_musique_en_ligne-1-1024x722.jpg 1024w, https:\/\/aedmus.com\/wp-content\/uploads\/2018\/01\/lien_musique_en_ligne-1-370x261.jpg 370w, https:\/\/aedmus.com\/wp-content\/uploads\/2018\/01\/lien_musique_en_ligne-1-1040x733.jpg 1040w, https:\/\/aedmus.com\/wp-content\/uploads\/2018\/01\/lien_musique_en_ligne-1.jpg 1240w\" sizes=\"auto, (max-width: 300px) 100vw, 300px\" \/><\/a><\/figure>\n<\/div>\n\n\n<p class=\"has-text-align-center\"><span style=\"text-align: center; font-size: 35px; color: #210b61;\"><strong><span style=\"color: #210b61;\"><span style=\"font-size: 35px;\">Attention les oreilles !<\/span><\/span><\/strong><\/span><\/p>\n\n\n<div class=\"wp-block-image\">\n<figure class=\"aligncenter size-large is-resized\"><a href=\"https:\/\/aedmus.com\/index.php\/atelier\/oreilles-2\/\"><img loading=\"lazy\" decoding=\"async\" width=\"630\" height=\"680\" src=\"https:\/\/aedmus.com\/wp-content\/uploads\/2019\/11\/oreilles.png\" alt=\"\" class=\"wp-image-852\" style=\"width:212px;height:229px\" srcset=\"https:\/\/aedmus.com\/wp-content\/uploads\/2019\/11\/oreilles.png 630w, https:\/\/aedmus.com\/wp-content\/uploads\/2019\/11\/oreilles-278x300.png 278w, https:\/\/aedmus.com\/wp-content\/uploads\/2019\/11\/oreilles-600x648.png 600w\" sizes=\"auto, (max-width: 630px) 100vw, 630px\" \/><\/a><\/figure>\n<\/div>\n\n\n<p class=\"has-text-align-center\"><span style=\"text-align: center; font-size: 35px; color: #210b61;\"><strong><span style=\"color: #210b61;\"><span style=\"font-size: 35px;\">Les \u00e9v\u00e9nements&nbsp;de l&rsquo;ann\u00e9e<\/span><\/span><\/strong><\/span><\/p>\n\n\n<div class=\"wp-block-image\">\n<figure class=\"aligncenter\"><a href=\"https:\/\/aedmus.com\/?page_id=264&amp;preview=true\" target=\"_blank\" rel=\"noopener noreferrer\"><img loading=\"lazy\" decoding=\"async\" width=\"300\" height=\"150\" src=\"https:\/\/aedmus.com\/wp-content\/uploads\/2016\/12\/foule_concert-300x150.jpg\" alt=\"\" class=\"wp-image-262\"\/><\/a><\/figure>\n<\/div>\n\n\n<p class=\"has-text-align-center\"><span style=\"text-align: center; font-size: 35px; color: #210b61;\"><strong><span style=\"color: #210b61;\"><span style=\"font-size: 35px;\">Par ici la FM&#8230;<\/span><\/span><\/strong><\/span><\/p>\n\n\n<div class=\"wp-block-image\">\n<figure class=\"aligncenter\"><a href=\"https:\/\/aedmus.com\/index.php\/atelier\/fm\/\"><img loading=\"lazy\" decoding=\"async\" width=\"300\" height=\"225\" src=\"https:\/\/aedmus.com\/wp-content\/uploads\/2016\/12\/FM_partition-ecouteurs-300x225.jpg\" alt=\"\" class=\"wp-image-311\" srcset=\"https:\/\/aedmus.com\/wp-content\/uploads\/2016\/12\/FM_partition-ecouteurs-300x225.jpg 300w, https:\/\/aedmus.com\/wp-content\/uploads\/2016\/12\/FM_partition-ecouteurs-768x576.jpg 768w, https:\/\/aedmus.com\/wp-content\/uploads\/2016\/12\/FM_partition-ecouteurs-1024x768.jpg 1024w, https:\/\/aedmus.com\/wp-content\/uploads\/2016\/12\/FM_partition-ecouteurs-370x278.jpg 370w, https:\/\/aedmus.com\/wp-content\/uploads\/2016\/12\/FM_partition-ecouteurs-1040x780.jpg 1040w, https:\/\/aedmus.com\/wp-content\/uploads\/2016\/12\/FM_partition-ecouteurs.jpg 1280w\" sizes=\"auto, (max-width: 300px) 100vw, 300px\" \/><\/a><\/figure>\n<\/div>\n\n\n<p><br><a href=\"http:\/\/aedmus.eu\/?p=204\">Documentation officielle<\/a><\/p>\n","protected":false},"excerpt":{"rendered":"<p>Voici une page d\u00e9di\u00e9e aux ateliers musicaux. Pour la chorale Louisa Paulin c&rsquo;est ici College Nelson Mandela Pour la bande son du film d&rsquo;animation c&rsquo;est l\u00e0 Pour jouer&#8230;de la musique ! Soudation, beatlab, seaquence&#8230; De nombreuses possibilit\u00e9s s&rsquo;offrent \u00e0 vous&#8230; <a class=\"more-link\" href=\"https:\/\/aedmus.com\/index.php\/atelier\/\">Continue Reading &rarr;<\/a><\/p>\n","protected":false},"author":1,"featured_media":0,"parent":0,"menu_order":5,"comment_status":"closed","ping_status":"closed","template":"template-fullwidth.php","meta":{"footnotes":""},"class_list":["post-160","page","type-page","status-publish","hentry"],"_links":{"self":[{"href":"https:\/\/aedmus.com\/index.php\/wp-json\/wp\/v2\/pages\/160","targetHints":{"allow":["GET"]}}],"collection":[{"href":"https:\/\/aedmus.com\/index.php\/wp-json\/wp\/v2\/pages"}],"about":[{"href":"https:\/\/aedmus.com\/index.php\/wp-json\/wp\/v2\/types\/page"}],"author":[{"embeddable":true,"href":"https:\/\/aedmus.com\/index.php\/wp-json\/wp\/v2\/users\/1"}],"replies":[{"embeddable":true,"href":"https:\/\/aedmus.com\/index.php\/wp-json\/wp\/v2\/comments?post=160"}],"version-history":[{"count":33,"href":"https:\/\/aedmus.com\/index.php\/wp-json\/wp\/v2\/pages\/160\/revisions"}],"predecessor-version":[{"id":1678,"href":"https:\/\/aedmus.com\/index.php\/wp-json\/wp\/v2\/pages\/160\/revisions\/1678"}],"wp:attachment":[{"href":"https:\/\/aedmus.com\/index.php\/wp-json\/wp\/v2\/media?parent=160"}],"curies":[{"name":"wp","href":"https:\/\/api.w.org\/{rel}","templated":true}]}}