{"id":127,"date":"2016-12-19T10:39:39","date_gmt":"2016-12-19T09:39:39","guid":{"rendered":"http:\/\/aedmus.com\/?page_id=127"},"modified":"2025-04-30T19:45:20","modified_gmt":"2025-04-30T17:45:20","slug":"comment-la-musique-peut-elle-etre-engagee","status":"publish","type":"page","link":"https:\/\/aedmus.com\/index.php\/3eme\/comment-la-musique-peut-elle-etre-engagee\/","title":{"rendered":"La musique peut-elle \u00eatre engag\u00e9e ?"},"content":{"rendered":"\n<p class=\"has-text-align-left\">De nombreuses r\u00e9ponses sont possibles. Nous nous appuierons sur deux pi\u00e8ces musicales tr\u00e8s diff\u00e9rentes&nbsp;pour \u00e9laborer notre r\u00e9ponse :<\/p>\n\n\n\n<p class=\"has-text-align-center\"><span style=\"font-size: 25px; color: #210b61;\"><strong>La musique parvient elle \u00e0 t\u00e9moigner et \u00e0 traduire la souffrance li\u00e9e \u00e0 l&rsquo;incarc\u00e9ration ?<\/strong><\/span><\/p>\n\n\n<div class=\"wp-block-image\">\n<figure class=\"aligncenter size-full\"><img loading=\"lazy\" decoding=\"async\" width=\"600\" height=\"396\" src=\"https:\/\/aedmus.com\/wp-content\/uploads\/2016\/12\/Iannis_Xenakis-2.jpg\" alt=\"\" class=\"wp-image-366\" srcset=\"https:\/\/aedmus.com\/wp-content\/uploads\/2016\/12\/Iannis_Xenakis-2.jpg 600w, https:\/\/aedmus.com\/wp-content\/uploads\/2016\/12\/Iannis_Xenakis-2-300x198.jpg 300w, https:\/\/aedmus.com\/wp-content\/uploads\/2016\/12\/Iannis_Xenakis-2-370x244.jpg 370w\" sizes=\"auto, (max-width: 600px) 100vw, 600px\" \/><\/figure>\n<\/div>\n\n\n<p class=\"has-text-align-center\"><em><span style=\"font-size: 35px; color: #210b61;\"><strong><a href=\"https:\/\/www.youtube.com\/watch?v=tXjilKOyzow\">NUITS<\/a><\/strong><\/span><\/em>&#8211; (1968) de&nbsp;Yannis Xenakis (1922 &#8211; 2001)<\/p>\n\n\n\n<p class=\"has-text-align-left\">En lien avec la th\u00e9matique ARTS, ETAT, POUVOIR du programme d&rsquo;histoire des arts.<\/p>\n\n\n\n<p class=\"has-text-align-left\">NUITS est une \u0153uvre d\u00e9routante. En centrant notre attention sur certains mode de jeux vocaux utilis\u00e9s et en nous focalisant sur les intentions possibles&nbsp;du compositeur, cette pi\u00e8ce vocale d\u00e9voilera des perceptions inattendues.<\/p>\n\n\n\n<div class=\"wp-block-group is-nowrap is-layout-flex wp-container-core-group-is-layout-ad2f72ca wp-block-group-is-layout-flex\">\n<figure class=\"wp-block-image size-large is-resized\"><a href=\"https:\/\/aedmus.com\/wp-content\/uploads\/2016\/12\/partition_phinoprakta-1.jpg\"><img loading=\"lazy\" decoding=\"async\" width=\"1024\" height=\"567\" src=\"https:\/\/aedmus.com\/wp-content\/uploads\/2016\/12\/partition_phinoprakta-1-1024x567.jpg\" alt=\"\" class=\"wp-image-363\" style=\"width:601px;height:auto\" srcset=\"https:\/\/aedmus.com\/wp-content\/uploads\/2016\/12\/partition_phinoprakta-1-1024x567.jpg 1024w, https:\/\/aedmus.com\/wp-content\/uploads\/2016\/12\/partition_phinoprakta-1-300x166.jpg 300w, https:\/\/aedmus.com\/wp-content\/uploads\/2016\/12\/partition_phinoprakta-1-768x425.jpg 768w, https:\/\/aedmus.com\/wp-content\/uploads\/2016\/12\/partition_phinoprakta-1-370x205.jpg 370w, https:\/\/aedmus.com\/wp-content\/uploads\/2016\/12\/partition_phinoprakta-1-1040x576.jpg 1040w, https:\/\/aedmus.com\/wp-content\/uploads\/2016\/12\/partition_phinoprakta-1.jpg 1806w\" sizes=\"auto, (max-width: 1024px) 100vw, 1024px\" \/><\/a><figcaption class=\"wp-element-caption\">Extrait de la partition de Pithoprakta &#8211; 1955 ; bas\u00e9 sur le calcul des probabilit\u00e9s et de masses.<\/figcaption><\/figure>\n\n\n\n<figure class=\"wp-block-image size-full is-resized\"><a href=\"https:\/\/aedmus.com\/wp-content\/uploads\/2016\/12\/pavillon_philips-1.jpg\"><img loading=\"lazy\" decoding=\"async\" width=\"305\" height=\"359\" src=\"https:\/\/aedmus.com\/wp-content\/uploads\/2016\/12\/pavillon_philips-1.jpg\" alt=\"\" class=\"wp-image-364\" style=\"width:435px;height:auto\" srcset=\"https:\/\/aedmus.com\/wp-content\/uploads\/2016\/12\/pavillon_philips-1.jpg 305w, https:\/\/aedmus.com\/wp-content\/uploads\/2016\/12\/pavillon_philips-1-255x300.jpg 255w\" sizes=\"auto, (max-width: 305px) 100vw, 305px\" \/><\/a><figcaption class=\"wp-element-caption\">Le pavillon Philips, exposition univeselle de Bruxelles &#8211; 1958<\/figcaption><\/figure>\n<\/div>\n\n\n\n<div class=\"wp-block-buttons is-layout-flex wp-block-buttons-is-layout-flex\">\n<div class=\"wp-block-button\"><a class=\"wp-block-button__link wp-element-button\" href=\"https:\/\/aedmus.com\/wp-content\/uploads\/2016\/12\/nuits-xenakis_fiche_eleves.pdf\">Analyse Nuits &#8211; Xenakis (\u00e9l\u00e8ves)<\/a><\/div>\n<\/div>\n\n\n\n<div data-wp-interactive=\"core\/file\" class=\"wp-block-file\"><object data-wp-bind--hidden=\"!state.hasPdfPreview\" hidden class=\"wp-block-file__embed\" data=\"https:\/\/aedmus.com\/wp-content\/uploads\/2025\/02\/nuits-xenakis_fiche_eleves.pdf\" type=\"application\/pdf\" style=\"width:100%;height:600px\" aria-label=\"Contenu embarqu\u00e9 nuits-xenakis_fiche_eleves.\"><\/object><a id=\"wp-block-file--media-52eb283d-c61e-4acb-9bd8-cd5d3054c608\" href=\"https:\/\/aedmus.com\/wp-content\/uploads\/2025\/02\/nuits-xenakis_fiche_eleves.pdf\">nuits-xenakis_fiche_eleves<\/a><a href=\"https:\/\/aedmus.com\/wp-content\/uploads\/2025\/02\/nuits-xenakis_fiche_eleves.pdf\" class=\"wp-block-file__button wp-element-button\" download aria-describedby=\"wp-block-file--media-52eb283d-c61e-4acb-9bd8-cd5d3054c608\">T\u00e9l\u00e9charger<\/a><\/div>\n\n\n\n<div style=\"height:100px\" aria-hidden=\"true\" class=\"wp-block-spacer\"><\/div>\n\n\n\n<div class=\"wp-block-group is-nowrap is-layout-flex wp-container-core-group-is-layout-ad2f72ca wp-block-group-is-layout-flex\">\n<figure class=\"wp-block-image size-full is-resized\"><img loading=\"lazy\" decoding=\"async\" width=\"700\" height=\"329\" src=\"https:\/\/aedmus.com\/wp-content\/uploads\/2025\/02\/partition-metastasis.webp\" alt=\"\" class=\"wp-image-1597\" style=\"width:462px;height:auto\" srcset=\"https:\/\/aedmus.com\/wp-content\/uploads\/2025\/02\/partition-metastasis.webp 700w, https:\/\/aedmus.com\/wp-content\/uploads\/2025\/02\/partition-metastasis-300x141.webp 300w, https:\/\/aedmus.com\/wp-content\/uploads\/2025\/02\/partition-metastasis-600x282.webp 600w\" sizes=\"auto, (max-width: 700px) 100vw, 700px\" \/><figcaption class=\"wp-element-caption\">Partition de <em>Metastasis <\/em>&#8211; 1955 ; premi\u00e8re oeuvre compos\u00e9e en utilisant des proc\u00e9d\u00e9s math\u00e9matiques<\/figcaption><\/figure>\n\n\n\n<figure class=\"wp-block-image size-full is-resized\"><img loading=\"lazy\" decoding=\"async\" width=\"305\" height=\"359\" src=\"https:\/\/aedmus.com\/wp-content\/uploads\/2016\/12\/pavillon_philips-1.jpg\" alt=\"\" class=\"wp-image-364\" style=\"width:297px;height:auto\" srcset=\"https:\/\/aedmus.com\/wp-content\/uploads\/2016\/12\/pavillon_philips-1.jpg 305w, https:\/\/aedmus.com\/wp-content\/uploads\/2016\/12\/pavillon_philips-1-255x300.jpg 255w\" sizes=\"auto, (max-width: 305px) 100vw, 305px\" \/><figcaption class=\"wp-element-caption\">Pavillon Philips, exposition universelle Bruxelle &#8211; 1958<\/figcaption><\/figure>\n\n\n\n<figure class=\"wp-block-image size-full is-resized\"><img loading=\"lazy\" decoding=\"async\" width=\"1024\" height=\"768\" src=\"https:\/\/aedmus.com\/wp-content\/uploads\/2025\/02\/pavillon-philips-1024x768-1.webp\" alt=\"\" class=\"wp-image-1598\" style=\"width:520px;height:auto\" srcset=\"https:\/\/aedmus.com\/wp-content\/uploads\/2025\/02\/pavillon-philips-1024x768-1.webp 1024w, https:\/\/aedmus.com\/wp-content\/uploads\/2025\/02\/pavillon-philips-1024x768-1-300x225.webp 300w, https:\/\/aedmus.com\/wp-content\/uploads\/2025\/02\/pavillon-philips-1024x768-1-768x576.webp 768w, https:\/\/aedmus.com\/wp-content\/uploads\/2025\/02\/pavillon-philips-1024x768-1-600x450.webp 600w, https:\/\/aedmus.com\/wp-content\/uploads\/2025\/02\/pavillon-philips-1024x768-1-945x709.webp 945w\" sizes=\"auto, (max-width: 1024px) 100vw, 1024px\" \/><\/figure>\n<\/div>\n\n\n\n<hr class=\"wp-block-separator has-css-opacity\"\/>\n\n\n\n<p class=\"has-text-align-center\"><span style=\"font-size: 50px; color: #210b61;\"><strong>Bella Ciao<\/strong><\/span><\/p>\n\n\n<div class=\"wp-block-image\">\n<figure class=\"aligncenter\"><a href=\"https:\/\/drive.google.com\/file\/d\/12ZkxF4GpVl8v6WcAk9il-4ws4-JWA0pp\/view?usp=sharing\"><img loading=\"lazy\" decoding=\"async\" width=\"212\" height=\"300\" src=\"https:\/\/aedmus.com\/wp-content\/uploads\/2016\/12\/bella_ciao-212x300.jpg\" alt=\"\" class=\"wp-image-146\" srcset=\"https:\/\/aedmus.com\/wp-content\/uploads\/2016\/12\/bella_ciao-212x300.jpg 212w, https:\/\/aedmus.com\/wp-content\/uploads\/2016\/12\/bella_ciao-768x1086.jpg 768w, https:\/\/aedmus.com\/wp-content\/uploads\/2016\/12\/bella_ciao-724x1024.jpg 724w, https:\/\/aedmus.com\/wp-content\/uploads\/2016\/12\/bella_ciao-370x523.jpg 370w, https:\/\/aedmus.com\/wp-content\/uploads\/2016\/12\/bella_ciao-1040x1471.jpg 1040w, https:\/\/aedmus.com\/wp-content\/uploads\/2016\/12\/bella_ciao.jpg 1240w\" sizes=\"auto, (max-width: 212px) 100vw, 212px\" \/><\/a><\/figure>\n<\/div>\n\n\n<div class=\"wp-block-buttons is-content-justification-center is-layout-flex wp-container-core-buttons-is-layout-16018d1d wp-block-buttons-is-layout-flex\">\n<div class=\"wp-block-button\"><a class=\"wp-block-button__link wp-element-button\" href=\"https:\/\/drive.google.com\/file\/d\/12ZkxF4GpVl8v6WcAk9il-4ws4-JWA0pp\/view?usp=sharing\">Bella Ciao &#8211; histoire et paroles<\/a><\/div>\n<\/div>\n\n\n\n<figure class=\"wp-block-embed is-type-video is-provider-youtube wp-block-embed-youtube wp-embed-aspect-4-3 wp-has-aspect-ratio\"><div class=\"wp-block-embed__wrapper\">\n<iframe loading=\"lazy\" title=\"Les chants de r\u00e9volte des mondine en Italie - La chronique d&#039;Aliette de Laleu\" width=\"676\" height=\"507\" src=\"https:\/\/www.youtube.com\/embed\/Ld5-J8mHaJ8?feature=oembed\" frameborder=\"0\" allow=\"accelerometer; autoplay; clipboard-write; encrypted-media; gyroscope; picture-in-picture; web-share\" referrerpolicy=\"strict-origin-when-cross-origin\" allowfullscreen><\/iframe>\n<\/div><\/figure>\n\n\n\n<hr class=\"wp-block-separator has-css-opacity\"\/>\n\n\n\n<h2 class=\"wp-block-heading has-text-align-center\">\u00c0 vous les journalistes !<\/h2>\n\n\n\n<p>Saisissez vous des propositions de chansons ou puisez dans votre r\u00e9pertoire personnel et r\u00e9alisez ce travail de journaliste :<\/p>\n\n\n\n<div class=\"wp-block-buttons is-layout-flex wp-block-buttons-is-layout-flex\">\n<div class=\"wp-block-button\"><a class=\"wp-block-button__link wp-element-button\" href=\"https:\/\/docs.google.com\/drawings\/d\/1LjuVTfAzQ2MrXMhEDfoK_UTSwUCqZHvyZS4lAWJhkNo\/edit?usp=sharing\">Journaliste fiche 1<\/a><\/div>\n\n\n\n<div class=\"wp-block-button\"><a class=\"wp-block-button__link wp-element-button\" href=\"https:\/\/docs.google.com\/drawings\/d\/15dRE2rG0ozvaggcGKnSU3irafxn1O0WMkYTBQGXpvKg\/edit?usp=sharing\">Journaliste fiche 2<\/a><\/div>\n<\/div>\n\n\n\n<div class=\"wp-block-group is-layout-grid wp-container-core-group-is-layout-9649a0d9 wp-block-group-is-layout-grid\">\n<figure class=\"wp-block-image size-large\"><a href=\"https:\/\/docs.google.com\/drawings\/d\/1LjuVTfAzQ2MrXMhEDfoK_UTSwUCqZHvyZS4lAWJhkNo\/edit?usp=sharing\"><img loading=\"lazy\" decoding=\"async\" width=\"724\" height=\"1024\" src=\"https:\/\/aedmus.com\/wp-content\/uploads\/2025\/02\/Emission-radio-fiche-1-1-724x1024.png\" alt=\"\" class=\"wp-image-1583\" srcset=\"https:\/\/aedmus.com\/wp-content\/uploads\/2025\/02\/Emission-radio-fiche-1-1-724x1024.png 724w, https:\/\/aedmus.com\/wp-content\/uploads\/2025\/02\/Emission-radio-fiche-1-1-212x300.png 212w, https:\/\/aedmus.com\/wp-content\/uploads\/2025\/02\/Emission-radio-fiche-1-1-768x1086.png 768w, https:\/\/aedmus.com\/wp-content\/uploads\/2025\/02\/Emission-radio-fiche-1-1-600x848.png 600w, https:\/\/aedmus.com\/wp-content\/uploads\/2025\/02\/Emission-radio-fiche-1-1.png 793w\" sizes=\"auto, (max-width: 724px) 100vw, 724px\" \/><\/a><\/figure>\n\n\n\n<figure class=\"wp-block-image size-large\"><a href=\"https:\/\/docs.google.com\/drawings\/d\/15dRE2rG0ozvaggcGKnSU3irafxn1O0WMkYTBQGXpvKg\/edit?usp=sharing\"><img loading=\"lazy\" decoding=\"async\" width=\"724\" height=\"1024\" src=\"https:\/\/aedmus.com\/wp-content\/uploads\/2025\/02\/Emission-radio-fiche-2-2-724x1024.png\" alt=\"\" class=\"wp-image-1584\" srcset=\"https:\/\/aedmus.com\/wp-content\/uploads\/2025\/02\/Emission-radio-fiche-2-2-724x1024.png 724w, https:\/\/aedmus.com\/wp-content\/uploads\/2025\/02\/Emission-radio-fiche-2-2-212x300.png 212w, https:\/\/aedmus.com\/wp-content\/uploads\/2025\/02\/Emission-radio-fiche-2-2-768x1086.png 768w, https:\/\/aedmus.com\/wp-content\/uploads\/2025\/02\/Emission-radio-fiche-2-2-600x848.png 600w, https:\/\/aedmus.com\/wp-content\/uploads\/2025\/02\/Emission-radio-fiche-2-2.png 793w\" sizes=\"auto, (max-width: 724px) 100vw, 724px\" \/><\/a><\/figure>\n<\/div>\n\n\n\n<p>(Un grand merci \u00e0 M. Bonzi et Mme Miqueu qui ont grandement particip\u00e9s \u00e0 la cr\u00e9ation de ce cours \ud83d\ude09 )<\/p>\n\n\n\n<div class=\"wp-block-buttons is-layout-flex wp-block-buttons-is-layout-flex\">\n<div class=\"wp-block-button\"><a class=\"wp-block-button__link wp-element-button\" href=\"https:\/\/docs.google.com\/drawings\/d\/1zJ85IqcZ8A-P9Yf46GX_qVNoUC-cQmgI6yrveh2yI3A\/edit?usp=sharing\">Une fiche identit\u00e9 d&rsquo;une \u0153uvre qui peut vous aider<\/a><\/div>\n\n\n\n<div class=\"wp-block-button\"><a class=\"wp-block-button__link wp-element-button\" href=\"https:\/\/docs.google.com\/document\/d\/1FaRx6IaaT8DvvvaXrQe9ojjP4cODZpEudd5sIrc3vaM\/edit?usp=sharing\">Liste d&rsquo;\u0153uvres engag\u00e9es<\/a><\/div>\n<\/div>\n\n\n\n<hr class=\"wp-block-separator has-alpha-channel-opacity\"\/>\n\n\n\n<p>Les chansons possibles : Elles ne sont pas toutes \u00e0 proprement parl\u00e9 engag\u00e9es mais au moins \u00e9voquent-elles un moment de l&rsquo;histoire ou des figures importantes de l&rsquo;engagement, pour la libert\u00e9 ou pour l&rsquo;\u00e9galit\u00e9 des droits civiques par exemple&#8230;<\/p>\n\n\n\n<figure class=\"wp-block-embed is-type-video is-provider-youtube wp-block-embed-youtube wp-embed-aspect-16-9 wp-has-aspect-ratio\"><div class=\"wp-block-embed__wrapper\">\n<iframe loading=\"lazy\" title=\"Musique engag\u00e9e\" width=\"676\" height=\"380\" src=\"https:\/\/www.youtube.com\/embed\/videoseries?list=PLaeNAYMxwIypjFVKkU3jncwknMz_GQNx3\" frameborder=\"0\" allow=\"accelerometer; autoplay; clipboard-write; encrypted-media; gyroscope; picture-in-picture; web-share\" referrerpolicy=\"strict-origin-when-cross-origin\" allowfullscreen><\/iframe>\n<\/div><\/figure>\n\n\n\n<iframe loading=\"lazy\"\n        src=\"https:\/\/widget.qobuz.com\/playlist\/5926293?zone=FR-fr\"\n        width=\"378\"\n        height=\"390\"\n      >\n        <p>Your browser does not support iframes.<\/p>\n      <\/iframe>\n\n\n\n<hr class=\"wp-block-separator has-css-opacity\"\/>\n\n\n\n<figure class=\"wp-block-table\"><table><tbody><tr><th>La chanson<a href=\"https:\/\/aedmus.com\/wp-content\/uploads\/2016\/12\/Angela-eleves-1.pdf\" target=\"_blank\" rel=\"noopener noreferrer\"><img loading=\"lazy\" decoding=\"async\" class=\"align=center wp-image-149 size-medium\" src=\"https:\/\/aedmus.com\/wp-content\/uploads\/2016\/12\/Angela-eleves-1-212x300.jpg\" alt=\"\" width=\"212\" height=\"300\" srcset=\"https:\/\/aedmus.com\/wp-content\/uploads\/2016\/12\/Angela-eleves-1-212x300.jpg 212w, https:\/\/aedmus.com\/wp-content\/uploads\/2016\/12\/Angela-eleves-1-768x1086.jpg 768w, https:\/\/aedmus.com\/wp-content\/uploads\/2016\/12\/Angela-eleves-1-724x1024.jpg 724w, https:\/\/aedmus.com\/wp-content\/uploads\/2016\/12\/Angela-eleves-1-370x523.jpg 370w, https:\/\/aedmus.com\/wp-content\/uploads\/2016\/12\/Angela-eleves-1-1040x1471.jpg 1040w, https:\/\/aedmus.com\/wp-content\/uploads\/2016\/12\/Angela-eleves-1.jpg 1240w\" sizes=\"auto, (max-width: 212px) 100vw, 212px\" \/><\/a><\/th><th>Pour aller plus loin<a href=\"https:\/\/aedmus.com\/wp-content\/uploads\/2016\/12\/Angela-fiche-professeurs.pdf\"><img loading=\"lazy\" decoding=\"async\" class=\"alignnone size-medium wp-image-151\" src=\"https:\/\/aedmus.com\/wp-content\/uploads\/2016\/12\/angela_prof-254x300.jpg\" alt=\"\" width=\"254\" height=\"300\" srcset=\"https:\/\/aedmus.com\/wp-content\/uploads\/2016\/12\/angela_prof-254x300.jpg 254w, https:\/\/aedmus.com\/wp-content\/uploads\/2016\/12\/angela_prof-370x437.jpg 370w, https:\/\/aedmus.com\/wp-content\/uploads\/2016\/12\/angela_prof.jpg 686w\" sizes=\"auto, (max-width: 254px) 100vw, 254px\" \/><\/a><\/th><th>Le clip<a href=\"https:\/\/www.youtube.com\/watch?v=7hHHAm9_a_M\"><img loading=\"lazy\" decoding=\"async\" class=\"size-medium wp-image-152 aligncenter\" src=\"https:\/\/aedmus.com\/wp-content\/uploads\/2016\/12\/angela_noah-300x169.jpg\" alt=\"\" width=\"300\" height=\"169\" srcset=\"https:\/\/aedmus.com\/wp-content\/uploads\/2016\/12\/angela_noah-300x169.jpg 300w, https:\/\/aedmus.com\/wp-content\/uploads\/2016\/12\/angela_noah-768x432.jpg 768w, https:\/\/aedmus.com\/wp-content\/uploads\/2016\/12\/angela_noah-370x208.jpg 370w, https:\/\/aedmus.com\/wp-content\/uploads\/2016\/12\/angela_noah.jpg 932w\" sizes=\"auto, (max-width: 300px) 100vw, 300px\" \/><\/a>L&rsquo;accompagnement<a href=\"https:\/\/www.youtube.com\/watch?v=CealnWY9hmU\"><img loading=\"lazy\" decoding=\"async\" class=\"alignnone wp-image-153 size-medium\" src=\"https:\/\/aedmus.com\/wp-content\/uploads\/2016\/12\/angela_playback-300x171.jpg\" width=\"300\" height=\"171\" srcset=\"https:\/\/aedmus.com\/wp-content\/uploads\/2016\/12\/angela_playback-300x171.jpg 300w, https:\/\/aedmus.com\/wp-content\/uploads\/2016\/12\/angela_playback-768x437.jpg 768w, https:\/\/aedmus.com\/wp-content\/uploads\/2016\/12\/angela_playback-370x211.jpg 370w, https:\/\/aedmus.com\/wp-content\/uploads\/2016\/12\/angela_playback.jpg 782w\" sizes=\"auto, (max-width: 300px) 100vw, 300px\" \/><\/a><\/th><\/tr><\/tbody><\/table><\/figure>\n\n\n\n<h2 class=\"wp-block-heading\">Girl just want to have fun<\/h2>\n\n\n\n<p>Mais oui, quelques ann\u00e9es apr\u00e8s la <a href=\"https:\/\/ivg.gouv.fr\/le-droit-lavortement\">loi \u00ab\u00a0Veil\u00a0\u00bb de 1975<\/a>, Cyndi Lauper arrive avec ce tonitruant et lib\u00e9rateur Girl just wanna have fun aux accent de libert\u00e9.<\/p>\n\n\n\n<figure class=\"wp-block-embed is-type-video is-provider-youtube wp-block-embed-youtube wp-embed-aspect-4-3 wp-has-aspect-ratio\"><div class=\"wp-block-embed__wrapper\">\n<iframe loading=\"lazy\" title=\"Cyndi Lauper - Girls Just Want To Have Fun (Official Video)\" width=\"676\" height=\"507\" src=\"https:\/\/www.youtube.com\/embed\/PIb6AZdTr-A?feature=oembed\" frameborder=\"0\" allow=\"accelerometer; autoplay; clipboard-write; encrypted-media; gyroscope; picture-in-picture; web-share\" referrerpolicy=\"strict-origin-when-cross-origin\" allowfullscreen><\/iframe>\n<\/div><\/figure>\n\n\n\n<figure class=\"wp-block-audio\"><audio controls src=\"https:\/\/aedmus.com\/wp-content\/uploads\/2023\/05\/accomp-Girl-just-wana-en-D.mp3\"><\/audio><figcaption class=\"wp-element-caption\">Accompagnement en D<\/figcaption><\/figure>\n\n\n\n<figure class=\"wp-block-audio\"><audio controls src=\"https:\/\/aedmus.com\/wp-content\/uploads\/2023\/05\/accomp-Girl-just-wana-en-C.mp3\"><\/audio><figcaption class=\"wp-element-caption\">Accompagnement en C<\/figcaption><\/figure>\n\n\n\n<div class=\"wp-block-buttons is-layout-flex wp-block-buttons-is-layout-flex\">\n<div class=\"wp-block-button\"><a class=\"wp-block-button__link wp-element-button\" href=\"https:\/\/docs.google.com\/drawings\/d\/1VCjKJrPSSppSEQ77mT3pnE0lPSDhmm3a__7a6U0Y84k\/edit?usp=sharing\">Girl just want to have fun &#8211; paroles<\/a><\/div>\n\n\n<\/div>\n\n\n\n<p>Capsule de Rebecca Manzoni, une EXCELLENTE journaliste<\/p>\n\n\n<p><iframe loading=\"lazy\" title=\"Music&#x20;Queens\" allowfullscreen=\"true\" style=\"transition-duration:0;transition-property:no;margin:0 auto;position:relative;display:block;background-color:#000000;\" frameborder=\"0\" scrolling=\"no\" width=\"100%\" height=\"100%\" src=\"https:\/\/www.arte.tv\/embeds\/fr\/093019-008-A?autoplay=true&#038;mute=0\"><\/iframe><\/p>\n\n\n\n<hr class=\"wp-block-separator has-css-opacity\"\/>\n\n\n<div class=\"wp-block-image\">\n<figure class=\"alignleft\"><a href=\"http:\/\/www.ac-versailles.fr\/public\/jcms\/p1_179049\/frise-numerique-histoire-et-histoire-des-arts\" target=\"_blank\" rel=\"noopener noreferrer\"><img loading=\"lazy\" decoding=\"async\" width=\"300\" height=\"225\" src=\"https:\/\/aedmus.com\/wp-content\/uploads\/2016\/12\/frises_chrono_versaille-300x225.jpg\" alt=\"\" class=\"wp-image-137\" srcset=\"https:\/\/aedmus.com\/wp-content\/uploads\/2016\/12\/frises_chrono_versaille-300x225.jpg 300w, https:\/\/aedmus.com\/wp-content\/uploads\/2016\/12\/frises_chrono_versaille-768x575.jpg 768w, https:\/\/aedmus.com\/wp-content\/uploads\/2016\/12\/frises_chrono_versaille-370x277.jpg 370w, https:\/\/aedmus.com\/wp-content\/uploads\/2016\/12\/frises_chrono_versaille.jpg 828w\" sizes=\"auto, (max-width: 300px) 100vw, 300px\" \/><\/a><\/figure>\n<\/div>\n\n\n<h2 class=\"wp-block-heading\"><strong><span style=\"color: #339966;\">FRISES CHRONOLOGIQUES<\/span><\/strong><\/h2>\n\n\n\n<p>Je vous invite FORTEMENT (et c&rsquo;est indispensable) \u00e0 suivre&nbsp;<span style=\"font-size: large;\">ces&nbsp;<\/span><strong><span style=\"font-size: xx-large;\">frises num\u00e9riques&nbsp;<\/span><\/strong><span style=\"font-size: large;\">sur l&rsquo;histoire des arts, c&rsquo;est un compl\u00e9ment plus que n\u00e9cessaire.<\/span><\/p>\n\n\n\n<hr class=\"wp-block-separator has-css-opacity\"\/>\n\n\n<div class=\"wp-block-image\">\n<figure class=\"aligncenter\"><a href=\"http:\/\/padlet.com\/bastien_glacet\/9f5o02olm4ma\" target=\"_blank\" rel=\"noopener noreferrer\"><img loading=\"lazy\" decoding=\"async\" width=\"300\" height=\"180\" src=\"https:\/\/aedmus.com\/wp-content\/uploads\/2016\/12\/padlet_engagement-300x180.jpg\" alt=\"\" class=\"wp-image-370\" srcset=\"https:\/\/aedmus.com\/wp-content\/uploads\/2016\/12\/padlet_engagement-300x180.jpg 300w, https:\/\/aedmus.com\/wp-content\/uploads\/2016\/12\/padlet_engagement-768x460.jpg 768w, https:\/\/aedmus.com\/wp-content\/uploads\/2016\/12\/padlet_engagement-1024x613.jpg 1024w, https:\/\/aedmus.com\/wp-content\/uploads\/2016\/12\/padlet_engagement-370x221.jpg 370w, https:\/\/aedmus.com\/wp-content\/uploads\/2016\/12\/padlet_engagement-1040x622.jpg 1040w, https:\/\/aedmus.com\/wp-content\/uploads\/2016\/12\/padlet_engagement.jpg 1467w\" sizes=\"auto, (max-width: 300px) 100vw, 300px\" \/><\/a><\/figure>\n<\/div>\n\n\n<p><span style=\"font-size: large;\"><br><\/span><span style=\"font-size: 35px; color: #210b61;\"><strong>Le Bonus pour les curieux :<\/strong><\/span>Voici un padlet regroupant diff\u00e9rentes\u0153uvres que vous avez \u00e9tudi\u00e9es cette ann\u00e9e<\/p>\n\n\n\n<p>Et pour les encore plus curieux que les curieux !<\/p>\n\n\n\n<p>Voici un lien vers ARTE o\u00f9 R\u00e9becca Manzonni interroge le droit des femmes par le biais de grandes figures de la musique pop<\/p>\n\n\n\n<div class=\"wp-block-buttons is-layout-flex wp-block-buttons-is-layout-flex\">\n<div class=\"wp-block-button\"><a class=\"wp-block-button__link wp-element-button\" href=\"https:\/\/www.arte.tv\/fr\/videos\/RC-023553\/music-queens\/\">Music Queens<\/a><\/div>\n<\/div>\n","protected":false},"excerpt":{"rendered":"<p>De nombreuses r\u00e9ponses sont possibles. Nous nous appuierons sur deux pi\u00e8ces musicales tr\u00e8s diff\u00e9rentes&nbsp;pour \u00e9laborer notre r\u00e9ponse : La musique parvient elle \u00e0 t\u00e9moigner et \u00e0 traduire la souffrance li\u00e9e \u00e0 l&rsquo;incarc\u00e9ration ? NUITS&#8211; (1968) de&nbsp;Yannis Xenakis (1922 &#8211; 2001)&#8230; <a class=\"more-link\" href=\"https:\/\/aedmus.com\/index.php\/3eme\/comment-la-musique-peut-elle-etre-engagee\/\">Continue Reading &rarr;<\/a><\/p>\n","protected":false},"author":1,"featured_media":0,"parent":4,"menu_order":0,"comment_status":"closed","ping_status":"closed","template":"template-fullwidth.php","meta":{"footnotes":""},"class_list":["post-127","page","type-page","status-publish","hentry"],"_links":{"self":[{"href":"https:\/\/aedmus.com\/index.php\/wp-json\/wp\/v2\/pages\/127","targetHints":{"allow":["GET"]}}],"collection":[{"href":"https:\/\/aedmus.com\/index.php\/wp-json\/wp\/v2\/pages"}],"about":[{"href":"https:\/\/aedmus.com\/index.php\/wp-json\/wp\/v2\/types\/page"}],"author":[{"embeddable":true,"href":"https:\/\/aedmus.com\/index.php\/wp-json\/wp\/v2\/users\/1"}],"replies":[{"embeddable":true,"href":"https:\/\/aedmus.com\/index.php\/wp-json\/wp\/v2\/comments?post=127"}],"version-history":[{"count":45,"href":"https:\/\/aedmus.com\/index.php\/wp-json\/wp\/v2\/pages\/127\/revisions"}],"predecessor-version":[{"id":1614,"href":"https:\/\/aedmus.com\/index.php\/wp-json\/wp\/v2\/pages\/127\/revisions\/1614"}],"up":[{"embeddable":true,"href":"https:\/\/aedmus.com\/index.php\/wp-json\/wp\/v2\/pages\/4"}],"wp:attachment":[{"href":"https:\/\/aedmus.com\/index.php\/wp-json\/wp\/v2\/media?parent=127"}],"curies":[{"name":"wp","href":"https:\/\/api.w.org\/{rel}","templated":true}]}}