{"id":123,"date":"2016-12-05T12:13:09","date_gmt":"2016-12-05T11:13:09","guid":{"rendered":"http:\/\/aedmus.com\/?page_id=123"},"modified":"2022-09-04T22:37:54","modified_gmt":"2022-09-04T20:37:54","slug":"5eme","status":"publish","type":"page","link":"https:\/\/aedmus.com\/index.php\/5eme\/","title":{"rendered":"5eme"},"content":{"rendered":"\n<p class=\"has-text-align-center\"><strong><a href=\"https:\/\/aedmus.com\/index.php\/5eme\/comment-evoquer-le-bresil-en-musique\/\">Comment \u00e9voquer le Br\u00e9sil en musique ?<\/a><\/strong><\/p>\n\n\n\n<div class=\"wp-block-image\"><figure class=\"aligncenter is-resized\"><a href=\"https:\/\/aedmus.com\/index.php\/5eme\/comment-evoquer-le-bresil-en-musique\/\"><img loading=\"lazy\" decoding=\"async\" src=\"https:\/\/aedmus.com\/wp-content\/uploads\/2016\/12\/Les_constellations_dans_le_drapeau_du_Br\u00e9sil-300x191.png\" alt=\"\" class=\"wp-image-332\" width=\"403\" height=\"256\" srcset=\"https:\/\/aedmus.com\/wp-content\/uploads\/2016\/12\/Les_constellations_dans_le_drapeau_du_Br\u00e9sil-300x191.png 300w, https:\/\/aedmus.com\/wp-content\/uploads\/2016\/12\/Les_constellations_dans_le_drapeau_du_Br\u00e9sil-768x490.png 768w, https:\/\/aedmus.com\/wp-content\/uploads\/2016\/12\/Les_constellations_dans_le_drapeau_du_Br\u00e9sil-370x236.png 370w, https:\/\/aedmus.com\/wp-content\/uploads\/2016\/12\/Les_constellations_dans_le_drapeau_du_Br\u00e9sil.png 987w\" sizes=\"auto, (max-width: 403px) 100vw, 403px\" \/><\/a><\/figure><\/div>\n\n\n\n<p class=\"has-text-align-center\"><strong><a href=\"https:\/\/aedmus.com\/index.php\/5eme\/comment_dialoguer_en_musique\/\">Comment dialoguer en musique ?<\/a><\/strong><\/p>\n\n\n\n<div class=\"wp-block-image\"><figure class=\"aligncenter\"><a href=\"https:\/\/aedmus.com\/index.php\/5eme\/comment_dialoguer_en_musique\/\"><img loading=\"lazy\" decoding=\"async\" width=\"300\" height=\"209\" src=\"https:\/\/aedmus.com\/wp-content\/uploads\/2016\/12\/dialogue_en_musique-300x209.jpg\" alt=\"\" class=\"wp-image-334\" srcset=\"https:\/\/aedmus.com\/wp-content\/uploads\/2016\/12\/dialogue_en_musique-300x209.jpg 300w, https:\/\/aedmus.com\/wp-content\/uploads\/2016\/12\/dialogue_en_musique-370x258.jpg 370w, https:\/\/aedmus.com\/wp-content\/uploads\/2016\/12\/dialogue_en_musique.jpg 472w\" sizes=\"auto, (max-width: 300px) 100vw, 300px\" \/><\/a><\/figure><\/div>\n\n\n\n<p class=\"has-text-align-center\"><strong><a href=\"https:\/\/aedmus.com\/index.php\/5eme\/comment-raconter-une-histoire-en-musique\/\">Comment raconter une histoire en musique ?<\/a><\/strong><\/p>\n\n\n\n<div class=\"wp-block-image\"><figure class=\"aligncenter\"><a href=\"https:\/\/aedmus.com\/index.php\/5eme\/comment-raconter-une-histoire-en-musique\/\"><img loading=\"lazy\" decoding=\"async\" width=\"300\" height=\"268\" src=\"https:\/\/aedmus.com\/wp-content\/uploads\/2016\/12\/chapeau_magic-300x268.png\" alt=\"\" class=\"wp-image-336\" srcset=\"https:\/\/aedmus.com\/wp-content\/uploads\/2016\/12\/chapeau_magic-300x268.png 300w, https:\/\/aedmus.com\/wp-content\/uploads\/2016\/12\/chapeau_magic-768x686.png 768w, https:\/\/aedmus.com\/wp-content\/uploads\/2016\/12\/chapeau_magic-370x331.png 370w, https:\/\/aedmus.com\/wp-content\/uploads\/2016\/12\/chapeau_magic.png 806w\" sizes=\"auto, (max-width: 300px) 100vw, 300px\" \/><\/a><\/figure><\/div>\n\n\n\n<p class=\"has-text-align-center\"><strong><a href=\"https:\/\/aedmus.com\/index.php\/5eme\/comment-evoquer-faire-reference-ou-rencontrer-lailleurs-en-musique\/\">Comment evoquer, faire r\u00e9f\u00e9rence, rencontrer l&rsquo;ailleurs en musique ?<\/a><\/strong><\/p>\n\n\n\n<div class=\"wp-block-image\"><figure class=\"aligncenter\"><a href=\"https:\/\/aedmus.com\/index.php\/5eme\/comment-evoquer-faire-reference-ou-rencontrer-lailleurs-en-musique\/\"><img loading=\"lazy\" decoding=\"async\" width=\"300\" height=\"226\" src=\"https:\/\/aedmus.com\/wp-content\/uploads\/2018\/06\/bacchanale-szusanna-300x226.jpg\" alt=\"\" class=\"wp-image-636\" srcset=\"https:\/\/aedmus.com\/wp-content\/uploads\/2018\/06\/bacchanale-szusanna-300x226.jpg 300w, https:\/\/aedmus.com\/wp-content\/uploads\/2018\/06\/bacchanale-szusanna-370x278.jpg 370w, https:\/\/aedmus.com\/wp-content\/uploads\/2018\/06\/bacchanale-szusanna.jpg 743w\" sizes=\"auto, (max-width: 300px) 100vw, 300px\" \/><\/a><\/figure><\/div>\n\n\n\n<p class=\"has-text-align-center\"><strong><a href=\"https:\/\/aedmus.com\/?page_id=247&amp;preview=true\">Quand on superpose plusieurs sons, c&rsquo;est joli ?<\/a><\/strong><\/p>\n","protected":false},"excerpt":{"rendered":"<p>Comment \u00e9voquer le Br\u00e9sil en musique ? Comment dialoguer en musique ? Comment raconter une histoire en musique ? Comment evoquer, faire r\u00e9f\u00e9rence, rencontrer l&rsquo;ailleurs en musique ? Quand on superpose plusieurs sons, c&rsquo;est joli ?<\/p>\n","protected":false},"author":1,"featured_media":0,"parent":0,"menu_order":2,"comment_status":"closed","ping_status":"closed","template":"template-fullwidth.php","meta":{"footnotes":""},"class_list":["post-123","page","type-page","status-publish","hentry"],"_links":{"self":[{"href":"https:\/\/aedmus.com\/index.php\/wp-json\/wp\/v2\/pages\/123","targetHints":{"allow":["GET"]}}],"collection":[{"href":"https:\/\/aedmus.com\/index.php\/wp-json\/wp\/v2\/pages"}],"about":[{"href":"https:\/\/aedmus.com\/index.php\/wp-json\/wp\/v2\/types\/page"}],"author":[{"embeddable":true,"href":"https:\/\/aedmus.com\/index.php\/wp-json\/wp\/v2\/users\/1"}],"replies":[{"embeddable":true,"href":"https:\/\/aedmus.com\/index.php\/wp-json\/wp\/v2\/comments?post=123"}],"version-history":[{"count":20,"href":"https:\/\/aedmus.com\/index.php\/wp-json\/wp\/v2\/pages\/123\/revisions"}],"predecessor-version":[{"id":1271,"href":"https:\/\/aedmus.com\/index.php\/wp-json\/wp\/v2\/pages\/123\/revisions\/1271"}],"wp:attachment":[{"href":"https:\/\/aedmus.com\/index.php\/wp-json\/wp\/v2\/media?parent=123"}],"curies":[{"name":"wp","href":"https:\/\/api.w.org\/{rel}","templated":true}]}}